{"id":728812,"date":"2025-08-27T20:45:26","date_gmt":"2025-08-27T17:45:26","guid":{"rendered":"https:\/\/roveyayinevi.com.tr\/index.php\/urun\/savasta-liderlik\/"},"modified":"2026-04-16T02:36:38","modified_gmt":"2026-04-15T23:36:38","slug":"savasta-liderlik","status":"publish","type":"product","link":"https:\/\/roveyayinevi.com.tr\/index.php\/urun\/savasta-liderlik\/","title":{"rendered":"Sava\u015fta Liderlik"},"content":{"rendered":"<p>TAR\u0130HE Y\u00d6N VEREN \u0130S\u0130MLER\u0130N YA\u015eAMINDAN S\u00dcZ\u00dcLENGE\u00c7M\u0130\u015eTEN G\u00dcN\u00dcM\u00dcZE L\u0130DERL\u0130K DERSLER\u0130:\u201cTEK B\u0130R K\u0130\u015e\u0130 Y\u00dcZLERCE K\u0130\u015e\u0130YE NASIL L\u0130DERL\u0130K EDEB\u0130L\u0130R?\u201d Churchill ve Napoleon gibi \u00f6d\u00fcll\u00fc kitaplar\u0131n yazar\u0131 Andrew Roberts\u2019tan tarihin en kanl\u0131 sava\u015flar\u0131nda liderlik eden, g\u00fc\u00e7l\u00fc ve zay\u0131f yanlar\u0131yla insanl\u0131k tarihine y\u00f6n verenlerin kar\u015f\u0131la\u015ft\u0131rmal\u0131 olarak incelendi\u011fi yepyeni bir \u00e7al\u0131\u015fma: Sava\u015fta Liderlik. Okuru Frans\u0131z \u0130htilali\u2019nin co\u015fkulu karma\u015fas\u0131ndan So\u011fuk Sava\u015f\u2019\u0131n gergin atmosferine ta\u015f\u0131yan Roberts, modern tarihin ana fig\u00fcrlerinden olan Napol\u00e9on Bonaparte, Horatio Nelson, Winston Churchill, Adolf Hitler, Joseph Stalin, George C. Marshall, Charles de Gaulle, Dwight D. Eisenhower ve Margaret Thatcher\u2019\u0131 objektif bir \u015fekilde ele al\u0131p derinlemesine analiz ediyor. Peki, sava\u015fta liderlik becerisi her birinde farkl\u0131 \u015fekilde mi v\u00fccut bulmu\u015ftu, yoksa onlar\u0131n zaman\u0131 ve mek\u00e2n\u0131 a\u015f\u0131p kendilerinden sonraki liderlere sirayet eden ve \u00e7at\u0131\u015fman\u0131n do\u011fas\u0131yla do\u011frudan ba\u011flant\u0131l\u0131 olan bir dizi ortak \u00f6zellikleri, vas\u0131flar\u0131 ve teknikleri mi vard\u0131? Detayl\u0131 ara\u015ft\u0131rmalar\u0131n ve titiz bir yazma s\u00fcrecinin sonucunda ortaya \u00e7\u0131kan Sava\u015fta Liderlik, sava\u015fa farkl\u0131 taktiklerle ve silahlarla ancak benzer bir ba\u015farma gayesiyle yakla\u015fan dokuz liderin portresini yeni bir bak\u0131\u015f a\u00e7\u0131s\u0131yla \u00e7iziyor. \u0130lham verici olduklar\u0131 kadar uyarma amac\u0131 da g\u00fcden bu tasvirler \u00e7at\u0131\u015fma, huzursuzluk ve uyumsuzluk zamanlar\u0131 i\u00e7in liderlik konusunda hayati dersler sunuyor. Roberts, kendine \u00f6zg\u00fc co\u015fkulu \u00fcslubu ve keskin g\u00f6zlem yetene\u011fiyle kaleme ald\u0131\u011f\u0131 bu \u00e7al\u0131\u015fmada en parlak liderlerin bile ba\u015far\u0131s\u0131z olmas\u0131na yol a\u00e7abilecek ki\u015fisel \u00f6zellikleri ve liderleri zafere ula\u015ft\u0131rabilecek vas\u0131flar\u0131 ortaya \u00e7\u0131kar\u0131yor.<\/p>\n","protected":false},"excerpt":{"rendered":"<p>TAR\u0130HE Y\u00d6N VEREN \u0130S\u0130MLER\u0130N YA\u015eAMINDAN S\u00dcZ\u00dcLENGE\u00c7M\u0130\u015eTEN G\u00dcN\u00dcM\u00dcZE L\u0130DERL\u0130K DERSLER\u0130:\u201cTEK B\u0130R K\u0130\u015e\u0130 Y\u00dcZLERCE K\u0130\u015e\u0130YE NASIL L\u0130DERL\u0130K EDEB\u0130L\u0130R?\u201d Churchill ve Napoleon gibi \u00f6d\u00fcll\u00fc kitaplar\u0131n yazar\u0131 Andrew Roberts\u2019tan tarihin<span class=\"excerpt-hellip\"> [\u2026]<\/span><\/p>\n","protected":false},"featured_media":0,"template":"","meta":{"_monsterinsights_skip_tracking":false,"_monsterinsights_sitenote_active":false,"_monsterinsights_sitenote_note":"","_monsterinsights_sitenote_category":0},"product_brand":[],"product_cat":[12305,12304],"product_tag":[],"class_list":{"0":"post-728812","1":"product","2":"type-product","3":"status-publish","5":"product_cat-dunya-tarihi","6":"product_cat-tarih","7":"pa_cilt-ciltsiz","8":"pa_tur-kitap","9":"pa_yayinevi-kronik-kitap","10":"pa_yazar-andrew-roberts","12":"first","13":"instock","14":"sale","15":"shipping-taxable","16":"purchasable","17":"product-type-simple"},"_links":{"self":[{"href":"https:\/\/roveyayinevi.com.tr\/index.php\/wp-json\/wp\/v2\/product\/728812","targetHints":{"allow":["GET"]}}],"collection":[{"href":"https:\/\/roveyayinevi.com.tr\/index.php\/wp-json\/wp\/v2\/product"}],"about":[{"href":"https:\/\/roveyayinevi.com.tr\/index.php\/wp-json\/wp\/v2\/types\/product"}],"wp:attachment":[{"href":"https:\/\/roveyayinevi.com.tr\/index.php\/wp-json\/wp\/v2\/media?parent=728812"}],"wp:term":[{"taxonomy":"product_brand","embeddable":true,"href":"https:\/\/roveyayinevi.com.tr\/index.php\/wp-json\/wp\/v2\/product_brand?post=728812"},{"taxonomy":"product_cat","embeddable":true,"href":"https:\/\/roveyayinevi.com.tr\/index.php\/wp-json\/wp\/v2\/product_cat?post=728812"},{"taxonomy":"product_tag","embeddable":true,"href":"https:\/\/roveyayinevi.com.tr\/index.php\/wp-json\/wp\/v2\/product_tag?post=728812"}],"curies":[{"name":"wp","href":"https:\/\/api.w.org\/{rel}","templated":true}]}}