{"id":728809,"date":"2025-08-27T20:45:24","date_gmt":"2025-08-27T17:45:24","guid":{"rendered":"https:\/\/roveyayinevi.com.tr\/index.php\/urun\/osmanli-ilmiyesi-ciltli\/"},"modified":"2026-04-16T02:36:38","modified_gmt":"2026-04-15T23:36:38","slug":"osmanli-ilmiyesi-ciltli","status":"publish","type":"product","link":"https:\/\/roveyayinevi.com.tr\/index.php\/urun\/osmanli-ilmiyesi-ciltli\/","title":{"rendered":"Osmanl\u0131 \u0130lmiyesi (Ciltli)"},"content":{"rendered":"<p>\u201cOsmanl\u0131 ulemas\u0131n\u0131 Osmanl\u0131 Devleti\u2019nin yap\u0131s\u0131n\u0131 ve temel karakterini dikkate almadan tan\u0131mak ve anlamak m\u00fcmk\u00fcn de\u011fildir.\u201d Mehmet \u0130p\u015firli   \u00dclkemizde tarih biliminin \u00f6nde gelen isimlerinden olan Prof. Dr. Mehmet \u0130p\u015firli\u2019nin haz\u0131rlam\u0131\u015f oldu\u011fu elinizdeki bu eser y\u0131llar\u0131n birikimine dayanan ara\u015ft\u0131rmalar\u0131n bir semeresidir. Osmanl\u0131 \u0130lmiyesi, Osmanl\u0131 d\u00fcnyas\u0131nda, e\u011fitim, hukuk, fetv\u00e2, diyanet ve b\u00fcrokraside sorumluluk \u00fcstlenen ya da resmi g\u00f6rev almadan kendisini toplum hizmetine adayan ilim erbab\u0131 olan uleman\u0131n yerini ve i\u015flevini ortaya koyuyor. Osmanl\u0131 ilmiyesine derinlikli bir bak\u0131\u015f sunan bu kitap iki k\u0131s\u0131mdan olu\u015fmaktad\u0131r. Osmanl\u0131 ulemas\u0131 ile ilgili ilk k\u0131s\u0131m, \u015feyh\u00fclislaml\u0131k, kazaskerlik, \u0130stanbul kad\u0131l\u0131\u011f\u0131 gibi ilmiye mensuplar\u0131n\u0131n yetki ve sorumluluk sahibi oldu\u011fu ba\u015fl\u0131ca kurumlar\u0131n yap\u0131s\u0131 ve i\u015fleyi\u015fini ele almaktad\u0131r. Sonras\u0131nda Osmanl\u0131\u2019n\u0131n klasik \u00e7a\u011f\u0131ndaki sultanlar\u0131n her birinin d\u00f6nemlerinde uleman\u0131n konumu, i\u015flevi ve ilim hayat\u0131 konu edilmektedir. Ayr\u0131ca \u0131slahat ve reform \u00e7a\u011f\u0131n\u0131n iki \u00f6nemli sultan\u0131 III. Selim ve II. Mahmud d\u00f6nemlerinde uleman\u0131n rolleri irdelenmektedir. Osmanl\u0131 medresesi \u00fczerine genel bir de\u011ferlendirme ile ba\u015flayan ikinci k\u0131s\u0131mda ise medrese, Enderun, huzur dersleri ve ilmi muhitler \u00fczerine makaleler yer almakta ve g\u00fcn\u00fcm\u00fczdeki ilmiye \u00e7al\u0131\u015fmalar\u0131n\u0131n bir analizi yap\u0131lmaktad\u0131r.  Osmanl\u0131 \u0130lmiyesi, hem meslekten tarih\u00e7iler hem de tarih merakl\u0131lar\u0131 i\u00e7in bir ba\u015fucu eseri. <\/p>\n","protected":false},"excerpt":{"rendered":"<p>\u201cOsmanl\u0131 ulemas\u0131n\u0131 Osmanl\u0131 Devleti\u2019nin yap\u0131s\u0131n\u0131 ve temel karakterini dikkate almadan tan\u0131mak ve anlamak m\u00fcmk\u00fcn de\u011fildir.\u201d Mehmet \u0130p\u015firli \u00dclkemizde tarih biliminin \u00f6nde gelen isimlerinden olan Prof. Dr.<span class=\"excerpt-hellip\"> [\u2026]<\/span><\/p>\n","protected":false},"featured_media":0,"template":"","meta":{"_monsterinsights_skip_tracking":false,"_monsterinsights_sitenote_active":false,"_monsterinsights_sitenote_note":"","_monsterinsights_sitenote_category":0},"product_brand":[],"product_cat":[13517,12304],"product_tag":[],"class_list":{"0":"post-728809","1":"product","2":"type-product","3":"status-publish","5":"product_cat-osmanli-tarihi","6":"product_cat-tarih","7":"pa_cilt-ciltsiz","8":"pa_tur-kitap","9":"pa_yayinevi-kronik-kitap","10":"pa_yazar-mehmet-ipsirli","12":"first","13":"instock","14":"sale","15":"shipping-taxable","16":"purchasable","17":"product-type-simple"},"_links":{"self":[{"href":"https:\/\/roveyayinevi.com.tr\/index.php\/wp-json\/wp\/v2\/product\/728809","targetHints":{"allow":["GET"]}}],"collection":[{"href":"https:\/\/roveyayinevi.com.tr\/index.php\/wp-json\/wp\/v2\/product"}],"about":[{"href":"https:\/\/roveyayinevi.com.tr\/index.php\/wp-json\/wp\/v2\/types\/product"}],"wp:attachment":[{"href":"https:\/\/roveyayinevi.com.tr\/index.php\/wp-json\/wp\/v2\/media?parent=728809"}],"wp:term":[{"taxonomy":"product_brand","embeddable":true,"href":"https:\/\/roveyayinevi.com.tr\/index.php\/wp-json\/wp\/v2\/product_brand?post=728809"},{"taxonomy":"product_cat","embeddable":true,"href":"https:\/\/roveyayinevi.com.tr\/index.php\/wp-json\/wp\/v2\/product_cat?post=728809"},{"taxonomy":"product_tag","embeddable":true,"href":"https:\/\/roveyayinevi.com.tr\/index.php\/wp-json\/wp\/v2\/product_tag?post=728809"}],"curies":[{"name":"wp","href":"https:\/\/api.w.org\/{rel}","templated":true}]}}