{"id":728807,"date":"2025-08-27T20:45:23","date_gmt":"2025-08-27T17:45:23","guid":{"rendered":"https:\/\/roveyayinevi.com.tr\/index.php\/urun\/modern-meram\/"},"modified":"2026-04-16T02:36:38","modified_gmt":"2026-04-15T23:36:38","slug":"modern-meram","status":"publish","type":"product","link":"https:\/\/roveyayinevi.com.tr\/index.php\/urun\/modern-meram\/","title":{"rendered":"Modern Meram"},"content":{"rendered":"<p>Bug\u00fcne kadar a\u011f\u0131rl\u0131k, daha \u00e7ok derinlerde dola\u015fan de\u015fifre edici \u00e7al\u0131\u015fmalarda ve mitlere yaslanan simgesel ara\u015ft\u0131rmalarda oldu. Ne yaz\u0131k ki bunlar, modernist romanlar\u0131 genelde oldu\u011fundan \u201cb\u00fcy\u00fck\u201d g\u00f6sterirken yazarlar\u0131n\u0131 da bir nevi peygamber mertebesine ta\u015f\u0131d\u0131. \u0130lgin\u00e7tir, teorik olarak modernizmin kar\u015f\u0131s\u0131nda duran postmodernizm dahi, olumlayarak olmasa bile bu a\u015f\u0131r\u0131l\u0131\u011fa katk\u0131 sundu. Mevcut durumda sorulabilecek soru \u015fu: Bu saatten sonra s\u00f6z konusu romanlara daha \u00fcstten, daha genel bir bak\u0131\u015fla yakla\u015fabilmek m\u00fcmk\u00fcn m\u00fc?   Ersan \u00dcldes\u2019in edebiyat tarihinde farkl\u0131 bir kap\u0131 aralayan \u201cb\u00fcy\u00fck\u201d romanlara alternatif bir ele\u015ftiri getirdi\u011fi bu kitap, hem okur hem de edebiyat ad\u0131na bir \u00f6zg\u00fcrle\u015fme hareketi olarak tan\u0131mlanabilir: Herkesi t\u00fcm \u201cizm\u201dlerden kurtar\u0131p eserlere atfedilen ulvi de\u011ferleri bir kenara b\u0131rakma ve onlar\u0131 yeniden birer \u201croman\u201d olarak g\u00f6rme gayreti.   Marcel Proust\u2019tan Thomas Mann\u2019a, William Faulkner\u2019dan Hermann Broch\u2019a, Robert Musil\u2019den Virginia Woolf\u2019e pek \u00e7ok tan\u0131nm\u0131\u015f isim bu \u00e7abadan pay\u0131n\u0131 al\u0131rken, \u00fczerlerine ili\u015ftirilmi\u015f s\u0131fatlarla birlikte \u00f6n\u00fcm\u00fcze gelen eserler hakk\u0131nda farkl\u0131 sorular sorabilme cesareti kazan\u0131yoruz. \u00d6rnekse, bir sabah devasa bir hamamb\u00f6ce\u011fine d\u00f6n\u00fc\u015fm\u00fc\u015f h\u00e2lde uyanan Gregor Samsa m\u0131d\u0131r ger\u00e7ekten? Peki, James Joyce Ulysses\u2019i yazmaya ba\u015flad\u0131\u011f\u0131 masaya \u201cb\u00fcy\u00fck\u201d bir roman kurgulamak \u00fczere mi kurulmu\u015ftur? Modern edebiyat\u0131n \u00f6nc\u00fclerinden say\u0131lan Thomas Mann, ger\u00e7ekten bir modernist midir?   Yukar\u0131dakilere benzer onlarca meseleyi sorgulayan bu kitap aslen \u015funu anlamaya \u00e7al\u0131\u015f\u0131yor: Dayat\u0131lan t\u00fcm kal\u0131plar\u0131n d\u0131\u015f\u0131na \u00e7\u0131karak \u201cb\u00fcy\u00fck\u201d romanlar\u0131 ba\u015fka bir g\u00f6zle okuyup irdelemeye haz\u0131r m\u0131y\u0131z?   G\u00f6rece\u011fiz&#8230; <\/p>\n","protected":false},"excerpt":{"rendered":"<p>Bug\u00fcne kadar a\u011f\u0131rl\u0131k, daha \u00e7ok derinlerde dola\u015fan de\u015fifre edici \u00e7al\u0131\u015fmalarda ve mitlere yaslanan simgesel ara\u015ft\u0131rmalarda oldu. Ne yaz\u0131k ki bunlar, modernist romanlar\u0131 genelde oldu\u011fundan \u201cb\u00fcy\u00fck\u201d g\u00f6sterirken<span class=\"excerpt-hellip\"> [\u2026]<\/span><\/p>\n","protected":false},"featured_media":0,"template":"","meta":{"_monsterinsights_skip_tracking":false,"_monsterinsights_sitenote_active":false,"_monsterinsights_sitenote_note":"","_monsterinsights_sitenote_category":0},"product_brand":[],"product_cat":[12291,12711],"product_tag":[],"class_list":{"0":"post-728807","1":"product","2":"type-product","3":"status-publish","5":"product_cat-edebiyat","6":"product_cat-roman-oyku","7":"pa_cilt-ciltsiz","8":"pa_tur-kitap","9":"pa_yayinevi-kafka-yayinevi","10":"pa_yazar-ersan-uldes","12":"first","13":"instock","14":"sale","15":"shipping-taxable","16":"purchasable","17":"product-type-simple"},"_links":{"self":[{"href":"https:\/\/roveyayinevi.com.tr\/index.php\/wp-json\/wp\/v2\/product\/728807","targetHints":{"allow":["GET"]}}],"collection":[{"href":"https:\/\/roveyayinevi.com.tr\/index.php\/wp-json\/wp\/v2\/product"}],"about":[{"href":"https:\/\/roveyayinevi.com.tr\/index.php\/wp-json\/wp\/v2\/types\/product"}],"wp:attachment":[{"href":"https:\/\/roveyayinevi.com.tr\/index.php\/wp-json\/wp\/v2\/media?parent=728807"}],"wp:term":[{"taxonomy":"product_brand","embeddable":true,"href":"https:\/\/roveyayinevi.com.tr\/index.php\/wp-json\/wp\/v2\/product_brand?post=728807"},{"taxonomy":"product_cat","embeddable":true,"href":"https:\/\/roveyayinevi.com.tr\/index.php\/wp-json\/wp\/v2\/product_cat?post=728807"},{"taxonomy":"product_tag","embeddable":true,"href":"https:\/\/roveyayinevi.com.tr\/index.php\/wp-json\/wp\/v2\/product_tag?post=728807"}],"curies":[{"name":"wp","href":"https:\/\/api.w.org\/{rel}","templated":true}]}}