{"id":728803,"date":"2025-08-27T20:45:18","date_gmt":"2025-08-27T17:45:18","guid":{"rendered":"https:\/\/roveyayinevi.com.tr\/index.php\/urun\/senin-secimin-senin-uzayin\/"},"modified":"2026-04-16T02:36:38","modified_gmt":"2026-04-15T23:36:38","slug":"senin-secimin-senin-uzayin","status":"publish","type":"product","link":"https:\/\/roveyayinevi.com.tr\/index.php\/urun\/senin-secimin-senin-uzayin\/","title":{"rendered":"Senin Se\u00e7imin Senin Uzay\u0131n"},"content":{"rendered":"<p>\u00dcNYADA B\u0130R M\u0130LYONDAN FAZLA SATAN SEN\u0130N SE\u00c7\u0130M\u0130N SER\u0130S\u0130V\u0131nnn diye uzaya \u0131\u015f\u0131nlan\u0131p bir maceraya at\u0131l.Sonra neler olaca\u011f\u0131 tamamen SEN\u0130N SE\u00c7\u0130M\u0130N&#8230;En \u00e7ok hangi uzayl\u0131yla arkada\u015f olmak isterdin?Peki, \u00f6\u011fle yeme\u011finde hangi a\u015f\u0131r\u0131 tuhaf yeme\u011fi hap\u0131r hupur yiyeceksin?Bu b\u00fcy\u00fcl\u00fc hik\u00e2yede olas\u0131l\u0131klar uzay kadar sonsuz!Pippa Goodhart\u2019\u0131n (kendisi Laura Owen mahlas\u0131yla Sakar Cad\u0131 Vini serisinin de yazar\u0131) d\u00fcnyada 1 milyondan fazla satan Senin Se\u00e7imin serisi, 3-7 ya\u015f aras\u0131 \u00e7ocuklara kendi \u00f6yk\u00fclerini uydurmalar\u0131n\u0131 sa\u011flayacak bir alet \u00e7antas\u0131 sunuyor. \u0130\u00e7indeki y\u00fczlerce g\u00f6rsel ve y\u00f6nlendiren ama k\u0131s\u0131tlamayan basit sorular sayesinde \u00e7ocuklar her a\u00e7t\u0131\u011f\u0131nda yepyeni masallar, maceralar, hik\u00e2yeler hayal ediyorlar.\u201cKonu\u015fmay\u0131 ve dinlemeyi geli\u015ftirmek i\u00e7in harika.\u201d Times E\u011fitim Eki\u201c\u00c7ocuklar\u0131 hayal etmeye, d\u00fc\u015f\u00fcnmeye ve kendi hik\u00e2yelerini yaratmaya itiyor.\u201d Booktrust<\/p>\n","protected":false},"excerpt":{"rendered":"<p>\u00dcNYADA B\u0130R M\u0130LYONDAN FAZLA SATAN SEN\u0130N SE\u00c7\u0130M\u0130N SER\u0130S\u0130V\u0131nnn diye uzaya \u0131\u015f\u0131nlan\u0131p bir maceraya at\u0131l.Sonra neler olaca\u011f\u0131 tamamen SEN\u0130N SE\u00c7\u0130M\u0130N&#8230;En \u00e7ok hangi uzayl\u0131yla arkada\u015f olmak isterdin?Peki, \u00f6\u011fle<span class=\"excerpt-hellip\"> [\u2026]<\/span><\/p>\n","protected":false},"featured_media":0,"template":"","meta":{"_monsterinsights_skip_tracking":false,"_monsterinsights_sitenote_active":false,"_monsterinsights_sitenote_note":"","_monsterinsights_sitenote_category":0},"product_brand":[],"product_cat":[12274,12518],"product_tag":[],"class_list":{"0":"post-728803","1":"product","2":"type-product","3":"status-publish","5":"product_cat-cocuk-ve-genclik-kitaplari","6":"product_cat-okul-oncesi-kitaplar","7":"pa_cilt-ciltsiz","8":"pa_tur-kitap","9":"pa_yayinevi-domingo-yayinevi","10":"pa_yazar-pippa-goodhart","12":"first","13":"instock","14":"sale","15":"shipping-taxable","16":"purchasable","17":"product-type-simple"},"_links":{"self":[{"href":"https:\/\/roveyayinevi.com.tr\/index.php\/wp-json\/wp\/v2\/product\/728803","targetHints":{"allow":["GET"]}}],"collection":[{"href":"https:\/\/roveyayinevi.com.tr\/index.php\/wp-json\/wp\/v2\/product"}],"about":[{"href":"https:\/\/roveyayinevi.com.tr\/index.php\/wp-json\/wp\/v2\/types\/product"}],"wp:attachment":[{"href":"https:\/\/roveyayinevi.com.tr\/index.php\/wp-json\/wp\/v2\/media?parent=728803"}],"wp:term":[{"taxonomy":"product_brand","embeddable":true,"href":"https:\/\/roveyayinevi.com.tr\/index.php\/wp-json\/wp\/v2\/product_brand?post=728803"},{"taxonomy":"product_cat","embeddable":true,"href":"https:\/\/roveyayinevi.com.tr\/index.php\/wp-json\/wp\/v2\/product_cat?post=728803"},{"taxonomy":"product_tag","embeddable":true,"href":"https:\/\/roveyayinevi.com.tr\/index.php\/wp-json\/wp\/v2\/product_tag?post=728803"}],"curies":[{"name":"wp","href":"https:\/\/api.w.org\/{rel}","templated":true}]}}