{"id":728802,"date":"2025-08-27T20:45:17","date_gmt":"2025-08-27T17:45:17","guid":{"rendered":"https:\/\/roveyayinevi.com.tr\/index.php\/urun\/senin-secimin-senin-masalin\/"},"modified":"2026-04-16T02:36:38","modified_gmt":"2026-04-15T23:36:38","slug":"senin-secimin-senin-masalin","status":"publish","type":"product","link":"https:\/\/roveyayinevi.com.tr\/index.php\/urun\/senin-secimin-senin-masalin\/","title":{"rendered":"Senin Se\u00e7imin Senin Masal\u0131n"},"content":{"rendered":"<p>D\u00dcNYADA B\u0130R M\u0130LYONDAN FAZLA SATAN SEN\u0130N SE\u00c7\u0130M\u0130N SER\u0130S\u0130Kendi masal\u0131na, kendi \u201cbir varm\u0131\u015f bir yokmu\u015f\u201d macerana ho\u015f geldin.Bu kitapta her \u015fey SEN\u0130N SE\u00c7\u0130M\u0130N&#8230;G\u00f6zde masal kahramanlar\u0131ndan hangisi olmay\u0131 se\u00e7eceksin? Peki kendi kurdu\u011fun bu d\u00fcnyada, huysuz kral\u0131n saray\u0131na m\u0131, yedi denizlere mi yoksa karanl\u0131k ormana m\u0131 gideceksin?Haydi o zaman! Bu b\u00fcy\u00fcl\u00fc kitapla, kald\u0131r hayal g\u00fcc\u00fcn\u00fc dansa!Pippa Goodhart\u2019\u0131n (kendisi Laura Owen mahlas\u0131yla Sakar Cad\u0131 Vini serisinin de yazar\u0131) d\u00fcnyada 1 milyondan fazla satan Senin Se\u00e7imin serisi, 3-7 ya\u015f aras\u0131 \u00e7ocuklara kendi \u00f6yk\u00fclerini uydurmalar\u0131n\u0131 sa\u011flayacak bir alet \u00e7antas\u0131 sunuyor. \u0130\u00e7indeki y\u00fczlerce g\u00f6rsel ve y\u00f6nlendiren ama k\u0131s\u0131tlamayan basit sorular sayesinde \u00e7ocuklar her a\u00e7t\u0131\u011f\u0131nda yepyeni masallar, maceralar, hik\u00e2yeler hayal ediyorlar.\u201cKonu\u015fmay\u0131 ve dinlemeyi geli\u015ftirmek i\u00e7in harika.\u201d Times E\u011fitim Eki\u201c\u00c7ocuklar\u0131 hayal etmeye, d\u00fc\u015f\u00fcnmeye ve kendi hik\u00e2yelerini yaratmaya itiyor.\u201d BookTrust<\/p>\n","protected":false},"excerpt":{"rendered":"<p>D\u00dcNYADA B\u0130R M\u0130LYONDAN FAZLA SATAN SEN\u0130N SE\u00c7\u0130M\u0130N SER\u0130S\u0130Kendi masal\u0131na, kendi \u201cbir varm\u0131\u015f bir yokmu\u015f\u201d macerana ho\u015f geldin.Bu kitapta her \u015fey SEN\u0130N SE\u00c7\u0130M\u0130N&#8230;G\u00f6zde masal kahramanlar\u0131ndan hangisi olmay\u0131<span class=\"excerpt-hellip\"> [\u2026]<\/span><\/p>\n","protected":false},"featured_media":0,"template":"","meta":{"_monsterinsights_skip_tracking":false,"_monsterinsights_sitenote_active":false,"_monsterinsights_sitenote_note":"","_monsterinsights_sitenote_category":0},"product_brand":[],"product_cat":[12274,12518],"product_tag":[],"class_list":{"0":"post-728802","1":"product","2":"type-product","3":"status-publish","5":"product_cat-cocuk-ve-genclik-kitaplari","6":"product_cat-okul-oncesi-kitaplar","7":"pa_cilt-ciltsiz","8":"pa_tur-kitap","9":"pa_yayinevi-domingo-yayinevi","10":"pa_yazar-pippa-goodhart","12":"first","13":"instock","14":"sale","15":"shipping-taxable","16":"purchasable","17":"product-type-simple"},"_links":{"self":[{"href":"https:\/\/roveyayinevi.com.tr\/index.php\/wp-json\/wp\/v2\/product\/728802","targetHints":{"allow":["GET"]}}],"collection":[{"href":"https:\/\/roveyayinevi.com.tr\/index.php\/wp-json\/wp\/v2\/product"}],"about":[{"href":"https:\/\/roveyayinevi.com.tr\/index.php\/wp-json\/wp\/v2\/types\/product"}],"wp:attachment":[{"href":"https:\/\/roveyayinevi.com.tr\/index.php\/wp-json\/wp\/v2\/media?parent=728802"}],"wp:term":[{"taxonomy":"product_brand","embeddable":true,"href":"https:\/\/roveyayinevi.com.tr\/index.php\/wp-json\/wp\/v2\/product_brand?post=728802"},{"taxonomy":"product_cat","embeddable":true,"href":"https:\/\/roveyayinevi.com.tr\/index.php\/wp-json\/wp\/v2\/product_cat?post=728802"},{"taxonomy":"product_tag","embeddable":true,"href":"https:\/\/roveyayinevi.com.tr\/index.php\/wp-json\/wp\/v2\/product_tag?post=728802"}],"curies":[{"name":"wp","href":"https:\/\/api.w.org\/{rel}","templated":true}]}}