{"id":728800,"date":"2025-08-27T20:45:16","date_gmt":"2025-08-27T17:45:16","guid":{"rendered":"https:\/\/roveyayinevi.com.tr\/index.php\/urun\/solen-satilik-filozoflar-astroloji\/"},"modified":"2026-04-16T02:36:38","modified_gmt":"2026-04-15T23:36:38","slug":"solen-satilik-filozoflar-astroloji","status":"publish","type":"product","link":"https:\/\/roveyayinevi.com.tr\/index.php\/urun\/solen-satilik-filozoflar-astroloji\/","title":{"rendered":"\u015e\u00f6len &#8211; Sat\u0131l\u0131k Filozoflar &#8211; Astroloji"},"content":{"rendered":"<p>MS 125-180 y\u0131llar\u0131 aras\u0131nda ya\u015fam\u0131\u015f olan S\u00fcryani hiciv ustas\u0131 Samsatl\u0131 Loukianos\u2019un derlenen ve Eski Yunanca asl\u0131ndan \u00e7evirisi yap\u0131lan bu \u00fc\u00e7 metni, bize hem onun ne kadar usta bir edebiyat\u00e7\u0131 oldu\u011funu hem de kendi d\u00f6neminin bilimine nas\u0131l bakt\u0131\u011f\u0131n\u0131 g\u00f6sterir. Loukianos, \u015e\u00f6len metninde Platon\u2019un me\u015fhur \u015e\u00f6len\u2019inin bir parodisini bize sunarken Yunan ve Roma d\u00fcnyas\u0131n\u0131 etkisi alt\u0131na alan felsef\u00ee ekolleri de kendine has \u00fcslubuyla ele\u015ftirir. Bu eserde Stoac\u0131l\u0131\u011f\u0131n Epik\u00fcros\u00e7ulukla \u00e7at\u0131\u015fmas\u0131, Kinik felsefenin \u00f6\u011fretileri ve vadetti\u011fi ya\u015fam tarz\u0131 ile Platonculuk e\u011flenceli bir \u015fekilde ta\u015flanmaktad\u0131r.Loukianos, Sat\u0131l\u0131k Filozoflar metninde ise yine Yunan ve Roma d\u00fcnyas\u0131n\u0131 etkisi alt\u0131na alm\u0131\u015f felsef\u00ee ekolleri pazarda satmaktad\u0131r. Komedya form\u00fclleri kullan\u0131larak kaleme al\u0131nan bu eserde yazar, \u00f6nemli felsef\u00ee d\u00fc\u015f\u00fcncelerin temsilcilerini pazarlarken onlar\u0131n zaaflar\u0131n\u0131 ve d\u00fc\u015f\u00fcncelerini alaya al\u0131r. Yazar bu metinde pazarlad\u0131\u011f\u0131 on felsefe okulu \u00f6zelinde k\u0131sa dersler de vermektedir.Astroloji ise yazar\u0131n makale olarak de\u011ferlendirebilece\u011fimiz bilimsel \u00e7al\u0131\u015fmas\u0131d\u0131r. Astroloji ve astronomi, yazar\u0131n kendi d\u00f6neminin \u015fartlar\u0131na g\u00f6re ele al\u0131nm\u0131\u015ft\u0131r. Loukianos, \u00f6zellikle Yunanlar\u0131n gezegenlere ve y\u0131ld\u0131zlara y\u00fckledi\u011fi anlamlar\u0131n alt\u0131nda yatan dini motivasyonu ortaya koymaya \u00e7al\u0131\u015f\u0131r. Astroloji, ayn\u0131 zamanda yazar\u0131n bir ba\u015fka eseri olan Ger\u00e7ek Bir Hikaye\u2019deki uzay maceras\u0131n\u0131n alt\u0131nda yatan mitolojiyi de a\u00e7\u0131\u011fa \u00e7\u0131kar\u0131r.<\/p>\n","protected":false},"excerpt":{"rendered":"<p>MS 125-180 y\u0131llar\u0131 aras\u0131nda ya\u015fam\u0131\u015f olan S\u00fcryani hiciv ustas\u0131 Samsatl\u0131 Loukianos\u2019un derlenen ve Eski Yunanca asl\u0131ndan \u00e7evirisi yap\u0131lan bu \u00fc\u00e7 metni, bize hem onun ne kadar<span class=\"excerpt-hellip\"> [\u2026]<\/span><\/p>\n","protected":false},"featured_media":0,"template":"","meta":{"_monsterinsights_skip_tracking":false,"_monsterinsights_sitenote_active":false,"_monsterinsights_sitenote_note":"","_monsterinsights_sitenote_category":0},"product_brand":[],"product_cat":[12388,15309],"product_tag":[],"class_list":{"0":"post-728800","1":"product","2":"type-product","3":"status-publish","5":"product_cat-felsefe","6":"product_cat-felsefi-akimlar","7":"pa_cilt-ciltsiz","8":"pa_tur-kitap","9":"pa_yayinevi-pinhan-yayincilik","10":"pa_yazar-loukianos","12":"first","13":"instock","14":"sale","15":"shipping-taxable","16":"purchasable","17":"product-type-simple"},"_links":{"self":[{"href":"https:\/\/roveyayinevi.com.tr\/index.php\/wp-json\/wp\/v2\/product\/728800","targetHints":{"allow":["GET"]}}],"collection":[{"href":"https:\/\/roveyayinevi.com.tr\/index.php\/wp-json\/wp\/v2\/product"}],"about":[{"href":"https:\/\/roveyayinevi.com.tr\/index.php\/wp-json\/wp\/v2\/types\/product"}],"wp:attachment":[{"href":"https:\/\/roveyayinevi.com.tr\/index.php\/wp-json\/wp\/v2\/media?parent=728800"}],"wp:term":[{"taxonomy":"product_brand","embeddable":true,"href":"https:\/\/roveyayinevi.com.tr\/index.php\/wp-json\/wp\/v2\/product_brand?post=728800"},{"taxonomy":"product_cat","embeddable":true,"href":"https:\/\/roveyayinevi.com.tr\/index.php\/wp-json\/wp\/v2\/product_cat?post=728800"},{"taxonomy":"product_tag","embeddable":true,"href":"https:\/\/roveyayinevi.com.tr\/index.php\/wp-json\/wp\/v2\/product_tag?post=728800"}],"curies":[{"name":"wp","href":"https:\/\/api.w.org\/{rel}","templated":true}]}}