{"id":728799,"date":"2025-08-27T20:45:15","date_gmt":"2025-08-27T17:45:15","guid":{"rendered":"https:\/\/roveyayinevi.com.tr\/index.php\/urun\/kuran-i-kerim-ve-hadislerden-hikmetli-sozler\/"},"modified":"2026-04-16T02:36:38","modified_gmt":"2026-04-15T23:36:38","slug":"kuran-i-kerim-ve-hadislerden-hikmetli-sozler","status":"publish","type":"product","link":"https:\/\/roveyayinevi.com.tr\/index.php\/urun\/kuran-i-kerim-ve-hadislerden-hikmetli-sozler\/","title":{"rendered":"Kur&#8217;an-\u0131 Kerim ve Hadislerden Hikmetli S\u00f6zler"},"content":{"rendered":"<p>Rabbinin yoluna; onlarla en g\u00fczel y\u00f6ntemle tart\u0131\u015f. Ku\u015fkusuz senin rabbin, yolundan sapanlar\u0131n kim oldu\u011funu en iyi bilendir; O, do\u011fru yolda bulunanlar\u0131 da \u00e7ok iyi bilir.&#8221; (Nahl Suresi 16\/125)&#8221;Hikmetli S\u00f6zler&#8221;, ayet-i kerime ve hadis-i \u015feriflerin hikmetli mesajlar\u0131ndan olu\u015fturulmu\u015ftur.Burada ge\u00e7en hadis-i \u015ferifler; \u00e7o\u011funlukta &#8220;Buhari, M\u00fcslim, K\u00fct\u00fcb-i Sitte, Riyaz\u00fc&#8217;s Salihin ve Hadislerle \u0130slam&#8221; gibi se\u00e7kin kaynaklardan derlenmi\u015ftir.Sizleri; okunduk\u00e7a tefekk\u00fcre sevk edece\u011fini, do\u011fru dini bilgiyle bulu\u015fturaca\u011f\u0131n\u0131, Kur&#8217;an-\u0131 Kerim ve hadis-i \u015feriflerin hikmeti yolunda d\u00fc\u015f\u00fcnce ufkunuzu a\u00e7aca\u011f\u0131n\u0131 d\u00fc\u015f\u00fcnd\u00fc\u011f\u00fcm\u00fcz &#8220;Hikmetli S\u00f6zler&#8221; ile ba\u015f ba\u015fa b\u0131rak\u0131yoruz.<\/p>\n","protected":false},"excerpt":{"rendered":"<p>Rabbinin yoluna; onlarla en g\u00fczel y\u00f6ntemle tart\u0131\u015f. Ku\u015fkusuz senin rabbin, yolundan sapanlar\u0131n kim oldu\u011funu en iyi bilendir; O, do\u011fru yolda bulunanlar\u0131 da \u00e7ok iyi bilir.&#8221; (Nahl<span class=\"excerpt-hellip\"> [\u2026]<\/span><\/p>\n","protected":false},"featured_media":0,"template":"","meta":{"_monsterinsights_skip_tracking":false,"_monsterinsights_sitenote_active":false,"_monsterinsights_sitenote_note":"","_monsterinsights_sitenote_category":0},"product_brand":[],"product_cat":[12718,12719,17284],"product_tag":[],"class_list":{"0":"post-728799","1":"product","2":"type-product","3":"status-publish","5":"product_cat-din","6":"product_cat-islam","7":"product_cat-kuran-ve-kuran-uzerine","8":"pa_cilt-ciltsiz","9":"pa_tur-kitap","10":"pa_yayinevi-cinaralti-yayinlari","11":"pa_yazar-mehmet-mete","13":"first","14":"instock","15":"sale","16":"shipping-taxable","17":"purchasable","18":"product-type-simple"},"_links":{"self":[{"href":"https:\/\/roveyayinevi.com.tr\/index.php\/wp-json\/wp\/v2\/product\/728799","targetHints":{"allow":["GET"]}}],"collection":[{"href":"https:\/\/roveyayinevi.com.tr\/index.php\/wp-json\/wp\/v2\/product"}],"about":[{"href":"https:\/\/roveyayinevi.com.tr\/index.php\/wp-json\/wp\/v2\/types\/product"}],"wp:attachment":[{"href":"https:\/\/roveyayinevi.com.tr\/index.php\/wp-json\/wp\/v2\/media?parent=728799"}],"wp:term":[{"taxonomy":"product_brand","embeddable":true,"href":"https:\/\/roveyayinevi.com.tr\/index.php\/wp-json\/wp\/v2\/product_brand?post=728799"},{"taxonomy":"product_cat","embeddable":true,"href":"https:\/\/roveyayinevi.com.tr\/index.php\/wp-json\/wp\/v2\/product_cat?post=728799"},{"taxonomy":"product_tag","embeddable":true,"href":"https:\/\/roveyayinevi.com.tr\/index.php\/wp-json\/wp\/v2\/product_tag?post=728799"}],"curies":[{"name":"wp","href":"https:\/\/api.w.org\/{rel}","templated":true}]}}