{"id":728797,"date":"2025-08-27T20:45:13","date_gmt":"2025-08-27T17:45:13","guid":{"rendered":"https:\/\/roveyayinevi.com.tr\/index.php\/urun\/miyav-miyav-modaevi-moda-baskentleri\/"},"modified":"2026-04-16T02:36:38","modified_gmt":"2026-04-15T23:36:38","slug":"miyav-miyav-modaevi-moda-baskentleri","status":"publish","type":"product","link":"https:\/\/roveyayinevi.com.tr\/index.php\/urun\/miyav-miyav-modaevi-moda-baskentleri\/","title":{"rendered":"Miyav Miyav Modaevi &#8211; Moda Ba\u015fkentleri"},"content":{"rendered":"<p>Leia, Emma ve Anna her \u015feyi birlikte yapan \u00fc\u00e7 en yak\u0131n arkada\u015f: birlikte son moda k\u0131yafetlerin pe\u015fine d\u00fc\u015f\u00fcyor, seyahat ediyor ve d\u00fcnyan\u0131n en harika moda \u00e7ekimlerini ger\u00e7ekle\u015ftiriyorlar. Onlara kat\u0131l ve sen de M\u0130YAV Modaevi\u2019nin yeni modeli ol. K\u0131zlara en uygun k\u0131yafet ve aksesuarlar\u0131 se\u00e7me konusunda yard\u0131mc\u0131 ol. E\u011fer ihtiyac\u0131n olan ba\u015fka \u015feyler olursa, serinin M\u0130YAVtastik maceralarla dolu di\u011fer kitaplar\u0131ndaki giysiler de k\u0131zlar\u0131n \u00fczerine \u00e7ok yak\u0131\u015facakt\u0131r. M\u0130YAV Modaevi&#8217;nde s\u0131k\u0131lmaya yer yok!<\/p>\n","protected":false},"excerpt":{"rendered":"<p>Leia, Emma ve Anna her \u015feyi birlikte yapan \u00fc\u00e7 en yak\u0131n arkada\u015f: birlikte son moda k\u0131yafetlerin pe\u015fine d\u00fc\u015f\u00fcyor, seyahat ediyor ve d\u00fcnyan\u0131n en harika moda \u00e7ekimlerini<span class=\"excerpt-hellip\"> [\u2026]<\/span><\/p>\n","protected":false},"featured_media":0,"template":"","meta":{"_monsterinsights_skip_tracking":false,"_monsterinsights_sitenote_active":false,"_monsterinsights_sitenote_note":"","_monsterinsights_sitenote_category":0},"product_brand":[],"product_cat":[12913,12274],"product_tag":[],"class_list":{"0":"post-728797","1":"product","2":"type-product","3":"status-publish","5":"product_cat-3-6-yas-kitaplari","6":"product_cat-cocuk-ve-genclik-kitaplari","7":"pa_cilt-ciltsiz","8":"pa_tur-kitap","9":"pa_yayinevi-eksik-parca-yayinlari","10":"pa_yazar-zivile-agurkyte","12":"first","13":"instock","14":"sale","15":"shipping-taxable","16":"purchasable","17":"product-type-simple"},"_links":{"self":[{"href":"https:\/\/roveyayinevi.com.tr\/index.php\/wp-json\/wp\/v2\/product\/728797","targetHints":{"allow":["GET"]}}],"collection":[{"href":"https:\/\/roveyayinevi.com.tr\/index.php\/wp-json\/wp\/v2\/product"}],"about":[{"href":"https:\/\/roveyayinevi.com.tr\/index.php\/wp-json\/wp\/v2\/types\/product"}],"wp:attachment":[{"href":"https:\/\/roveyayinevi.com.tr\/index.php\/wp-json\/wp\/v2\/media?parent=728797"}],"wp:term":[{"taxonomy":"product_brand","embeddable":true,"href":"https:\/\/roveyayinevi.com.tr\/index.php\/wp-json\/wp\/v2\/product_brand?post=728797"},{"taxonomy":"product_cat","embeddable":true,"href":"https:\/\/roveyayinevi.com.tr\/index.php\/wp-json\/wp\/v2\/product_cat?post=728797"},{"taxonomy":"product_tag","embeddable":true,"href":"https:\/\/roveyayinevi.com.tr\/index.php\/wp-json\/wp\/v2\/product_tag?post=728797"}],"curies":[{"name":"wp","href":"https:\/\/api.w.org\/{rel}","templated":true}]}}