{"id":728795,"date":"2025-08-27T20:45:11","date_gmt":"2025-08-27T17:45:11","guid":{"rendered":"https:\/\/roveyayinevi.com.tr\/index.php\/urun\/siirler-ataol-behramoglu-seckisi\/"},"modified":"2026-04-16T02:36:38","modified_gmt":"2026-04-15T23:36:38","slug":"siirler-ataol-behramoglu-seckisi","status":"publish","type":"product","link":"https:\/\/roveyayinevi.com.tr\/index.php\/urun\/siirler-ataol-behramoglu-seckisi\/","title":{"rendered":"\u015eiirler (Ataol Behramo\u011flu Se\u00e7kisi)"},"content":{"rendered":"<p>Orhan Veli\u2019nin de ya\u015fam\u0131 s\u00fcr\u00fcyor olsa \u015fiiri nas\u0131l y\u00f6neli\u015fler i\u00e7inde olurdu, kestirebilmek kolay de\u011fil. Fakat 1949\u2019da yay\u0131mlanan son kitab\u0131 \u201cKar\u015f\u0131\u201ddaki \u201cG\u00fcn Olur\u201d, \u201cSizin \u0130\u00e7in\u201d, \u201c\u0130stanbul\u2019u Dinliyorum\u201d, \u201cH\u00fcrriyet\u2019e Do\u011fru\u201d, \u201cGalata K\u00f6pr\u00fcs\u00fc\u201d, \u201cPireli \u015eiir\u201d vb. \u015fiirleriyle kitaplar\u0131na girmeyen ya da \u00f6l\u00fcm\u00fcnde sonra yay\u0131mlanm\u0131\u015f ayn\u0131 y\u0131llar\u0131n \u00fcr\u00fcn\u00fc \u201cSucunun T\u00fcrk\u00fcs\u00fc\u201d, \u201cDalga\u201d, Kuyruklu \u015eiir\/Cevap\u201d, \u201cMacera\u201d, \u201cBirdenbire\u201d, \u201cGelirli \u015eiir\u201d, \u201cDelikli \u015eiir\u201d, \u201cA\u015fk Resmi Ge\u00e7iti\u201d, \u201cYa\u015famak\u201d vb. \u015fiirleri, onu ya\u015fam-\u00f6l\u00fcm ikilemi ve toplumsal adaletsizlik sorunlar\u0131yla konu\u015fma dili aray\u0131\u015flar\u0131n\u0131n giderek daha s\u0131kl\u0131kla ilgilendirdi\u011fini g\u00f6steriyor. Yine de hepsinde a\u011f\u0131r basan \u015fey, keder ya da mutluluk duygusunun, mizah\u0131n, i\u00e7inde sert bir toplumsal ele\u015ftiri gizleyen bir d\u00fc\u015f\u00fcnce ya da g\u00fcnl\u00fck ya\u015fama ili\u015fkin \u00f6nemsiz say\u0131labilecek bir g\u00f6zlemin, bazen bir dil oyununun, s\u0131radan bir i\u00e7 d\u00f6kme ya da s\u00f6yle\u015fi rahatl\u0131\u011f\u0131nda ve sadeli\u011finde \u015fiire y\u00fckselmesidir\u2026 Ataol Behramo\u011flu<\/p>\n","protected":false},"excerpt":{"rendered":"<p>Orhan Veli\u2019nin de ya\u015fam\u0131 s\u00fcr\u00fcyor olsa \u015fiiri nas\u0131l y\u00f6neli\u015fler i\u00e7inde olurdu, kestirebilmek kolay de\u011fil. Fakat 1949\u2019da yay\u0131mlanan son kitab\u0131 \u201cKar\u015f\u0131\u201ddaki \u201cG\u00fcn Olur\u201d, \u201cSizin \u0130\u00e7in\u201d, \u201c\u0130stanbul\u2019u Dinliyorum\u201d,<span class=\"excerpt-hellip\"> [\u2026]<\/span><\/p>\n","protected":false},"featured_media":0,"template":"","meta":{"_monsterinsights_skip_tracking":false,"_monsterinsights_sitenote_active":false,"_monsterinsights_sitenote_note":"","_monsterinsights_sitenote_category":0},"product_brand":[],"product_cat":[12291,12509],"product_tag":[],"class_list":{"0":"post-728795","1":"product","2":"type-product","3":"status-publish","5":"product_cat-edebiyat","6":"product_cat-siir","7":"pa_cilt-ciltsiz","8":"pa_tur-kitap","9":"pa_yayinevi-cumhuriyet-kitaplari","10":"pa_yazar-orhan-veli-kanik","12":"first","13":"instock","14":"sale","15":"shipping-taxable","16":"purchasable","17":"product-type-simple"},"_links":{"self":[{"href":"https:\/\/roveyayinevi.com.tr\/index.php\/wp-json\/wp\/v2\/product\/728795","targetHints":{"allow":["GET"]}}],"collection":[{"href":"https:\/\/roveyayinevi.com.tr\/index.php\/wp-json\/wp\/v2\/product"}],"about":[{"href":"https:\/\/roveyayinevi.com.tr\/index.php\/wp-json\/wp\/v2\/types\/product"}],"wp:attachment":[{"href":"https:\/\/roveyayinevi.com.tr\/index.php\/wp-json\/wp\/v2\/media?parent=728795"}],"wp:term":[{"taxonomy":"product_brand","embeddable":true,"href":"https:\/\/roveyayinevi.com.tr\/index.php\/wp-json\/wp\/v2\/product_brand?post=728795"},{"taxonomy":"product_cat","embeddable":true,"href":"https:\/\/roveyayinevi.com.tr\/index.php\/wp-json\/wp\/v2\/product_cat?post=728795"},{"taxonomy":"product_tag","embeddable":true,"href":"https:\/\/roveyayinevi.com.tr\/index.php\/wp-json\/wp\/v2\/product_tag?post=728795"}],"curies":[{"name":"wp","href":"https:\/\/api.w.org\/{rel}","templated":true}]}}