{"id":728793,"date":"2025-08-27T20:45:09","date_gmt":"2025-08-27T17:45:09","guid":{"rendered":"https:\/\/roveyayinevi.com.tr\/index.php\/urun\/la-fontainein-masallari-2\/"},"modified":"2026-04-16T02:36:38","modified_gmt":"2026-04-15T23:36:38","slug":"la-fontainein-masallari-2","status":"publish","type":"product","link":"https:\/\/roveyayinevi.com.tr\/index.php\/urun\/la-fontainein-masallari-2\/","title":{"rendered":"La Fontaine\u2019in Masallar\u0131"},"content":{"rendered":"<p>La Fontaine&#8217;in Masallar\u0131, Orhan Veli&#8217;nin bi\u00e7emiyle bir ba\u015fka oluyor. Ayr\u0131 bir d\u00fczene, sese, uyuma ula\u015f\u0131yor. \u00dcst\u00fcn bir anlat\u0131m bi\u00e7imine kavu\u015fuyor. Orhan Veli kitab\u0131 arma\u011fan etti\u011fi \u00e7ocuklara diyor ki: &#8220;Sevgili \u00c7ocuklar, Bu kitapta okuyaca\u011f\u0131n\u0131z \u015fiirleri ger\u00e7i sizler i\u00e7in \u00e7evirdim. Ama hi\u00e7bir zaman onlar\u0131 \u00e7ocuk\u00e7a bulmad\u0131m. Zaten sizi de k\u00fc\u00e7\u00fck g\u00f6rm\u00fcyorum. G\u00fczel \u015feyleri siz de b\u00fcy\u00fckler kadar anlar, b\u00fcy\u00fckler kadar seversiniz. Elbette, ya\u015f\u0131n\u0131z ilerledik\u00e7e, bilginiz de artacakt\u0131r. Ama bu, bilginiz art\u0131ncaya kadar k\u00f6t\u00fc \u015feyler, basit \u015feyler okuyacaks\u0131n\u0131z demek de\u011fildir. Bilginizin, anlay\u0131\u015f\u0131n\u0131z\u0131n artmas\u0131, zevkinizin incelmesi ancak b\u00fcy\u00fck yap\u0131tlar okumakla olur.&#8221;<\/p>\n","protected":false},"excerpt":{"rendered":"<p>La Fontaine&#8217;in Masallar\u0131, Orhan Veli&#8217;nin bi\u00e7emiyle bir ba\u015fka oluyor. Ayr\u0131 bir d\u00fczene, sese, uyuma ula\u015f\u0131yor. \u00dcst\u00fcn bir anlat\u0131m bi\u00e7imine kavu\u015fuyor. Orhan Veli kitab\u0131 arma\u011fan etti\u011fi \u00e7ocuklara<span class=\"excerpt-hellip\"> [\u2026]<\/span><\/p>\n","protected":false},"featured_media":0,"template":"","meta":{"_monsterinsights_skip_tracking":false,"_monsterinsights_sitenote_active":false,"_monsterinsights_sitenote_note":"","_monsterinsights_sitenote_category":0},"product_brand":[],"product_cat":[12275,12274],"product_tag":[],"class_list":{"0":"post-728793","1":"product","2":"type-product","3":"status-publish","5":"product_cat-6-12-yas-kitaplari","6":"product_cat-cocuk-ve-genclik-kitaplari","7":"pa_cilt-ciltsiz","8":"pa_tur-kitap","9":"pa_yayinevi-cumhuriyet-kitaplari","10":"pa_yazar-orhan-veli-kanik","12":"first","13":"instock","14":"sale","15":"shipping-taxable","16":"purchasable","17":"product-type-simple"},"_links":{"self":[{"href":"https:\/\/roveyayinevi.com.tr\/index.php\/wp-json\/wp\/v2\/product\/728793","targetHints":{"allow":["GET"]}}],"collection":[{"href":"https:\/\/roveyayinevi.com.tr\/index.php\/wp-json\/wp\/v2\/product"}],"about":[{"href":"https:\/\/roveyayinevi.com.tr\/index.php\/wp-json\/wp\/v2\/types\/product"}],"wp:attachment":[{"href":"https:\/\/roveyayinevi.com.tr\/index.php\/wp-json\/wp\/v2\/media?parent=728793"}],"wp:term":[{"taxonomy":"product_brand","embeddable":true,"href":"https:\/\/roveyayinevi.com.tr\/index.php\/wp-json\/wp\/v2\/product_brand?post=728793"},{"taxonomy":"product_cat","embeddable":true,"href":"https:\/\/roveyayinevi.com.tr\/index.php\/wp-json\/wp\/v2\/product_cat?post=728793"},{"taxonomy":"product_tag","embeddable":true,"href":"https:\/\/roveyayinevi.com.tr\/index.php\/wp-json\/wp\/v2\/product_tag?post=728793"}],"curies":[{"name":"wp","href":"https:\/\/api.w.org\/{rel}","templated":true}]}}