{"id":728792,"date":"2025-08-27T20:45:08","date_gmt":"2025-08-27T17:45:08","guid":{"rendered":"https:\/\/roveyayinevi.com.tr\/index.php\/urun\/bir-takvim-yapraginda\/"},"modified":"2026-04-16T02:36:38","modified_gmt":"2026-04-15T23:36:38","slug":"bir-takvim-yapraginda","status":"publish","type":"product","link":"https:\/\/roveyayinevi.com.tr\/index.php\/urun\/bir-takvim-yapraginda\/","title":{"rendered":"Bir Takvim Yapra\u011f\u0131nda"},"content":{"rendered":"<p>Garip anlay\u0131\u015f\u0131s\u0131n yerle\u015fmesinden sonra, \u00f6zellikle de Yaprak Dergisi&#8217;nin yay\u0131mland\u0131\u011f\u0131 d\u00f6nemde Orhan Veli&#8217;nin gerek kendisiyle yap\u0131lan s\u00f6yle\u015filerde gerekse d\u00fczyaz\u0131lar\u0131nda \u015fiirde yapt\u0131klar\u0131 yenilikleri ge\u00e7mi\u015f ve gelecek ba\u011flam\u0131nda de\u011ferlendirme \u00e7abas\u0131 i\u00e7ine girdi\u011fi g\u00f6r\u00fcl\u00fcr. Orhan Veli&#8217;nin b\u00fct\u00fcn d\u00fczyaz\u0131lar\u0131 asl\u0131nda d\u00f6nemin \u015fiiriyle bir hesapla\u015fma, kendi \u015fiir anlay\u0131\u015f\u0131n\u0131 ve be\u011fenisini \u00f6ne \u00e7\u0131karma, savunma denemesidir. Be\u011fendi\u011fi \u015fairleri a\u00e7\u0131ky\u00fcreklice savunmakta, be\u011fenmediklerini de son derece nesnel yarg\u0131larla ele\u015ftirmekten geri durmamaktad\u0131r. D\u00fczyaz\u0131lar\u0131 bize bir \u015fairin d\u00fc\u015f\u00fcnce evrenini sunmas\u0131yla b\u00fcy\u00fck \u00f6nem ta\u015f\u0131yor. Turgay Fi\u015fek\u00e7i<\/p>\n","protected":false},"excerpt":{"rendered":"<p>Garip anlay\u0131\u015f\u0131s\u0131n yerle\u015fmesinden sonra, \u00f6zellikle de Yaprak Dergisi&#8217;nin yay\u0131mland\u0131\u011f\u0131 d\u00f6nemde Orhan Veli&#8217;nin gerek kendisiyle yap\u0131lan s\u00f6yle\u015filerde gerekse d\u00fczyaz\u0131lar\u0131nda \u015fiirde yapt\u0131klar\u0131 yenilikleri ge\u00e7mi\u015f ve gelecek ba\u011flam\u0131nda de\u011ferlendirme<span class=\"excerpt-hellip\"> [\u2026]<\/span><\/p>\n","protected":false},"featured_media":0,"template":"","meta":{"_monsterinsights_skip_tracking":false,"_monsterinsights_sitenote_active":false,"_monsterinsights_sitenote_note":"","_monsterinsights_sitenote_category":0},"product_brand":[],"product_cat":[12777,12291],"product_tag":[],"class_list":{"0":"post-728792","1":"product","2":"type-product","3":"status-publish","5":"product_cat-deneme","6":"product_cat-edebiyat","7":"pa_cilt-ciltsiz","8":"pa_tur-kitap","9":"pa_yayinevi-cumhuriyet-kitaplari","10":"pa_yazar-orhan-veli-kanik","12":"first","13":"instock","14":"sale","15":"shipping-taxable","16":"purchasable","17":"product-type-simple"},"_links":{"self":[{"href":"https:\/\/roveyayinevi.com.tr\/index.php\/wp-json\/wp\/v2\/product\/728792","targetHints":{"allow":["GET"]}}],"collection":[{"href":"https:\/\/roveyayinevi.com.tr\/index.php\/wp-json\/wp\/v2\/product"}],"about":[{"href":"https:\/\/roveyayinevi.com.tr\/index.php\/wp-json\/wp\/v2\/types\/product"}],"wp:attachment":[{"href":"https:\/\/roveyayinevi.com.tr\/index.php\/wp-json\/wp\/v2\/media?parent=728792"}],"wp:term":[{"taxonomy":"product_brand","embeddable":true,"href":"https:\/\/roveyayinevi.com.tr\/index.php\/wp-json\/wp\/v2\/product_brand?post=728792"},{"taxonomy":"product_cat","embeddable":true,"href":"https:\/\/roveyayinevi.com.tr\/index.php\/wp-json\/wp\/v2\/product_cat?post=728792"},{"taxonomy":"product_tag","embeddable":true,"href":"https:\/\/roveyayinevi.com.tr\/index.php\/wp-json\/wp\/v2\/product_tag?post=728792"}],"curies":[{"name":"wp","href":"https:\/\/api.w.org\/{rel}","templated":true}]}}