{"id":728791,"date":"2025-08-27T20:45:07","date_gmt":"2025-08-27T17:45:07","guid":{"rendered":"https:\/\/roveyayinevi.com.tr\/index.php\/urun\/baharin-ettikleri\/"},"modified":"2026-04-16T02:36:38","modified_gmt":"2026-04-15T23:36:38","slug":"baharin-ettikleri","status":"publish","type":"product","link":"https:\/\/roveyayinevi.com.tr\/index.php\/urun\/baharin-ettikleri\/","title":{"rendered":"Bahar\u0131n Ettikleri"},"content":{"rendered":"<p>Orhan Veli\u2019nin hik\u00e2yelerinde ortak bir \u00f6zellik vard\u0131r. Bu sanat\u0131n \u00f6nemli bir taraf\u0131n\u0131 olu\u015fturur. Hik\u00e2yecilerimizin \u00e7o\u011fu hikayelerini, tek fikir, tek his, tek olay, \u00f6nem verdikleri kar\u015f\u0131tl\u0131kl\u0131 veya kar\u015f\u0131tl\u0131ks\u0131z tek durum \u00e7er\u00e7evesi i\u00e7inde i\u015flerler. Orhan Veli b\u00f6yle yapmaz; hi\u00e7bir hik\u00e2yesi tek bir teman\u0131n geli\u015fmesi ve \u0131srarl\u0131 etkisi ile kurulmam\u0131\u015ft\u0131r. Orhan Veli\u2019nin hik\u00e2yecili\u011finin zengin ve ileride verimli olabilecek taraf\u0131 \u00e7e\u015fitli unsurlarla meydana gelmi\u015f terkiptedir. Bir b\u00fct\u00fcn olarak hik\u00e2yelerini d\u00fc\u015f\u00fcnecek olursak, ger\u00e7e\u011fin ba\u015fl\u0131ca unsurlar\u0131n\u0131 buluruz: Cemiyetin tezatl\u0131 g\u00f6r\u00fcn\u00fc\u015f\u00fc (fakirlik, zenginlik, i\u015fsizlik, a\u00e7l\u0131k, zenginlik \u00fcmitleri, hayalleri v.s.), do\u011fa sevgisi, ya\u015fama zevki, \u00f6l\u00fcm meselesi vs. Fakat bunlar bize \u00fczerinde \u0131srarla durulan birer mesele gibi ve \u00e7evresinden soyutlanm\u0131\u015f olarak de\u011fil de, hayat\u0131n do\u011fal ak\u0131\u015f\u0131 i\u00e7inde sakin ve ahenkli bir \u015fekilde verilmi\u015ftir. G\u00fczin Dino<\/p>\n","protected":false},"excerpt":{"rendered":"<p>Orhan Veli\u2019nin hik\u00e2yelerinde ortak bir \u00f6zellik vard\u0131r. Bu sanat\u0131n \u00f6nemli bir taraf\u0131n\u0131 olu\u015fturur. Hik\u00e2yecilerimizin \u00e7o\u011fu hikayelerini, tek fikir, tek his, tek olay, \u00f6nem verdikleri kar\u015f\u0131tl\u0131kl\u0131 veya<span class=\"excerpt-hellip\"> [\u2026]<\/span><\/p>\n","protected":false},"featured_media":0,"template":"","meta":{"_monsterinsights_skip_tracking":false,"_monsterinsights_sitenote_active":false,"_monsterinsights_sitenote_note":"","_monsterinsights_sitenote_category":0},"product_brand":[],"product_cat":[12291,12711],"product_tag":[],"class_list":{"0":"post-728791","1":"product","2":"type-product","3":"status-publish","5":"product_cat-edebiyat","6":"product_cat-roman-oyku","7":"pa_cilt-ciltsiz","8":"pa_tur-kitap","9":"pa_yayinevi-cumhuriyet-kitaplari","10":"pa_yazar-orhan-veli-kanik","12":"first","13":"instock","14":"sale","15":"shipping-taxable","16":"purchasable","17":"product-type-simple"},"_links":{"self":[{"href":"https:\/\/roveyayinevi.com.tr\/index.php\/wp-json\/wp\/v2\/product\/728791","targetHints":{"allow":["GET"]}}],"collection":[{"href":"https:\/\/roveyayinevi.com.tr\/index.php\/wp-json\/wp\/v2\/product"}],"about":[{"href":"https:\/\/roveyayinevi.com.tr\/index.php\/wp-json\/wp\/v2\/types\/product"}],"wp:attachment":[{"href":"https:\/\/roveyayinevi.com.tr\/index.php\/wp-json\/wp\/v2\/media?parent=728791"}],"wp:term":[{"taxonomy":"product_brand","embeddable":true,"href":"https:\/\/roveyayinevi.com.tr\/index.php\/wp-json\/wp\/v2\/product_brand?post=728791"},{"taxonomy":"product_cat","embeddable":true,"href":"https:\/\/roveyayinevi.com.tr\/index.php\/wp-json\/wp\/v2\/product_cat?post=728791"},{"taxonomy":"product_tag","embeddable":true,"href":"https:\/\/roveyayinevi.com.tr\/index.php\/wp-json\/wp\/v2\/product_tag?post=728791"}],"curies":[{"name":"wp","href":"https:\/\/api.w.org\/{rel}","templated":true}]}}