{"id":728789,"date":"2025-08-27T20:45:06","date_gmt":"2025-08-27T17:45:06","guid":{"rendered":"https:\/\/roveyayinevi.com.tr\/index.php\/urun\/demir-maske-3\/"},"modified":"2026-04-16T02:36:38","modified_gmt":"2026-04-15T23:36:38","slug":"demir-maske-3","status":"publish","type":"product","link":"https:\/\/roveyayinevi.com.tr\/index.php\/urun\/demir-maske-3\/","title":{"rendered":"Demir Maske"},"content":{"rendered":"<p>Frans\u0131z kral\u0131 XIII. Louis i\u00e7in uzun y\u0131llar sonra sahip oldu\u011fu ikiz \u00e7ocuklar\u0131 \u00e7ok de\u011ferlidir. Ancak taht\u0131n varisi olan iki erkek \u00e7ocu\u011fun \u00fclkenin gelece\u011fi i\u00e7in tehlike yaratabilece\u011fi d\u00fc\u015f\u00fcn\u00fclerek bu \u00e7ocuklardan biri annesinden ve halktan gizlenir. Yaln\u0131zca d\u00f6rt ki\u015fi taraf\u0131ndan bilinen bu s\u0131r y\u0131llar sonra a\u00e7\u0131\u011fa \u00e7\u0131kacak ve t\u00fcrl\u00fc \u00e7alkant\u0131lara yol a\u00e7acakt\u0131r.   Tarihi romanlar\u0131yla \u00fcn kazanm\u0131\u015f ve eserleri 100\u2019\u00fcn \u00fczerinde dile terc\u00fcme edilmi\u015f olan AlexandreDumas, en \u00e7ok okunan Frans\u0131z edebiyat\u00e7\u0131lardan biridir. Demir Maske ise defalarca televizyona ve beyaz perdeye uyarlanm\u0131\u015f, ayr\u0131ca tiyatro sahnelerinde de yer alm\u0131\u015ft\u0131r. <\/p>\n","protected":false},"excerpt":{"rendered":"<p>Frans\u0131z kral\u0131 XIII. Louis i\u00e7in uzun y\u0131llar sonra sahip oldu\u011fu ikiz \u00e7ocuklar\u0131 \u00e7ok de\u011ferlidir. Ancak taht\u0131n varisi olan iki erkek \u00e7ocu\u011fun \u00fclkenin gelece\u011fi i\u00e7in tehlike yaratabilece\u011fi<span class=\"excerpt-hellip\"> [\u2026]<\/span><\/p>\n","protected":false},"featured_media":0,"template":"","meta":{"_monsterinsights_skip_tracking":false,"_monsterinsights_sitenote_active":false,"_monsterinsights_sitenote_note":"","_monsterinsights_sitenote_category":0},"product_brand":[],"product_cat":[12275,12274],"product_tag":[],"class_list":{"0":"post-728789","1":"product","2":"type-product","3":"status-publish","5":"product_cat-6-12-yas-kitaplari","6":"product_cat-cocuk-ve-genclik-kitaplari","7":"pa_cilt-ciltsiz","8":"pa_tur-kitap","9":"pa_yayinevi-arkadas-yayinlari","10":"pa_yazar-alexandre-dumas","12":"first","13":"instock","14":"sale","15":"shipping-taxable","16":"purchasable","17":"product-type-simple"},"_links":{"self":[{"href":"https:\/\/roveyayinevi.com.tr\/index.php\/wp-json\/wp\/v2\/product\/728789","targetHints":{"allow":["GET"]}}],"collection":[{"href":"https:\/\/roveyayinevi.com.tr\/index.php\/wp-json\/wp\/v2\/product"}],"about":[{"href":"https:\/\/roveyayinevi.com.tr\/index.php\/wp-json\/wp\/v2\/types\/product"}],"wp:attachment":[{"href":"https:\/\/roveyayinevi.com.tr\/index.php\/wp-json\/wp\/v2\/media?parent=728789"}],"wp:term":[{"taxonomy":"product_brand","embeddable":true,"href":"https:\/\/roveyayinevi.com.tr\/index.php\/wp-json\/wp\/v2\/product_brand?post=728789"},{"taxonomy":"product_cat","embeddable":true,"href":"https:\/\/roveyayinevi.com.tr\/index.php\/wp-json\/wp\/v2\/product_cat?post=728789"},{"taxonomy":"product_tag","embeddable":true,"href":"https:\/\/roveyayinevi.com.tr\/index.php\/wp-json\/wp\/v2\/product_tag?post=728789"}],"curies":[{"name":"wp","href":"https:\/\/api.w.org\/{rel}","templated":true}]}}