{"id":728788,"date":"2025-08-27T20:45:05","date_gmt":"2025-08-27T17:45:05","guid":{"rendered":"https:\/\/roveyayinevi.com.tr\/index.php\/urun\/caludius-bombarnacin-maceralari\/"},"modified":"2026-04-12T02:43:50","modified_gmt":"2026-04-11T23:43:50","slug":"caludius-bombarnacin-maceralari","status":"publish","type":"product","link":"https:\/\/roveyayinevi.com.tr\/index.php\/urun\/caludius-bombarnacin-maceralari\/","title":{"rendered":"Caludius Bombarnac\u2019\u0131n Maceralar\u0131"},"content":{"rendered":"<p>Ben ClaudiusBombarnac. Yirminci Y\u00fczy\u0131l gazetesi muhabiriyim. Gazetemin g\u00f6revlisi olarak 13 May\u0131s\u2019ta G\u00fcrcistan\u2019\u0131n ba\u015fkenti Tiflis\u2019e geldim. Hen\u00fcz otelime yerle\u015fmi\u015ftim ki gazetemden bir telgraf ald\u0131m. Hemen yola \u00e7\u0131kmam ve 15 May\u0131s\u2019ta Hazar Denizi\u2019nin do\u011fusundaki Uzunada liman\u0131nda olmam gerekti\u011fi yaz\u0131yordu. Oradan da on \u00fc\u00e7 g\u00fcnl\u00fck bir yolculuk yaparak \u00c7in \u0130mparatorlu\u011fu\u2019nun ba\u015fkenti Pekin\u2019e gidecektim. \u015eahs\u0131ma s\u0131n\u0131rs\u0131z kredi a\u00e7\u0131ld\u0131\u011f\u0131 belirtiliyor, g\u00f6revimi \u00fcst\u00fcn bir ba\u015far\u0131yla yerine getirmem isteniyordu. Yirminci Y\u00fczy\u0131l okurlar\u0131 i\u00e7in g\u00f6zlerimi d\u00f6rt a\u00e7acak ve yol boyunca kar\u015f\u0131la\u015ft\u0131\u011f\u0131m olaylar\u0131 yazacakt\u0131m.    Gazeteci CladiusBombarnac, Uzunada\u2019dan kalkan Asya treniyle Pekin\u2019e gitmek ve yol boyunca ya\u015fay\u0131p g\u00f6rd\u00fcklerini haber yapmakla g\u00f6revlendirilir. Pek \u00e7ok farkl\u0131 \u00fclkeden insanlar\u0131n bulundu\u011fu bu trende asl\u0131nda hi\u00e7bir \u015fey g\u00f6r\u00fcnd\u00fc\u011f\u00fc gibi de\u011fildir. Gazeteci i\u00e7g\u00fcd\u00fcs\u00fcyle etraf\u0131ndaki her \u015feyi ve herkesi dikkatle g\u00f6zlemleyen kahraman\u0131m\u0131z\u0131, b\u00fcy\u00fck bir s\u0131rr\u0131 ta\u015f\u0131yan bu trende hi\u00e7 ummad\u0131\u011f\u0131 gizemli olaylar beklemektedir. <\/p>\n","protected":false},"excerpt":{"rendered":"<p>Ben ClaudiusBombarnac. Yirminci Y\u00fczy\u0131l gazetesi muhabiriyim. Gazetemin g\u00f6revlisi olarak 13 May\u0131s\u2019ta G\u00fcrcistan\u2019\u0131n ba\u015fkenti Tiflis\u2019e geldim. Hen\u00fcz otelime yerle\u015fmi\u015ftim ki gazetemden bir telgraf ald\u0131m. Hemen yola \u00e7\u0131kmam<span class=\"excerpt-hellip\"> [\u2026]<\/span><\/p>\n","protected":false},"featured_media":0,"template":"","meta":{"_monsterinsights_skip_tracking":false,"_monsterinsights_sitenote_active":false,"_monsterinsights_sitenote_note":"","_monsterinsights_sitenote_category":0},"product_brand":[],"product_cat":[12275,12274],"product_tag":[],"class_list":{"0":"post-728788","1":"product","2":"type-product","3":"status-publish","5":"product_cat-6-12-yas-kitaplari","6":"product_cat-cocuk-ve-genclik-kitaplari","7":"pa_cilt-ciltsiz","8":"pa_tur-kitap","9":"pa_yayinevi-arkadas-yayinlari","10":"pa_yazar-jules-verne","12":"first","13":"instock","14":"sale","15":"shipping-taxable","16":"purchasable","17":"product-type-simple"},"_links":{"self":[{"href":"https:\/\/roveyayinevi.com.tr\/index.php\/wp-json\/wp\/v2\/product\/728788","targetHints":{"allow":["GET"]}}],"collection":[{"href":"https:\/\/roveyayinevi.com.tr\/index.php\/wp-json\/wp\/v2\/product"}],"about":[{"href":"https:\/\/roveyayinevi.com.tr\/index.php\/wp-json\/wp\/v2\/types\/product"}],"wp:attachment":[{"href":"https:\/\/roveyayinevi.com.tr\/index.php\/wp-json\/wp\/v2\/media?parent=728788"}],"wp:term":[{"taxonomy":"product_brand","embeddable":true,"href":"https:\/\/roveyayinevi.com.tr\/index.php\/wp-json\/wp\/v2\/product_brand?post=728788"},{"taxonomy":"product_cat","embeddable":true,"href":"https:\/\/roveyayinevi.com.tr\/index.php\/wp-json\/wp\/v2\/product_cat?post=728788"},{"taxonomy":"product_tag","embeddable":true,"href":"https:\/\/roveyayinevi.com.tr\/index.php\/wp-json\/wp\/v2\/product_tag?post=728788"}],"curies":[{"name":"wp","href":"https:\/\/api.w.org\/{rel}","templated":true}]}}