{"id":728787,"date":"2025-08-27T20:45:04","date_gmt":"2025-08-27T17:45:04","guid":{"rendered":"https:\/\/roveyayinevi.com.tr\/index.php\/urun\/fare-ile-kostebek-parti-veriyor\/"},"modified":"2026-04-16T02:36:38","modified_gmt":"2026-04-15T23:36:38","slug":"fare-ile-kostebek-parti-veriyor","status":"publish","type":"product","link":"https:\/\/roveyayinevi.com.tr\/index.php\/urun\/fare-ile-kostebek-parti-veriyor\/","title":{"rendered":"Fare ile K\u00f6stebek Parti Veriyor"},"content":{"rendered":"<p>Havada bahar kokusu vard\u0131. K\u00f6stebek, bah\u00e7ede hoplaya z\u0131playa dola\u015f\u0131yor, kendi kendine \u015fark\u0131 s\u00f6yl\u00fcyordu. \u201cSen kelebek, sen ar\u0131, Sen a\u011fa\u00e7taki ku\u015f, \u015eak\u0131y\u0131n, anlat\u0131n bana \u015eu ne\u015feli bahar\u0131.\u201d Sonra, \u201cGel de g\u00f6r! Gel de g\u00f6r!\u201d diye Fare\u2019ye seslendi. Fare bir ko\u015fu d\u0131\u015far\u0131 \u00e7\u0131kt\u0131. K\u00f6stebek orada durmu\u015f, parlak sar\u0131 bir fulyaya bak\u0131yordu. \u201cBak! Bah\u00e7emizde bir fulya boy at\u0131yor\u201d dedi. \u201cBahar\u0131n ilk fulyas\u0131\u201d dedi Fare.   *** Fare ile K\u00f6stebek\u2019in her g\u00fcn\u00fc \u00f6yle s\u0131cak, \u00f6yle i\u00e7ten anlarla dolu ki\u2026 Fare ne\u015feli ve pratik, K\u00f6stebek ise heyecanl\u0131 ve duygusal. \u0130ki dostun birbirini anlayan, tamamlayan, hayat\u0131 birlikte tadan e\u011flenceli halleri ve sohbetleri hepimizi g\u00fcl\u00fcmsetecek. Belki kendi i\u00e7ten dostlar\u0131m\u0131z akl\u0131m\u0131za gelecek, ne \u015fansl\u0131 oldu\u011fumuzu bir kez daha hat\u0131rlayaca\u011f\u0131z. Bir de \u00fcst\u00fcne tad\u0131na doyamayaca\u011f\u0131m\u0131z \u00e7izimler gelip bize s\u0131ms\u0131k\u0131 sar\u0131lacak. Oh, kestane kebap! \u00dcnl\u00fc yazar ve \u00e7izer Joyce Dunbar-James Mayhew ekibinden, \u00f6d\u00fcll\u00fc bir \u00e7izgi film olarak da kar\u015f\u0131m\u0131za \u00e7\u0131kan ve zaman\u0131m\u0131z\u0131n klasiklerinden say\u0131lan bu yumu\u015fac\u0131k, mizahi \u00f6yk\u00fcler, iyi g\u00fcnde k\u00f6t\u00fc g\u00fcnde yan yana duran t\u00fcm dostlar i\u00e7in. *** Fare ile K\u00f6stebek, bah\u00e7elerindeki \u00e7i\u00e7e\u011fi g\u00f6rmeden edemiyorlar. \u0130\u00e7leri k\u0131p\u0131r k\u0131p\u0131r. Acaba ne yapsalar da hep onunla kalabilseler? Peki, ya en \u00e7ok bekledikleri ve hi\u00e7 beklemedikleri \u015feyler neler? Giden b\u0131y\u0131klar\u0131n geri gelmesi beklenir mi?   Haydi tatl\u0131 okur, kitab\u0131 a\u00e7 da bahar\u0131n getirdiklerinin, ummad\u0131\u011f\u0131n anda kalbe dokunanlar\u0131n, g\u00fcndelik mutluluklar\u0131n bu muzip bekleyi\u015fi son bulsun.   \u201cS\u0131cac\u0131k, esprili \u00e7izimler\u2026 Tam da serin bir \u00f6\u011fleden sonra i\u00e7imizi \u0131s\u0131tmak i\u00e7in.\u201d Practical Parenting   \u201c\u00c7ocuklar, bu s\u0131rad\u0131\u015f\u0131 iki arkada\u015f\u0131n yal\u0131n ser\u00fcvenlerine bay\u0131lacaklar.\u201d The School Librarian   \u201cYa\u015famlar\u0131n\u0131 birlikte s\u00fcrd\u00fcren bu iki karakter, \u00e7ocuk edebiyat\u0131n\u0131n en b\u00fcy\u00fckleri aras\u0131nda yer al\u0131yor.\u201d Sunday Times <\/p>\n","protected":false},"excerpt":{"rendered":"<p>Havada bahar kokusu vard\u0131. K\u00f6stebek, bah\u00e7ede hoplaya z\u0131playa dola\u015f\u0131yor, kendi kendine \u015fark\u0131 s\u00f6yl\u00fcyordu. \u201cSen kelebek, sen ar\u0131, Sen a\u011fa\u00e7taki ku\u015f, \u015eak\u0131y\u0131n, anlat\u0131n bana \u015eu ne\u015feli bahar\u0131.\u201d<span class=\"excerpt-hellip\"> [\u2026]<\/span><\/p>\n","protected":false},"featured_media":0,"template":"","meta":{"_monsterinsights_skip_tracking":false,"_monsterinsights_sitenote_active":false,"_monsterinsights_sitenote_note":"","_monsterinsights_sitenote_category":0},"product_brand":[],"product_cat":[12274,12284],"product_tag":[],"class_list":{"0":"post-728787","1":"product","2":"type-product","3":"status-publish","5":"product_cat-cocuk-ve-genclik-kitaplari","6":"product_cat-hikayeler","7":"pa_cilt-ciltsiz","8":"pa_tur-kitap","9":"pa_yayinevi-elma-cocuk","10":"pa_yazar-joyce-dunbar-james-mayhew","12":"first","13":"instock","14":"sale","15":"shipping-taxable","16":"purchasable","17":"product-type-simple"},"_links":{"self":[{"href":"https:\/\/roveyayinevi.com.tr\/index.php\/wp-json\/wp\/v2\/product\/728787","targetHints":{"allow":["GET"]}}],"collection":[{"href":"https:\/\/roveyayinevi.com.tr\/index.php\/wp-json\/wp\/v2\/product"}],"about":[{"href":"https:\/\/roveyayinevi.com.tr\/index.php\/wp-json\/wp\/v2\/types\/product"}],"wp:attachment":[{"href":"https:\/\/roveyayinevi.com.tr\/index.php\/wp-json\/wp\/v2\/media?parent=728787"}],"wp:term":[{"taxonomy":"product_brand","embeddable":true,"href":"https:\/\/roveyayinevi.com.tr\/index.php\/wp-json\/wp\/v2\/product_brand?post=728787"},{"taxonomy":"product_cat","embeddable":true,"href":"https:\/\/roveyayinevi.com.tr\/index.php\/wp-json\/wp\/v2\/product_cat?post=728787"},{"taxonomy":"product_tag","embeddable":true,"href":"https:\/\/roveyayinevi.com.tr\/index.php\/wp-json\/wp\/v2\/product_tag?post=728787"}],"curies":[{"name":"wp","href":"https:\/\/api.w.org\/{rel}","templated":true}]}}