{"id":728786,"date":"2025-08-27T20:45:03","date_gmt":"2025-08-27T17:45:03","guid":{"rendered":"https:\/\/roveyayinevi.com.tr\/index.php\/urun\/huzunlu-tebessumler-2\/"},"modified":"2026-04-16T02:36:37","modified_gmt":"2026-04-15T23:36:37","slug":"huzunlu-tebessumler-2","status":"publish","type":"product","link":"https:\/\/roveyayinevi.com.tr\/index.php\/urun\/huzunlu-tebessumler-2\/","title":{"rendered":"H\u00fcz\u00fcnl\u00fc Tebess\u00fcmler 2"},"content":{"rendered":"<p>Yirmi sene olmu\u015ftur. Sirkeci\u2019de, k\u0131r\u0131k kolu al\u00e7\u0131lar i\u00e7inde bir hamal g\u00f6rd\u00fcm. S\u0131rt\u0131nda leb\u00e2leb dolu bir k\u00fcfe, benim ellerim cebimde \u00e7\u0131karken durup nefeslenmeye, az\u0131c\u0131k dinlenmeye ihtiya\u00e7 hissetti\u011fim yoku\u015ftan, inleyen ad\u0131mlarla \u00e7\u0131k\u0131yordu&#8230; Yaln\u0131z de\u011fildim, yan\u0131mda ba\u015fkalar\u0131 da vard\u0131. Ve mutlak, onlar da g\u00f6rm\u00fc\u015flerdi. Fakat \u015fimdi arasam sorsam, hi\u00e7birinin o k\u0131r\u0131k kolu al\u00e7\u0131lar i\u00e7indeki hamal\u0131 hat\u0131rlamayacaklar\u0131ndan eminim. \u00dcstelik durduk yerde zihinlerine, delirdi\u011fime dair bir \u015f\u00fcphe atm\u0131\u015f olaca\u011f\u0131m! Oysa ben \u015fu kadar sene ge\u00e7ti\u011fi halde, o hamal\u0131 unut(a)mad\u0131m. Ve ne zaman bana, \u201cYazarl\u0131k nas\u0131l bir \u015fey?\u201d diye sorsalar, anlatmaya, \u201cYirmi sene \u00f6nce, Sirkeci\u2019de, k\u0131r\u0131k kolu al\u00e7\u0131lar i\u00e7inde bir hamal g\u00f6rd\u00fcm&#8230;\u201d diye ba\u015flar\u0131m. \u00c7\u00fcnk\u00fc yazarl\u0131\u011f\u0131n b\u00f6yle bir \u015fey oldu\u011funa, insanlar\u0131n h\u00fcz\u00fcn, keder ve elemlerini \u2013ne\u015fe ve s\u00fcrurlar\u0131n\u0131 da elbette\u2013 sadece anlaman\u0131n yetmeyece\u011fine, bir de hi\u00e7 unutmamak \u00fczere hissetmenin gerekti\u011fine de inan\u0131r\u0131m&#8230; \u2022\u2022\u2022 Bu incecik kitab\u0131n, a\u00e7\u0131k s\u00f6yleyeyim samimiyetten ba\u015fka hi\u00e7bir iddias\u0131 yok. Fakat samimiyet de, iddia ile ol(a)mayaca\u011f\u0131na g\u00f6re, demek, hi\u00e7bir iddias\u0131 yok. \u0130ddias\u0131 yok evet. Ama emin olun, hat\u0131ras\u0131 \u00e7ok&#8230; \u2013\u00d6zkan \u00d6ze<\/p>\n","protected":false},"excerpt":{"rendered":"<p>Yirmi sene olmu\u015ftur. Sirkeci\u2019de, k\u0131r\u0131k kolu al\u00e7\u0131lar i\u00e7inde bir hamal g\u00f6rd\u00fcm. S\u0131rt\u0131nda leb\u00e2leb dolu bir k\u00fcfe, benim ellerim cebimde \u00e7\u0131karken durup nefeslenmeye, az\u0131c\u0131k dinlenmeye ihtiya\u00e7 hissetti\u011fim<span class=\"excerpt-hellip\"> [\u2026]<\/span><\/p>\n","protected":false},"featured_media":0,"template":"","meta":{"_monsterinsights_skip_tracking":false,"_monsterinsights_sitenote_active":false,"_monsterinsights_sitenote_note":"","_monsterinsights_sitenote_category":0},"product_brand":[],"product_cat":[12777,12291],"product_tag":[],"class_list":{"0":"post-728786","1":"product","2":"type-product","3":"status-publish","5":"product_cat-deneme","6":"product_cat-edebiyat","7":"pa_cilt-ciltsiz","8":"pa_tur-kitap","9":"pa_yayinevi-ugurbocegi-yayinlari","10":"pa_yazar-ozkan-oze","12":"first","13":"instock","14":"sale","15":"shipping-taxable","16":"purchasable","17":"product-type-simple"},"_links":{"self":[{"href":"https:\/\/roveyayinevi.com.tr\/index.php\/wp-json\/wp\/v2\/product\/728786","targetHints":{"allow":["GET"]}}],"collection":[{"href":"https:\/\/roveyayinevi.com.tr\/index.php\/wp-json\/wp\/v2\/product"}],"about":[{"href":"https:\/\/roveyayinevi.com.tr\/index.php\/wp-json\/wp\/v2\/types\/product"}],"wp:attachment":[{"href":"https:\/\/roveyayinevi.com.tr\/index.php\/wp-json\/wp\/v2\/media?parent=728786"}],"wp:term":[{"taxonomy":"product_brand","embeddable":true,"href":"https:\/\/roveyayinevi.com.tr\/index.php\/wp-json\/wp\/v2\/product_brand?post=728786"},{"taxonomy":"product_cat","embeddable":true,"href":"https:\/\/roveyayinevi.com.tr\/index.php\/wp-json\/wp\/v2\/product_cat?post=728786"},{"taxonomy":"product_tag","embeddable":true,"href":"https:\/\/roveyayinevi.com.tr\/index.php\/wp-json\/wp\/v2\/product_tag?post=728786"}],"curies":[{"name":"wp","href":"https:\/\/api.w.org\/{rel}","templated":true}]}}