{"id":728784,"date":"2025-08-27T20:45:01","date_gmt":"2025-08-27T17:45:01","guid":{"rendered":"https:\/\/roveyayinevi.com.tr\/index.php\/urun\/gercegi-soylemek\/"},"modified":"2026-04-16T02:36:37","modified_gmt":"2026-04-15T23:36:37","slug":"gercegi-soylemek","status":"publish","type":"product","link":"https:\/\/roveyayinevi.com.tr\/index.php\/urun\/gercegi-soylemek\/","title":{"rendered":"Ger\u00e7e\u011fi S\u00f6ylemek"},"content":{"rendered":"<p>Ger\u00e7e\u011fe kar\u015f\u0131 neden bu kadar tutkululard\u0131? Vazge\u00e7ilmez olan neydi? Vazge\u00e7enler bizlere hangi mesaj\u0131 b\u0131rakt\u0131? Hayalleri i\u00e7in ne yapt\u0131lar? Nelerden korktular, neye tutundular? Onlar\u0131 farkl\u0131 k\u0131lan neydi? Farkl\u0131 olmak neler getirdi? Orhan T\u00fcleylio\u011flu, farkl\u0131 alanlarda tan\u0131nm\u0131\u015f isimlerin hayat hik\u00e2yelerinden kesitler sundu\u011fu kitab\u0131nda ger\u00e7e\u011fi s\u00f6ylemenin tek bir yolunun olmad\u0131\u011f\u0131n\u0131, ger\u00e7ek \u00fczerine \u0131srarc\u0131 olman\u0131n ise d\u00fcnyan\u0131n hemen her yerinde ortak bir kader ya\u015fatt\u0131\u011f\u0131n\u0131 anlat\u0131yor. Ger\u00e7e\u011fi S\u00f6ylemek, kimi zaman s\u0131rf meraklar\u0131 i\u00e7in, kimi zaman y\u00fcksek idealleri u\u011fruna, kimi zaman ise sadece daha mutlu olabilmek i\u00e7in harekete ge\u00e7enlerin ve de\u011fi\u015fim yaratanlar\u0131n yol haritas\u0131n\u0131 \u00e7\u0131kar\u0131yor. <\/p>\n","protected":false},"excerpt":{"rendered":"<p>Ger\u00e7e\u011fe kar\u015f\u0131 neden bu kadar tutkululard\u0131? Vazge\u00e7ilmez olan neydi? Vazge\u00e7enler bizlere hangi mesaj\u0131 b\u0131rakt\u0131? Hayalleri i\u00e7in ne yapt\u0131lar? Nelerden korktular, neye tutundular? Onlar\u0131 farkl\u0131 k\u0131lan neydi?<span class=\"excerpt-hellip\"> [\u2026]<\/span><\/p>\n","protected":false},"featured_media":0,"template":"","meta":{"_monsterinsights_skip_tracking":false,"_monsterinsights_sitenote_active":false,"_monsterinsights_sitenote_note":"","_monsterinsights_sitenote_category":0},"product_brand":[],"product_cat":[12777,12291],"product_tag":[],"class_list":{"0":"post-728784","1":"product","2":"type-product","3":"status-publish","5":"product_cat-deneme","6":"product_cat-edebiyat","7":"pa_cilt-ciltsiz","8":"pa_tur-kitap","9":"pa_yayinevi-kara-karga-yayinlari","10":"pa_yazar-orhan-tuleylioglu","12":"first","13":"instock","14":"sale","15":"shipping-taxable","16":"purchasable","17":"product-type-simple"},"_links":{"self":[{"href":"https:\/\/roveyayinevi.com.tr\/index.php\/wp-json\/wp\/v2\/product\/728784","targetHints":{"allow":["GET"]}}],"collection":[{"href":"https:\/\/roveyayinevi.com.tr\/index.php\/wp-json\/wp\/v2\/product"}],"about":[{"href":"https:\/\/roveyayinevi.com.tr\/index.php\/wp-json\/wp\/v2\/types\/product"}],"wp:attachment":[{"href":"https:\/\/roveyayinevi.com.tr\/index.php\/wp-json\/wp\/v2\/media?parent=728784"}],"wp:term":[{"taxonomy":"product_brand","embeddable":true,"href":"https:\/\/roveyayinevi.com.tr\/index.php\/wp-json\/wp\/v2\/product_brand?post=728784"},{"taxonomy":"product_cat","embeddable":true,"href":"https:\/\/roveyayinevi.com.tr\/index.php\/wp-json\/wp\/v2\/product_cat?post=728784"},{"taxonomy":"product_tag","embeddable":true,"href":"https:\/\/roveyayinevi.com.tr\/index.php\/wp-json\/wp\/v2\/product_tag?post=728784"}],"curies":[{"name":"wp","href":"https:\/\/api.w.org\/{rel}","templated":true}]}}