{"id":728782,"date":"2025-08-27T20:44:59","date_gmt":"2025-08-27T17:44:59","guid":{"rendered":"https:\/\/roveyayinevi.com.tr\/index.php\/urun\/define-adasi-16\/"},"modified":"2026-04-16T02:36:37","modified_gmt":"2026-04-15T23:36:37","slug":"define-adasi-16","status":"publish","type":"product","link":"https:\/\/roveyayinevi.com.tr\/index.php\/urun\/define-adasi-16\/","title":{"rendered":"Define Adas\u0131"},"content":{"rendered":"<p>Me\u015feye benzeyen a\u011fa\u00e7lar\u0131n aras\u0131na girdim. S\u0131caktan, batakl\u0131ktan buharlar y\u00fckseliyordu. Birden ilerideki sazlar\u0131n aras\u0131nda bir h\u0131\u015f\u0131rt\u0131 duydum. Bir ku\u015f havaland\u0131. Bunu bir ba\u015fkas\u0131 takip etti. Ku\u015flardan sanki bir bulut olu\u015ftu. O zaman sandaldakilerden birinin sazlar\u0131n yan\u0131ndan ge\u00e7erek yakla\u015fmakta oldu\u011funu anlad\u0131m. Hemen me\u015feye benzeyen bir a\u011fac\u0131n alt\u0131na oturdum. Sessizce etraf\u0131 dinledim, korkmaya ba\u015flam\u0131\u015ft\u0131m.Yazlar\u0131 yo\u011fun, k\u0131\u015flar\u0131 ise sessiz sakin olan Amiral Benbow Han\u0131\u2019n\u0131 i\u015fleten Jim ve ailesinin hayat\u0131, bir k\u0131\u015f g\u00fcn\u00fc hana gelip yerle\u015fen Billy Bones isimli eski bir korsan y\u00fcz\u00fcnden tamamen de\u011fi\u015fir. Bones\u2019un saklad\u0131\u011f\u0131 define haritas\u0131n\u0131 bulan Jim\u2019i macera dolu bir yolculuk beklemektedir.Robert Louis Stevenson\u2019\u0131n 1883 y\u0131l\u0131nda yazd\u0131\u011f\u0131 ve y\u0131llard\u0131r hem yeti\u015fkinler hem de \u00e7ocuklar taraf\u0131ndan ilgiyle okunan macera roman\u0131 Define Adas\u0131, pek \u00e7ok kez sinemaya uyarlanm\u0131\u015f ve bir\u00e7ok televizyon dizisine esin kayna\u011f\u0131 olmu\u015ftur.<\/p>\n","protected":false},"excerpt":{"rendered":"<p>Me\u015feye benzeyen a\u011fa\u00e7lar\u0131n aras\u0131na girdim. S\u0131caktan, batakl\u0131ktan buharlar y\u00fckseliyordu. Birden ilerideki sazlar\u0131n aras\u0131nda bir h\u0131\u015f\u0131rt\u0131 duydum. Bir ku\u015f havaland\u0131. Bunu bir ba\u015fkas\u0131 takip etti. Ku\u015flardan sanki<span class=\"excerpt-hellip\"> [\u2026]<\/span><\/p>\n","protected":false},"featured_media":0,"template":"","meta":{"_monsterinsights_skip_tracking":false,"_monsterinsights_sitenote_active":false,"_monsterinsights_sitenote_note":"","_monsterinsights_sitenote_category":0},"product_brand":[],"product_cat":[12274,12284],"product_tag":[],"class_list":{"0":"post-728782","1":"product","2":"type-product","3":"status-publish","5":"product_cat-cocuk-ve-genclik-kitaplari","6":"product_cat-hikayeler","7":"pa_cilt-ciltsiz","8":"pa_tur-kitap","9":"pa_yayinevi-the-cocuk","10":"pa_yazar-robert-louis-stevenson","12":"first","13":"instock","14":"sale","15":"shipping-taxable","16":"purchasable","17":"product-type-simple"},"_links":{"self":[{"href":"https:\/\/roveyayinevi.com.tr\/index.php\/wp-json\/wp\/v2\/product\/728782","targetHints":{"allow":["GET"]}}],"collection":[{"href":"https:\/\/roveyayinevi.com.tr\/index.php\/wp-json\/wp\/v2\/product"}],"about":[{"href":"https:\/\/roveyayinevi.com.tr\/index.php\/wp-json\/wp\/v2\/types\/product"}],"wp:attachment":[{"href":"https:\/\/roveyayinevi.com.tr\/index.php\/wp-json\/wp\/v2\/media?parent=728782"}],"wp:term":[{"taxonomy":"product_brand","embeddable":true,"href":"https:\/\/roveyayinevi.com.tr\/index.php\/wp-json\/wp\/v2\/product_brand?post=728782"},{"taxonomy":"product_cat","embeddable":true,"href":"https:\/\/roveyayinevi.com.tr\/index.php\/wp-json\/wp\/v2\/product_cat?post=728782"},{"taxonomy":"product_tag","embeddable":true,"href":"https:\/\/roveyayinevi.com.tr\/index.php\/wp-json\/wp\/v2\/product_tag?post=728782"}],"curies":[{"name":"wp","href":"https:\/\/api.w.org\/{rel}","templated":true}]}}