{"id":728778,"date":"2025-08-27T20:44:55","date_gmt":"2025-08-27T17:44:55","guid":{"rendered":"https:\/\/roveyayinevi.com.tr\/index.php\/urun\/dunya-seyahati\/"},"modified":"2026-04-16T02:36:37","modified_gmt":"2026-04-15T23:36:37","slug":"dunya-seyahati","status":"publish","type":"product","link":"https:\/\/roveyayinevi.com.tr\/index.php\/urun\/dunya-seyahati\/","title":{"rendered":"D\u00fcnya Seyahati"},"content":{"rendered":"<p>Bazen arkada\u015f bulmak ne kadar zordur. Oynayacak biri, yolculuk yapacak biri ve birlikte iyi vakit ge\u00e7irecek biri.Ama umut orada bizimle bekler. Bir arkada\u015f hi\u00e7 ummad\u0131\u011f\u0131m\u0131z bir anda \u00e7\u0131kagelir.D\u00fcnyay\u0131 gezmek, de\u011fi\u015fik \u00fclkelere gitmek, onlar\u0131 tan\u0131mak ve yeni arkada\u015flar edinmek.Hayat\u0131m\u0131z\u0131n belki de en de\u011ferli anlar\u0131ndan biridir. E\u011flenceli ve macera dolu bir kitaba haz\u0131r m\u0131s\u0131n?<\/p>\n","protected":false},"excerpt":{"rendered":"<p>Bazen arkada\u015f bulmak ne kadar zordur. Oynayacak biri, yolculuk yapacak biri ve birlikte iyi vakit ge\u00e7irecek biri.Ama umut orada bizimle bekler. Bir arkada\u015f hi\u00e7 ummad\u0131\u011f\u0131m\u0131z bir<span class=\"excerpt-hellip\"> [\u2026]<\/span><\/p>\n","protected":false},"featured_media":0,"template":"","meta":{"_monsterinsights_skip_tracking":false,"_monsterinsights_sitenote_active":false,"_monsterinsights_sitenote_note":"","_monsterinsights_sitenote_category":0},"product_brand":[],"product_cat":[12274,12284],"product_tag":[],"class_list":{"0":"post-728778","1":"product","2":"type-product","3":"status-publish","5":"product_cat-cocuk-ve-genclik-kitaplari","6":"product_cat-hikayeler","7":"pa_cilt-ciltsiz","8":"pa_tur-kitap","9":"pa_yayinevi-yeni-insan-yayinlari","10":"pa_yazar-ivan-mata","12":"first","13":"instock","14":"sale","15":"shipping-taxable","16":"purchasable","17":"product-type-simple"},"_links":{"self":[{"href":"https:\/\/roveyayinevi.com.tr\/index.php\/wp-json\/wp\/v2\/product\/728778","targetHints":{"allow":["GET"]}}],"collection":[{"href":"https:\/\/roveyayinevi.com.tr\/index.php\/wp-json\/wp\/v2\/product"}],"about":[{"href":"https:\/\/roveyayinevi.com.tr\/index.php\/wp-json\/wp\/v2\/types\/product"}],"wp:attachment":[{"href":"https:\/\/roveyayinevi.com.tr\/index.php\/wp-json\/wp\/v2\/media?parent=728778"}],"wp:term":[{"taxonomy":"product_brand","embeddable":true,"href":"https:\/\/roveyayinevi.com.tr\/index.php\/wp-json\/wp\/v2\/product_brand?post=728778"},{"taxonomy":"product_cat","embeddable":true,"href":"https:\/\/roveyayinevi.com.tr\/index.php\/wp-json\/wp\/v2\/product_cat?post=728778"},{"taxonomy":"product_tag","embeddable":true,"href":"https:\/\/roveyayinevi.com.tr\/index.php\/wp-json\/wp\/v2\/product_tag?post=728778"}],"curies":[{"name":"wp","href":"https:\/\/api.w.org\/{rel}","templated":true}]}}