{"id":728777,"date":"2025-08-27T20:44:54","date_gmt":"2025-08-27T17:44:54","guid":{"rendered":"https:\/\/roveyayinevi.com.tr\/index.php\/urun\/gecmisten-gelen-harita-koruyuculari\/"},"modified":"2026-04-16T02:36:37","modified_gmt":"2026-04-15T23:36:37","slug":"gecmisten-gelen-harita-koruyuculari","status":"publish","type":"product","link":"https:\/\/roveyayinevi.com.tr\/index.php\/urun\/gecmisten-gelen-harita-koruyuculari\/","title":{"rendered":"Ge\u00e7mi\u015ften Gelen &#8211; Harita Koruyucular\u0131"},"content":{"rendered":"<p>Alemler aras\u0131 ge\u00e7i\u015fi sa\u011flayan haritalar&#8230; Hem zamanlar aras\u0131 internet ba\u011flant\u0131s\u0131n\u0131 sa\u011flayan hem de haritalardaki ge\u00e7i\u015flerin yerini saptayan pusulalar&#8230; Biri 16. y\u00fczy\u0131lda, \u00fc\u00e7\u00fc 21. Y\u00fczy\u0131lda ya\u015fayan d\u00f6rt harita koruyucusu ve onlar\u0131 bekleyen birbirinden heyecanl\u0131, maceral\u0131 g\u00f6revler&#8230;\u00c7al\u0131nan bir haritan\u0131n pe\u015finden 16. y\u00fczy\u0131ldan 21. y\u00fczy\u0131la gelen bir zaman gezgini&#8230; Gezgine yard\u0131mc\u0131 olan \u00fc\u00e7 arkada\u015f&#8230;Harita koruyucular\u0131 taraf\u0131ndan se\u00e7ilen Mahir\u2019in g\u00f6revi, \u00e7al\u0131nan haritay\u0131 bulmak ve 16. Y\u00fczy\u0131la geri g\u00f6t\u00fcrmektir. Bu zorlu g\u00f6revde Mahir\u2019in yard\u0131mc\u0131lar\u0131 Erdem, Yusuf ve Nil\u2019dir. Haritay\u0131 \u00e7alan ki\u015fiyi bulmak ve haritan\u0131n yerini tespit etmek i\u00e7in zorlu bir maceraya d\u00e2hil olmak ister misiniz?<\/p>\n","protected":false},"excerpt":{"rendered":"<p>Alemler aras\u0131 ge\u00e7i\u015fi sa\u011flayan haritalar&#8230; Hem zamanlar aras\u0131 internet ba\u011flant\u0131s\u0131n\u0131 sa\u011flayan hem de haritalardaki ge\u00e7i\u015flerin yerini saptayan pusulalar&#8230; Biri 16. y\u00fczy\u0131lda, \u00fc\u00e7\u00fc 21. Y\u00fczy\u0131lda ya\u015fayan d\u00f6rt<span class=\"excerpt-hellip\"> [\u2026]<\/span><\/p>\n","protected":false},"featured_media":0,"template":"","meta":{"_monsterinsights_skip_tracking":false,"_monsterinsights_sitenote_active":false,"_monsterinsights_sitenote_note":"","_monsterinsights_sitenote_category":0},"product_brand":[],"product_cat":[12275,12274],"product_tag":[],"class_list":{"0":"post-728777","1":"product","2":"type-product","3":"status-publish","5":"product_cat-6-12-yas-kitaplari","6":"product_cat-cocuk-ve-genclik-kitaplari","7":"pa_cilt-ciltsiz","8":"pa_tur-kitap","9":"pa_yayinevi-erdem-cocuk","10":"pa_yazar-esra-bahadir-cesar","12":"first","13":"instock","14":"sale","15":"shipping-taxable","16":"purchasable","17":"product-type-simple"},"_links":{"self":[{"href":"https:\/\/roveyayinevi.com.tr\/index.php\/wp-json\/wp\/v2\/product\/728777","targetHints":{"allow":["GET"]}}],"collection":[{"href":"https:\/\/roveyayinevi.com.tr\/index.php\/wp-json\/wp\/v2\/product"}],"about":[{"href":"https:\/\/roveyayinevi.com.tr\/index.php\/wp-json\/wp\/v2\/types\/product"}],"wp:attachment":[{"href":"https:\/\/roveyayinevi.com.tr\/index.php\/wp-json\/wp\/v2\/media?parent=728777"}],"wp:term":[{"taxonomy":"product_brand","embeddable":true,"href":"https:\/\/roveyayinevi.com.tr\/index.php\/wp-json\/wp\/v2\/product_brand?post=728777"},{"taxonomy":"product_cat","embeddable":true,"href":"https:\/\/roveyayinevi.com.tr\/index.php\/wp-json\/wp\/v2\/product_cat?post=728777"},{"taxonomy":"product_tag","embeddable":true,"href":"https:\/\/roveyayinevi.com.tr\/index.php\/wp-json\/wp\/v2\/product_tag?post=728777"}],"curies":[{"name":"wp","href":"https:\/\/api.w.org\/{rel}","templated":true}]}}