{"id":728775,"date":"2025-08-27T20:44:52","date_gmt":"2025-08-27T17:44:52","guid":{"rendered":"https:\/\/roveyayinevi.com.tr\/index.php\/urun\/eski-koskun-gizemi\/"},"modified":"2026-04-16T02:36:37","modified_gmt":"2026-04-15T23:36:37","slug":"eski-koskun-gizemi","status":"publish","type":"product","link":"https:\/\/roveyayinevi.com.tr\/index.php\/urun\/eski-koskun-gizemi\/","title":{"rendered":"Eski K\u00f6\u015fk\u00fcn Gizemi"},"content":{"rendered":"<p>Ayn\u0131 okula giden ayn\u0131 mahallenin \u00e7ocuklar\u0131: Hezarfen, Cing\u00f6z, Ahmet ve Zeynep&#8230;Bu d\u00f6rt kafadar bir haftad\u0131r ortalarda g\u00f6r\u00fcnmeyen \u00f6\u011fretmenleri Bay \u00c7engel ve Profes\u00f6r Cevdetgil\u2019i bulmak i\u00e7in bir plan yapar. Arama \u00e7al\u0131\u015fmalar\u0131 onlar\u0131 evlerinin yak\u0131nlar\u0131ndaki ah\u015fap k\u00f6\u015fke g\u00f6t\u00fcr\u00fcr. K\u00f6\u015fkte onlar\u0131 bekleyen bir s\u00fcrpriz vard\u0131r. Bakal\u0131m s\u00fcrpriz ne? D\u00f6rt kafadar, Bay \u00c7engel ve Profes\u00f6r Cevdetgil\u2019i bulabilecek mi?<\/p>\n","protected":false},"excerpt":{"rendered":"<p>Ayn\u0131 okula giden ayn\u0131 mahallenin \u00e7ocuklar\u0131: Hezarfen, Cing\u00f6z, Ahmet ve Zeynep&#8230;Bu d\u00f6rt kafadar bir haftad\u0131r ortalarda g\u00f6r\u00fcnmeyen \u00f6\u011fretmenleri Bay \u00c7engel ve Profes\u00f6r Cevdetgil\u2019i bulmak i\u00e7in bir<span class=\"excerpt-hellip\"> [\u2026]<\/span><\/p>\n","protected":false},"featured_media":0,"template":"","meta":{"_monsterinsights_skip_tracking":false,"_monsterinsights_sitenote_active":false,"_monsterinsights_sitenote_note":"","_monsterinsights_sitenote_category":0},"product_brand":[],"product_cat":[12275,12274],"product_tag":[],"class_list":{"0":"post-728775","1":"product","2":"type-product","3":"status-publish","5":"product_cat-6-12-yas-kitaplari","6":"product_cat-cocuk-ve-genclik-kitaplari","7":"pa_cilt-ciltsiz","8":"pa_tur-kitap","9":"pa_yayinevi-erdem-cocuk","10":"pa_yazar-ali-soyler","12":"first","13":"instock","14":"sale","15":"shipping-taxable","16":"purchasable","17":"product-type-simple"},"_links":{"self":[{"href":"https:\/\/roveyayinevi.com.tr\/index.php\/wp-json\/wp\/v2\/product\/728775","targetHints":{"allow":["GET"]}}],"collection":[{"href":"https:\/\/roveyayinevi.com.tr\/index.php\/wp-json\/wp\/v2\/product"}],"about":[{"href":"https:\/\/roveyayinevi.com.tr\/index.php\/wp-json\/wp\/v2\/types\/product"}],"wp:attachment":[{"href":"https:\/\/roveyayinevi.com.tr\/index.php\/wp-json\/wp\/v2\/media?parent=728775"}],"wp:term":[{"taxonomy":"product_brand","embeddable":true,"href":"https:\/\/roveyayinevi.com.tr\/index.php\/wp-json\/wp\/v2\/product_brand?post=728775"},{"taxonomy":"product_cat","embeddable":true,"href":"https:\/\/roveyayinevi.com.tr\/index.php\/wp-json\/wp\/v2\/product_cat?post=728775"},{"taxonomy":"product_tag","embeddable":true,"href":"https:\/\/roveyayinevi.com.tr\/index.php\/wp-json\/wp\/v2\/product_tag?post=728775"}],"curies":[{"name":"wp","href":"https:\/\/api.w.org\/{rel}","templated":true}]}}