{"id":728773,"date":"2025-08-27T20:44:50","date_gmt":"2025-08-27T17:44:50","guid":{"rendered":"https:\/\/roveyayinevi.com.tr\/index.php\/urun\/tavuklar-sapka-takar-mi\/"},"modified":"2026-04-16T02:36:37","modified_gmt":"2026-04-15T23:36:37","slug":"tavuklar-sapka-takar-mi","status":"publish","type":"product","link":"https:\/\/roveyayinevi.com.tr\/index.php\/urun\/tavuklar-sapka-takar-mi\/","title":{"rendered":"Tavuklar \u015eapka Takar m\u0131?"},"content":{"rendered":"<p>Kitapta hayat\u0131n i\u00e7inden yirmi sevimli \u00f6yk\u00fc yer al\u0131yor. Bu \u00f6yk\u00fclerin kahramanlar\u0131, hayat\u0131m\u0131z\u0131n i\u00e7inde kar\u015f\u0131la\u015ft\u0131\u011f\u0131n\u0131z insanlar.Yard\u0131mseverlik, fedak\u00e2rl\u0131k, payla\u015fma, sevin\u00e7, h\u00fcz\u00fcn, iyilik, arkada\u015fl\u0131k, karde\u015flik, hayvan sevgisi, \u00e7evre sevgisi gibi bir\u00e7ok de\u011feri i\u00e7eren \u00f6yk\u00fclerde \u00e7ocuklar kendi ya\u015fant\u0131lar\u0131ndan izler bulacak. Unutmay\u0131n, ya\u015fad\u0131\u011f\u0131m\u0131z hayat asl\u0131nda bir\u00e7ok sevimli \u00f6yk\u00fcyle doludur.<\/p>\n","protected":false},"excerpt":{"rendered":"<p>Kitapta hayat\u0131n i\u00e7inden yirmi sevimli \u00f6yk\u00fc yer al\u0131yor. Bu \u00f6yk\u00fclerin kahramanlar\u0131, hayat\u0131m\u0131z\u0131n i\u00e7inde kar\u015f\u0131la\u015ft\u0131\u011f\u0131n\u0131z insanlar.Yard\u0131mseverlik, fedak\u00e2rl\u0131k, payla\u015fma, sevin\u00e7, h\u00fcz\u00fcn, iyilik, arkada\u015fl\u0131k, karde\u015flik, hayvan sevgisi, \u00e7evre sevgisi<span class=\"excerpt-hellip\"> [\u2026]<\/span><\/p>\n","protected":false},"featured_media":0,"template":"","meta":{"_monsterinsights_skip_tracking":false,"_monsterinsights_sitenote_active":false,"_monsterinsights_sitenote_note":"","_monsterinsights_sitenote_category":0},"product_brand":[],"product_cat":[12275,12274],"product_tag":[],"class_list":{"0":"post-728773","1":"product","2":"type-product","3":"status-publish","5":"product_cat-6-12-yas-kitaplari","6":"product_cat-cocuk-ve-genclik-kitaplari","7":"pa_cilt-ciltsiz","8":"pa_tur-kitap","9":"pa_yayinevi-erdem-cocuk","10":"pa_yazar-zekiye-coban","12":"first","13":"instock","14":"sale","15":"shipping-taxable","16":"purchasable","17":"product-type-simple"},"_links":{"self":[{"href":"https:\/\/roveyayinevi.com.tr\/index.php\/wp-json\/wp\/v2\/product\/728773","targetHints":{"allow":["GET"]}}],"collection":[{"href":"https:\/\/roveyayinevi.com.tr\/index.php\/wp-json\/wp\/v2\/product"}],"about":[{"href":"https:\/\/roveyayinevi.com.tr\/index.php\/wp-json\/wp\/v2\/types\/product"}],"wp:attachment":[{"href":"https:\/\/roveyayinevi.com.tr\/index.php\/wp-json\/wp\/v2\/media?parent=728773"}],"wp:term":[{"taxonomy":"product_brand","embeddable":true,"href":"https:\/\/roveyayinevi.com.tr\/index.php\/wp-json\/wp\/v2\/product_brand?post=728773"},{"taxonomy":"product_cat","embeddable":true,"href":"https:\/\/roveyayinevi.com.tr\/index.php\/wp-json\/wp\/v2\/product_cat?post=728773"},{"taxonomy":"product_tag","embeddable":true,"href":"https:\/\/roveyayinevi.com.tr\/index.php\/wp-json\/wp\/v2\/product_tag?post=728773"}],"curies":[{"name":"wp","href":"https:\/\/api.w.org\/{rel}","templated":true}]}}