{"id":728772,"date":"2025-08-27T20:44:49","date_gmt":"2025-08-27T17:44:49","guid":{"rendered":"https:\/\/roveyayinevi.com.tr\/index.php\/urun\/sigmund-freud-gibi-dusunmek\/"},"modified":"2026-04-16T02:36:37","modified_gmt":"2026-04-15T23:36:37","slug":"sigmund-freud-gibi-dusunmek","status":"publish","type":"product","link":"https:\/\/roveyayinevi.com.tr\/index.php\/urun\/sigmund-freud-gibi-dusunmek\/","title":{"rendered":"Sigmund Freud Gibi D\u00fc\u015f\u00fcnmek"},"content":{"rendered":"<p>Kimileri i\u00e7in modern psikolojinin kurucusu say\u0131lan Sigmund Freud\u2019un yirminci y\u00fczy\u0131la damgas\u0131n\u0131 vurmu\u015f \u00f6nemli d\u00fc\u015f\u00fcn\u00fcrlerden biri oldu\u011funu rahatl\u0131kla s\u00f6yleyebiliriz. Bug\u00fcn n\u00f6roloji ve psikoterapi alanlar\u0131ndaki bir\u00e7ok yenili\u011fi, ayr\u0131ca insan zihnini anlama ve r\u00fcya yorumlama tekniklerini kendisine bor\u00e7luyuz. G\u00fcn\u00fcm\u00fczde psikanaliz alan\u0131nda yap\u0131lan bir\u00e7ok \u00e7al\u0131\u015fman\u0131n temelini Freud\u2019un eserlerinde g\u00f6rmek m\u00fcmk\u00fcn. Alana en b\u00fcy\u00fck katk\u0131lar\u0131ndan bir di\u011feri de Oedipus kompleksi, id-ego-s\u00fcperego, bilin\u00e7d\u0131\u015f\u0131, savunma mekanizmas\u0131, serbest \u00e7a\u011fr\u0131\u015f\u0131m, d\u00fcrt\u00fc, libido gibi bug\u00fcn akl\u0131m\u0131za kaz\u0131nan pop\u00fcler terimleri terminolojiye kazand\u0131rm\u0131\u015f olmas\u0131d\u0131r.   Daniel Smith\u2019in kapsay\u0131c\u0131 anlat\u0131m\u0131yla kaleme ald\u0131\u011f\u0131 Sigmund Freud Gibi D\u00fc\u015f\u00fcnmek\u2019te ba\u015fkalar\u0131n\u0131n korktu\u011fu sorunlar\u0131 \u00e7\u00f6zmeye cesaret eden bir d\u00fc\u015f\u00fcn\u00fcr\u00fcn, motivasyonu ve felsefesi sayesinde psikolojinin anla\u015f\u0131lmas\u0131 g\u00fc\u00e7 yanlar\u0131n\u0131 a\u00e7\u0131kl\u0131\u011fa kavu\u015fturarak ger\u00e7ek bir bilime nas\u0131l d\u00f6n\u00fc\u015ft\u00fcrd\u00fc\u011f\u00fcn\u00fc g\u00f6receksiniz. Yine bu kitap sayesinde ba\u015fkalar\u0131n\u0131n nevrozlar\u0131n\u0131 \u00e7\u00f6zmeye \u00e7al\u0131\u015f\u0131rken kendi nevrozlar\u0131yla m\u00fccadele eden, insan zihnine di\u011fer herkesten daha iyi yakla\u015fabilen Sigmund Freud\u2019un ola\u011fan\u00fcst\u00fc ya\u015fam\u0131ndaki d\u00f6n\u00fcm noktalar\u0131n\u0131 ke\u015ffedecek ve belki de onun gibi d\u00fc\u015f\u00fcnmeye ba\u015flayacaks\u0131n\u0131z. <\/p>\n","protected":false},"excerpt":{"rendered":"<p>Kimileri i\u00e7in modern psikolojinin kurucusu say\u0131lan Sigmund Freud\u2019un yirminci y\u00fczy\u0131la damgas\u0131n\u0131 vurmu\u015f \u00f6nemli d\u00fc\u015f\u00fcn\u00fcrlerden biri oldu\u011funu rahatl\u0131kla s\u00f6yleyebiliriz. Bug\u00fcn n\u00f6roloji ve psikoterapi alanlar\u0131ndaki bir\u00e7ok yenili\u011fi, ayr\u0131ca<span class=\"excerpt-hellip\"> [\u2026]<\/span><\/p>\n","protected":false},"featured_media":0,"template":"","meta":{"_monsterinsights_skip_tracking":false,"_monsterinsights_sitenote_active":false,"_monsterinsights_sitenote_note":"","_monsterinsights_sitenote_category":0},"product_brand":[],"product_cat":[12364,12376],"product_tag":[],"class_list":{"0":"post-728772","1":"product","2":"type-product","3":"status-publish","5":"product_cat-genel-konular","6":"product_cat-kisisel-gelisim","7":"pa_cilt-ciltsiz","8":"pa_tur-kitap","9":"pa_yayinevi-indigo-kitap","10":"pa_yazar-daniel-smith","12":"first","13":"instock","14":"sale","15":"shipping-taxable","16":"purchasable","17":"product-type-simple"},"_links":{"self":[{"href":"https:\/\/roveyayinevi.com.tr\/index.php\/wp-json\/wp\/v2\/product\/728772","targetHints":{"allow":["GET"]}}],"collection":[{"href":"https:\/\/roveyayinevi.com.tr\/index.php\/wp-json\/wp\/v2\/product"}],"about":[{"href":"https:\/\/roveyayinevi.com.tr\/index.php\/wp-json\/wp\/v2\/types\/product"}],"wp:attachment":[{"href":"https:\/\/roveyayinevi.com.tr\/index.php\/wp-json\/wp\/v2\/media?parent=728772"}],"wp:term":[{"taxonomy":"product_brand","embeddable":true,"href":"https:\/\/roveyayinevi.com.tr\/index.php\/wp-json\/wp\/v2\/product_brand?post=728772"},{"taxonomy":"product_cat","embeddable":true,"href":"https:\/\/roveyayinevi.com.tr\/index.php\/wp-json\/wp\/v2\/product_cat?post=728772"},{"taxonomy":"product_tag","embeddable":true,"href":"https:\/\/roveyayinevi.com.tr\/index.php\/wp-json\/wp\/v2\/product_tag?post=728772"}],"curies":[{"name":"wp","href":"https:\/\/api.w.org\/{rel}","templated":true}]}}