{"id":728771,"date":"2025-08-27T20:44:48","date_gmt":"2025-08-27T17:44:48","guid":{"rendered":"https:\/\/roveyayinevi.com.tr\/index.php\/urun\/bir-idam\/"},"modified":"2026-04-16T02:36:37","modified_gmt":"2026-04-15T23:36:37","slug":"bir-idam","status":"publish","type":"product","link":"https:\/\/roveyayinevi.com.tr\/index.php\/urun\/bir-idam\/","title":{"rendered":"Bir \u0130dam"},"content":{"rendered":"<p>\u0130nsanlar\u0131n \u00e7o\u011fu a\u015f\u0131r\u0131 bencil de\u011fildir. Yakla\u015f\u0131k otuz ya\u015f\u0131ndan sonra bireysel h\u0131rslar\u0131ndan vazge\u00e7ip \u2013hatta \u00e7o\u011fu durumda neredeyse birey olduklar\u0131n\u0131 unutup\u2013 temelde ba\u015fkalar\u0131 i\u00e7in ya\u015famaya ba\u015flar, hayat\u0131n y\u00fck\u00fcn\u00fcn alt\u0131nda ezilirler. Ama sonuna kadar kendi hayat\u0131n\u0131 ya\u015famay\u0131 kafaya koymu\u015f yetenekli, inat\u00e7\u0131 bir az\u0131nl\u0131k da vard\u0131r; yazarlar da bu gruba mensuptur.George Orwell, 1984 ve Hayvan \u00c7iftli\u011fi romanlar\u0131nda ortaya koydu\u011fu romanc\u0131 y\u00f6n\u00fcn\u00fcn yan\u0131 s\u0131ra d\u00f6neminin d\u00fczyaz\u0131 ustalar\u0131ndand\u0131. Bir \u0130dam, yazar\u0131n bu y\u00f6n\u00fcn\u00fc sergileyen biri kitap uzunlu\u011funda d\u00f6rt makaleyi bir araya getiriyor.&#8221;Yazma Sebebim&#8221;de Orwell yazarl\u0131k ser\u00fcvenine nas\u0131l ba\u015flad\u0131\u011f\u0131n\u0131 anlat\u0131rken, &#8220;Sanat ve Propagandan\u0131n S\u0131n\u0131rlar\u0131&#8221;nda sava\u015f \u00e7a\u011f\u0131nda sanat\u0131n ve edebiyat\u0131n konumu \u00fczerine d\u00fc\u015f\u00fcncelerini payla\u015f\u0131yor. \u0130ngiltere\u2019de Nazi i\u015fgalinin her an ger\u00e7ekle\u015febilecek bir ihtimal oldu\u011fu, Londra\u2019n\u0131n \u00fcst\u00fcne bombalar ya\u011fd\u0131\u011f\u0131 bir d\u00f6nemde yaz\u0131lan &#8220;Aslan ile Tek Boynuzlu At&#8221;ta Orwell, sosyalist devrim gereklili\u011fini vatansever duygular\u0131yla ve \u00fclkesinin kimli\u011fiyle uzla\u015ft\u0131rmaya \u00e7al\u0131\u015f\u0131yor. Kitaba ad\u0131n\u0131 veren \u201cBir \u0130dam\u201dsa, Burma\u2019da g\u00f6rev yapt\u0131\u011f\u0131 s\u0131rada tan\u0131kl\u0131k etti\u011fi bir idam\u0131n etraf\u0131ndageli\u015fenleri anlatan k\u0131sa bir yaz\u0131.Bir \u0130dam, bir yazar\u0131n ve bir vatanseverin d\u00fc\u015f\u00fcnce d\u00fcnyas\u0131ndan bir se\u00e7ki.<\/p>\n","protected":false},"excerpt":{"rendered":"<p>\u0130nsanlar\u0131n \u00e7o\u011fu a\u015f\u0131r\u0131 bencil de\u011fildir. Yakla\u015f\u0131k otuz ya\u015f\u0131ndan sonra bireysel h\u0131rslar\u0131ndan vazge\u00e7ip \u2013hatta \u00e7o\u011fu durumda neredeyse birey olduklar\u0131n\u0131 unutup\u2013 temelde ba\u015fkalar\u0131 i\u00e7in ya\u015famaya ba\u015flar, hayat\u0131n y\u00fck\u00fcn\u00fcn<span class=\"excerpt-hellip\"> [\u2026]<\/span><\/p>\n","protected":false},"featured_media":0,"template":"","meta":{"_monsterinsights_skip_tracking":false,"_monsterinsights_sitenote_active":false,"_monsterinsights_sitenote_note":"","_monsterinsights_sitenote_category":0},"product_brand":[],"product_cat":[12777,12291],"product_tag":[],"class_list":{"0":"post-728771","1":"product","2":"type-product","3":"status-publish","5":"product_cat-deneme","6":"product_cat-edebiyat","7":"pa_cilt-ciltsiz","8":"pa_tur-kitap","9":"pa_yayinevi-can-yayinlari","10":"pa_yazar-george-orwell","12":"first","13":"instock","14":"sale","15":"shipping-taxable","16":"purchasable","17":"product-type-simple"},"_links":{"self":[{"href":"https:\/\/roveyayinevi.com.tr\/index.php\/wp-json\/wp\/v2\/product\/728771","targetHints":{"allow":["GET"]}}],"collection":[{"href":"https:\/\/roveyayinevi.com.tr\/index.php\/wp-json\/wp\/v2\/product"}],"about":[{"href":"https:\/\/roveyayinevi.com.tr\/index.php\/wp-json\/wp\/v2\/types\/product"}],"wp:attachment":[{"href":"https:\/\/roveyayinevi.com.tr\/index.php\/wp-json\/wp\/v2\/media?parent=728771"}],"wp:term":[{"taxonomy":"product_brand","embeddable":true,"href":"https:\/\/roveyayinevi.com.tr\/index.php\/wp-json\/wp\/v2\/product_brand?post=728771"},{"taxonomy":"product_cat","embeddable":true,"href":"https:\/\/roveyayinevi.com.tr\/index.php\/wp-json\/wp\/v2\/product_cat?post=728771"},{"taxonomy":"product_tag","embeddable":true,"href":"https:\/\/roveyayinevi.com.tr\/index.php\/wp-json\/wp\/v2\/product_tag?post=728771"}],"curies":[{"name":"wp","href":"https:\/\/api.w.org\/{rel}","templated":true}]}}