{"id":728770,"date":"2025-08-27T20:44:47","date_gmt":"2025-08-27T17:44:47","guid":{"rendered":"https:\/\/roveyayinevi.com.tr\/index.php\/urun\/butun-siirleri-6\/"},"modified":"2026-04-16T02:36:37","modified_gmt":"2026-04-15T23:36:37","slug":"butun-siirleri-6","status":"publish","type":"product","link":"https:\/\/roveyayinevi.com.tr\/index.php\/urun\/butun-siirleri-6\/","title":{"rendered":"B\u00fct\u00fcn \u015eiirleri"},"content":{"rendered":"<p>Yayan dola\u015f\u0131r\u0131m,M\u00fctenekkiren seyahat ederim.Oktay Rifat\u2019la Melih Cevdet\u2019tirEn yak\u0131n arkada\u015flar\u0131m.Bir de sevgilim vard\u0131r pek muteber;\u0130smini s\u00f6yleyemem,Edebiyat tarih\u00e7isi bulsun.Modern \u015fiire g\u00fcncel bir ifade kazand\u0131rmak i\u00e7in yola \u00e7\u0131kan, bir k\u0131r\u0131l\u0131m niteli\u011findeki Garip ak\u0131m\u0131n\u0131n kurucusu, bir garip Orhan Veli. S\u00fcleyman Efendilerin, Y\u00fcksekkald\u0131r\u0131m\u2019daki Mel\u00e2hatlerin, her gece \u015fehrin sakinleri uyanmadan g\u00f6ky\u00fcz\u00fcn\u00fc boyayan Dalgac\u0131 Mahmutlar\u0131n \u201cm\u0131sra-\u0131 me\u015fhurunun m\u00fcbdii\u201d, bir garip Orhan Veli. \u201cCep delik cepken delik\u201d dola\u015ft\u0131\u011f\u0131 \u0130stanbul \u00e7ar\u015f\u0131lar\u0131n\u0131n, lokantalar\u0131n\u0131n ve sokaklar\u0131n\u0131n dilini \u201c\u015fairanenin aleyhinde\u201d \u015fiire getirmi\u015f, bir garip Orhan Veli.Orhan Veli\u2019nin B\u00fct\u00fcn \u015eiirleri, Can Yay\u0131nlar\u0131\u2019nda yay\u0131mlanan derlemeden yola \u00e7\u0131k\u0131larak haz\u0131rlanm\u0131\u015f bir bask\u0131yla, Erdal \u00d6z\u2019\u00fcn g\u00fcncelledi\u011fi Garip \u00f6ns\u00f6zleriyle bir kez daha okurlarla bulu\u015fuyor.<\/p>\n","protected":false},"excerpt":{"rendered":"<p>Yayan dola\u015f\u0131r\u0131m,M\u00fctenekkiren seyahat ederim.Oktay Rifat\u2019la Melih Cevdet\u2019tirEn yak\u0131n arkada\u015flar\u0131m.Bir de sevgilim vard\u0131r pek muteber;\u0130smini s\u00f6yleyemem,Edebiyat tarih\u00e7isi bulsun.Modern \u015fiire g\u00fcncel bir ifade kazand\u0131rmak i\u00e7in yola \u00e7\u0131kan, bir<span class=\"excerpt-hellip\"> [\u2026]<\/span><\/p>\n","protected":false},"featured_media":0,"template":"","meta":{"_monsterinsights_skip_tracking":false,"_monsterinsights_sitenote_active":false,"_monsterinsights_sitenote_note":"","_monsterinsights_sitenote_category":0},"product_brand":[],"product_cat":[12291,12509],"product_tag":[],"class_list":{"0":"post-728770","1":"product","2":"type-product","3":"status-publish","5":"product_cat-edebiyat","6":"product_cat-siir","7":"pa_cilt-ciltsiz","8":"pa_tur-kitap","9":"pa_yayinevi-can-yayinlari","10":"pa_yazar-orhan-veli-kanik","12":"first","13":"instock","14":"sale","15":"shipping-taxable","16":"purchasable","17":"product-type-simple"},"_links":{"self":[{"href":"https:\/\/roveyayinevi.com.tr\/index.php\/wp-json\/wp\/v2\/product\/728770","targetHints":{"allow":["GET"]}}],"collection":[{"href":"https:\/\/roveyayinevi.com.tr\/index.php\/wp-json\/wp\/v2\/product"}],"about":[{"href":"https:\/\/roveyayinevi.com.tr\/index.php\/wp-json\/wp\/v2\/types\/product"}],"wp:attachment":[{"href":"https:\/\/roveyayinevi.com.tr\/index.php\/wp-json\/wp\/v2\/media?parent=728770"}],"wp:term":[{"taxonomy":"product_brand","embeddable":true,"href":"https:\/\/roveyayinevi.com.tr\/index.php\/wp-json\/wp\/v2\/product_brand?post=728770"},{"taxonomy":"product_cat","embeddable":true,"href":"https:\/\/roveyayinevi.com.tr\/index.php\/wp-json\/wp\/v2\/product_cat?post=728770"},{"taxonomy":"product_tag","embeddable":true,"href":"https:\/\/roveyayinevi.com.tr\/index.php\/wp-json\/wp\/v2\/product_tag?post=728770"}],"curies":[{"name":"wp","href":"https:\/\/api.w.org\/{rel}","templated":true}]}}