{"id":728768,"date":"2025-08-27T20:44:45","date_gmt":"2025-08-27T17:44:45","guid":{"rendered":"https:\/\/roveyayinevi.com.tr\/index.php\/urun\/jane-eyre-klasik-kadinlar\/"},"modified":"2026-04-16T02:36:37","modified_gmt":"2026-04-15T23:36:37","slug":"jane-eyre-klasik-kadinlar","status":"publish","type":"product","link":"https:\/\/roveyayinevi.com.tr\/index.php\/urun\/jane-eyre-klasik-kadinlar\/","title":{"rendered":"Jane Eyre &#8211; Klasik Kad\u0131nlar"},"content":{"rendered":"<p>K\u00fc\u00e7\u00fck ya\u015fta \u00f6ks\u00fcz kalan Jane Eyre, kendisini hi\u00e7bir zaman sevmeyen ancak kocas\u0131n\u0131n vasiyeti \u00fczerine bak\u0131m\u0131n\u0131 \u00fcstlenen yengesiyle zor bir ya\u015fam s\u00fcrmektedir. Kat\u0131 kurallarla y\u00f6netilen bir yat\u0131l\u0131 okula g\u00f6nderilince, bu kez hayat\u0131n ba\u015fka zorluklar\u0131yla y\u00fczle\u015fmek zorunda kal\u0131r. Okulda ge\u00e7irdi\u011fi on y\u0131l\u0131n ard\u0131ndan \u00f6\u011fretmen olarak mezun olur. Edward Rochester\u2019\u0131n malik\u00e2nesinde m\u00fcrebbiye olarak i\u015f bulur. Evin gizemli efendisi Rochester\u2019a \u00e2\u015f\u0131k olur; ancak onu hayal bile edemeyece\u011fi zorluklar ve ac\u0131lar beklemektedir.19. y\u00fczy\u0131l \u0130ngiltere\u2019sinde, her t\u00fcrl\u00fc tutuculu\u011fun kol gezdi\u011fi Victoria d\u00f6neminde ge\u00e7en Jane Eyre, bir\u00e7oklar\u0131nca kad\u0131n hak ve \u00f6zg\u00fcrl\u00fcklerine sahip \u00e7\u0131kan ilk romanlardan biri olarak kabul edilir. Yazar\u0131 Charlotte Bront\u00eb\u2019nin ya\u015fam\u0131ndan izler de ta\u015f\u0131yan roman, zorlu bir ya\u015fam s\u00fcren yapayaln\u0131z bir gen\u00e7 k\u0131z\u0131n g\u00fc\u00e7l\u00fc bir kad\u0131na d\u00f6n\u00fc\u015fmesinin \u00f6yk\u00fcs\u00fcd\u00fcr.Jane Eyre, yaln\u0131zca kad\u0131n\u0131n erkek egemen toplumdaki konumuna g\u00f6z\u00fcpek yakla\u015f\u0131m\u0131yla de\u011fil, \u015fiirsel duygusall\u0131\u011f\u0131 \u00e7a\u011fda\u015f bir ger\u00e7ek\u00e7ilikle harmanlad\u0131\u011f\u0131 anlat\u0131m\u0131yla da \u00f6nc\u00fc olmay\u0131 ba\u015farm\u0131\u015f klasik bir ba\u015fyap\u0131tt\u0131r.<\/p>\n","protected":false},"excerpt":{"rendered":"<p>K\u00fc\u00e7\u00fck ya\u015fta \u00f6ks\u00fcz kalan Jane Eyre, kendisini hi\u00e7bir zaman sevmeyen ancak kocas\u0131n\u0131n vasiyeti \u00fczerine bak\u0131m\u0131n\u0131 \u00fcstlenen yengesiyle zor bir ya\u015fam s\u00fcrmektedir. Kat\u0131 kurallarla y\u00f6netilen bir yat\u0131l\u0131<span class=\"excerpt-hellip\"> [\u2026]<\/span><\/p>\n","protected":false},"featured_media":0,"template":"","meta":{"_monsterinsights_skip_tracking":false,"_monsterinsights_sitenote_active":false,"_monsterinsights_sitenote_note":"","_monsterinsights_sitenote_category":0},"product_brand":[],"product_cat":[12291,12711],"product_tag":[],"class_list":{"0":"post-728768","1":"product","2":"type-product","3":"status-publish","5":"product_cat-edebiyat","6":"product_cat-roman-oyku","7":"pa_cilt-ciltsiz","8":"pa_tur-kitap","9":"pa_yayinevi-can-yayinlari","10":"pa_yazar-charlotte-bronte","12":"first","13":"instock","14":"sale","15":"shipping-taxable","16":"purchasable","17":"product-type-simple"},"_links":{"self":[{"href":"https:\/\/roveyayinevi.com.tr\/index.php\/wp-json\/wp\/v2\/product\/728768","targetHints":{"allow":["GET"]}}],"collection":[{"href":"https:\/\/roveyayinevi.com.tr\/index.php\/wp-json\/wp\/v2\/product"}],"about":[{"href":"https:\/\/roveyayinevi.com.tr\/index.php\/wp-json\/wp\/v2\/types\/product"}],"wp:attachment":[{"href":"https:\/\/roveyayinevi.com.tr\/index.php\/wp-json\/wp\/v2\/media?parent=728768"}],"wp:term":[{"taxonomy":"product_brand","embeddable":true,"href":"https:\/\/roveyayinevi.com.tr\/index.php\/wp-json\/wp\/v2\/product_brand?post=728768"},{"taxonomy":"product_cat","embeddable":true,"href":"https:\/\/roveyayinevi.com.tr\/index.php\/wp-json\/wp\/v2\/product_cat?post=728768"},{"taxonomy":"product_tag","embeddable":true,"href":"https:\/\/roveyayinevi.com.tr\/index.php\/wp-json\/wp\/v2\/product_tag?post=728768"}],"curies":[{"name":"wp","href":"https:\/\/api.w.org\/{rel}","templated":true}]}}