{"id":728766,"date":"2025-08-27T20:44:43","date_gmt":"2025-08-27T17:44:43","guid":{"rendered":"https:\/\/roveyayinevi.com.tr\/index.php\/urun\/moll-flanders-klasik-kadinlar\/"},"modified":"2026-04-16T02:36:37","modified_gmt":"2026-04-15T23:36:37","slug":"moll-flanders-klasik-kadinlar","status":"publish","type":"product","link":"https:\/\/roveyayinevi.com.tr\/index.php\/urun\/moll-flanders-klasik-kadinlar\/","title":{"rendered":"Moll Flanders &#8211; Klasik Kad\u0131nlar"},"content":{"rendered":"<p>Moll Flanders, 17. y\u00fczy\u0131l \u0130ngiltere\u2019sinde d\u00fcnyaya gelen bir kad\u0131n\u0131n ya\u015fam\u00f6yk\u00fcs\u00fcn\u00fc, kendi a\u011fz\u0131ndan aktar\u0131r. Zindanda do\u011fup on iki y\u0131l fahi\u015felik, on iki y\u0131l h\u0131rs\u0131zl\u0131k yaparak ya\u015fayan, ba\u015f\u0131ndan be\u015f evlilik ge\u00e7en, maceralar\u0131 \u0130ngiltere\u2019den Amerika\u2019ya uzanan Moll Flanders, tart\u0131\u015fmaya a\u00e7\u0131k hayat g\u00f6r\u00fc\u015f\u00fc ve derinlemesine sunulan portresiyle \u0130ngiliz edebiyat\u0131n\u0131n en ilgi \u00e7ekici kad\u0131n kahramanlar\u0131ndan biridir.Roman t\u00fcr\u00fcn\u00fcn ilk \u00f6rneklerinden olan Moll Flanders, bir yandan d\u00f6nemin toplumsal de\u011ferlerine \u0131\u015f\u0131k tutarken di\u011fer yandan da su\u00e7 d\u00fcnyas\u0131n\u0131 ve cinsellik konular\u0131n\u0131, ahlak dersi verme kayg\u0131s\u0131 g\u00fctmeksizin a\u00e7\u0131k\u00e7a g\u00f6zler \u00f6n\u00fcne serer. \u0130lk yay\u0131mland\u0131\u011f\u0131 1722 y\u0131l\u0131ndan itibaren b\u00fcy\u00fck ses getiren kitab\u0131n ba\u015fkarakterinin temel olarak kabul etti\u011fi ihtiya\u00e7lar\u0131ndan vazge\u00e7meden ve ki\u015fili\u011finden \u00f6d\u00fcn vermeden toplum i\u00e7inde hayatta kalabilme m\u00fccadelesi, Moll Flanders\u2019\u0131n Defoe\u2019nun en \u00fcnl\u00fc eseri Robinson Crusoe\u2019yla kar\u015f\u0131la\u015ft\u0131r\u0131lmas\u0131na vesile olmu\u015ftur. Zira Moll Flanders, bin bir \u00f6zveri ve kurnazl\u0131k g\u00f6stererek g\u00f6\u011f\u00fcs gerdi\u011fi ataerkil toplumda, okyanusun ortas\u0131nda bir adaya d\u00fc\u015fen Robinson Crusoe kadar yaln\u0131z, bir o kadar da yarat\u0131c\u0131 ve beceriklidir.<\/p>\n","protected":false},"excerpt":{"rendered":"<p>Moll Flanders, 17. y\u00fczy\u0131l \u0130ngiltere\u2019sinde d\u00fcnyaya gelen bir kad\u0131n\u0131n ya\u015fam\u00f6yk\u00fcs\u00fcn\u00fc, kendi a\u011fz\u0131ndan aktar\u0131r. Zindanda do\u011fup on iki y\u0131l fahi\u015felik, on iki y\u0131l h\u0131rs\u0131zl\u0131k yaparak ya\u015fayan, ba\u015f\u0131ndan<span class=\"excerpt-hellip\"> [\u2026]<\/span><\/p>\n","protected":false},"featured_media":0,"template":"","meta":{"_monsterinsights_skip_tracking":false,"_monsterinsights_sitenote_active":false,"_monsterinsights_sitenote_note":"","_monsterinsights_sitenote_category":0},"product_brand":[],"product_cat":[12291,12711],"product_tag":[],"class_list":{"0":"post-728766","1":"product","2":"type-product","3":"status-publish","5":"product_cat-edebiyat","6":"product_cat-roman-oyku","7":"pa_cilt-ciltsiz","8":"pa_tur-kitap","9":"pa_yayinevi-can-yayinlari","10":"pa_yazar-daniel-defoe","12":"first","13":"instock","14":"sale","15":"shipping-taxable","16":"purchasable","17":"product-type-simple"},"_links":{"self":[{"href":"https:\/\/roveyayinevi.com.tr\/index.php\/wp-json\/wp\/v2\/product\/728766","targetHints":{"allow":["GET"]}}],"collection":[{"href":"https:\/\/roveyayinevi.com.tr\/index.php\/wp-json\/wp\/v2\/product"}],"about":[{"href":"https:\/\/roveyayinevi.com.tr\/index.php\/wp-json\/wp\/v2\/types\/product"}],"wp:attachment":[{"href":"https:\/\/roveyayinevi.com.tr\/index.php\/wp-json\/wp\/v2\/media?parent=728766"}],"wp:term":[{"taxonomy":"product_brand","embeddable":true,"href":"https:\/\/roveyayinevi.com.tr\/index.php\/wp-json\/wp\/v2\/product_brand?post=728766"},{"taxonomy":"product_cat","embeddable":true,"href":"https:\/\/roveyayinevi.com.tr\/index.php\/wp-json\/wp\/v2\/product_cat?post=728766"},{"taxonomy":"product_tag","embeddable":true,"href":"https:\/\/roveyayinevi.com.tr\/index.php\/wp-json\/wp\/v2\/product_tag?post=728766"}],"curies":[{"name":"wp","href":"https:\/\/api.w.org\/{rel}","templated":true}]}}