{"id":728763,"date":"2025-08-27T20:44:40","date_gmt":"2025-08-27T17:44:40","guid":{"rendered":"https:\/\/roveyayinevi.com.tr\/index.php\/urun\/kanatsiz-melekler\/"},"modified":"2026-04-16T02:36:37","modified_gmt":"2026-04-15T23:36:37","slug":"kanatsiz-melekler","status":"publish","type":"product","link":"https:\/\/roveyayinevi.com.tr\/index.php\/urun\/kanatsiz-melekler\/","title":{"rendered":"Kanats\u0131z Melekler"},"content":{"rendered":"<p>Hayata bir kere geldik ve bir daha ya\u015fama \u015fans\u0131m\u0131z yok. Bu \u015fans tek, biz tekiz, ba\u015fka biz yok.Kitab\u0131 okumaya ba\u015flamadan \u00f6nce elinize bir ayna al\u0131n.Sadece g\u00f6zlerinize bak\u0131n.G\u00f6receksiniz ki sizden ba\u015fka yok.Teksiniz, k\u0131ymetlisiniz.\u00d6n\u00fcn\u00fcze ne engebeler ne tepeler ne da\u011flar ne dikenler \u00e7\u0131kacak.Ama siz bu yolda y\u00fcr\u00fcyen ve y\u0131lmayan birer kanats\u0131z meleksiniz.<\/p>\n","protected":false},"excerpt":{"rendered":"<p>Hayata bir kere geldik ve bir daha ya\u015fama \u015fans\u0131m\u0131z yok. Bu \u015fans tek, biz tekiz, ba\u015fka biz yok.Kitab\u0131 okumaya ba\u015flamadan \u00f6nce elinize bir ayna al\u0131n.Sadece g\u00f6zlerinize<span class=\"excerpt-hellip\"> [\u2026]<\/span><\/p>\n","protected":false},"featured_media":0,"template":"","meta":{"_monsterinsights_skip_tracking":false,"_monsterinsights_sitenote_active":false,"_monsterinsights_sitenote_note":"","_monsterinsights_sitenote_category":0},"product_brand":[],"product_cat":[12291,12711],"product_tag":[],"class_list":{"0":"post-728763","1":"product","2":"type-product","3":"status-publish","5":"product_cat-edebiyat","6":"product_cat-roman-oyku","7":"pa_cilt-ciltsiz","8":"pa_tur-kitap","9":"pa_yayinevi-servet-yayinevi","10":"pa_yazar-sevil-sevil","12":"first","13":"instock","14":"sale","15":"shipping-taxable","16":"purchasable","17":"product-type-simple"},"_links":{"self":[{"href":"https:\/\/roveyayinevi.com.tr\/index.php\/wp-json\/wp\/v2\/product\/728763","targetHints":{"allow":["GET"]}}],"collection":[{"href":"https:\/\/roveyayinevi.com.tr\/index.php\/wp-json\/wp\/v2\/product"}],"about":[{"href":"https:\/\/roveyayinevi.com.tr\/index.php\/wp-json\/wp\/v2\/types\/product"}],"wp:attachment":[{"href":"https:\/\/roveyayinevi.com.tr\/index.php\/wp-json\/wp\/v2\/media?parent=728763"}],"wp:term":[{"taxonomy":"product_brand","embeddable":true,"href":"https:\/\/roveyayinevi.com.tr\/index.php\/wp-json\/wp\/v2\/product_brand?post=728763"},{"taxonomy":"product_cat","embeddable":true,"href":"https:\/\/roveyayinevi.com.tr\/index.php\/wp-json\/wp\/v2\/product_cat?post=728763"},{"taxonomy":"product_tag","embeddable":true,"href":"https:\/\/roveyayinevi.com.tr\/index.php\/wp-json\/wp\/v2\/product_tag?post=728763"}],"curies":[{"name":"wp","href":"https:\/\/api.w.org\/{rel}","templated":true}]}}