{"id":728762,"date":"2025-08-27T20:44:39","date_gmt":"2025-08-27T17:44:39","guid":{"rendered":"https:\/\/roveyayinevi.com.tr\/index.php\/urun\/mekansal-aglar-arastirma-ve-kamu-erisimi-icin-anadolunun-gecmisinin-haritalandirilmasi\/"},"modified":"2026-04-16T02:36:37","modified_gmt":"2026-04-15T23:36:37","slug":"mekansal-aglar-arastirma-ve-kamu-erisimi-icin-anadolunun-gecmisinin-haritalandirilmasi","status":"publish","type":"product","link":"https:\/\/roveyayinevi.com.tr\/index.php\/urun\/mekansal-aglar-arastirma-ve-kamu-erisimi-icin-anadolunun-gecmisinin-haritalandirilmasi\/","title":{"rendered":"Mekansal A\u011flar &#8211; Ara\u015ft\u0131rma Ve Kamu Eri\u015fimi \u0130\u00e7in Anadolu&#8217;nun Ge\u00e7mi\u015finin Haritaland\u0131r\u0131lmas\u0131"},"content":{"rendered":"<p>Mek\u00e2nsal A\u011flar, ge\u00e7mi\u015fi incelemek i\u00e7in Co\u011frafi Bilgi Sistemleri (CBS) ve di\u011fer analitik ara\u00e7lar\u0131n kullan\u0131ld\u0131\u011f\u0131 ara\u015ft\u0131rma projelerine odaklanarak Anadolu\u2019nun k\u00fclt\u00fcrel miras ve kimli\u011fini haritalamay\u0131 hedeflemi\u015ftir. Arkeoloji ve k\u00fclt\u00fcrel miras alanlar\u0131nda g\u00f6rece yeni tekniklere de odaklanan bu derleme yay\u0131n, veri koleksiyonlar\u0131n\u0131 mek\u00e2nsal boyuta ta\u015f\u0131yan ve web tabanl\u0131 haritalamaya y\u00f6nelik \u00e7al\u0131\u015fma yapan farkl\u0131 disiplinlerden ara\u015ft\u0131rmac\u0131lar\u0131 bir araya getirmektedir. Kitapta yer alan makaleler Orta\u00e7a\u011f Anadolu\u2019sundaki Yahudi topluluklar\u0131n haritalanmas\u0131, Hrant Dink Vakf\u0131\u2019n\u0131n T\u00fcrkiye K\u00fclt\u00fcr Varl\u0131klar\u0131 Haritas\u0131, Osmanl\u0131 d\u00f6nemindeki bostanc\u0131ba\u015f\u0131 kay\u0131tlar\u0131ndan yola \u00e7\u0131karak \u0130stanbul k\u0131y\u0131 \u015feridindeki sosyo-mek\u00e2nsal farkl\u0131l\u0131klar\u0131n ara\u015ft\u0131r\u0131lmas\u0131 gibi farkl\u0131 konulardan olu\u015fmaktad\u0131r. <\/p>\n","protected":false},"excerpt":{"rendered":"<p>Mek\u00e2nsal A\u011flar, ge\u00e7mi\u015fi incelemek i\u00e7in Co\u011frafi Bilgi Sistemleri (CBS) ve di\u011fer analitik ara\u00e7lar\u0131n kullan\u0131ld\u0131\u011f\u0131 ara\u015ft\u0131rma projelerine odaklanarak Anadolu\u2019nun k\u00fclt\u00fcrel miras ve kimli\u011fini haritalamay\u0131 hedeflemi\u015ftir. Arkeoloji ve<span class=\"excerpt-hellip\"> [\u2026]<\/span><\/p>\n","protected":false},"featured_media":0,"template":"","meta":{"_monsterinsights_skip_tracking":false,"_monsterinsights_sitenote_active":false,"_monsterinsights_sitenote_note":"","_monsterinsights_sitenote_category":0},"product_brand":[],"product_cat":[12370,12304],"product_tag":[],"class_list":{"0":"post-728762","1":"product","2":"type-product","3":"status-publish","5":"product_cat-arastirma-inceleme","6":"product_cat-tarih","7":"pa_cilt-ciltsiz","8":"pa_tur-kitap","9":"pa_yayinevi-koc-universitesi-yayinlari","10":"pa_yazar-koc-universitesi-yayinlari-kolektif","12":"first","13":"instock","14":"sale","15":"shipping-taxable","16":"purchasable","17":"product-type-simple"},"_links":{"self":[{"href":"https:\/\/roveyayinevi.com.tr\/index.php\/wp-json\/wp\/v2\/product\/728762","targetHints":{"allow":["GET"]}}],"collection":[{"href":"https:\/\/roveyayinevi.com.tr\/index.php\/wp-json\/wp\/v2\/product"}],"about":[{"href":"https:\/\/roveyayinevi.com.tr\/index.php\/wp-json\/wp\/v2\/types\/product"}],"wp:attachment":[{"href":"https:\/\/roveyayinevi.com.tr\/index.php\/wp-json\/wp\/v2\/media?parent=728762"}],"wp:term":[{"taxonomy":"product_brand","embeddable":true,"href":"https:\/\/roveyayinevi.com.tr\/index.php\/wp-json\/wp\/v2\/product_brand?post=728762"},{"taxonomy":"product_cat","embeddable":true,"href":"https:\/\/roveyayinevi.com.tr\/index.php\/wp-json\/wp\/v2\/product_cat?post=728762"},{"taxonomy":"product_tag","embeddable":true,"href":"https:\/\/roveyayinevi.com.tr\/index.php\/wp-json\/wp\/v2\/product_tag?post=728762"}],"curies":[{"name":"wp","href":"https:\/\/api.w.org\/{rel}","templated":true}]}}