{"id":728761,"date":"2025-08-27T20:44:38","date_gmt":"2025-08-27T17:44:38","guid":{"rendered":"https:\/\/roveyayinevi.com.tr\/index.php\/urun\/antitezler\/"},"modified":"2026-04-16T02:36:37","modified_gmt":"2026-04-15T23:36:37","slug":"antitezler","status":"publish","type":"product","link":"https:\/\/roveyayinevi.com.tr\/index.php\/urun\/antitezler\/","title":{"rendered":"Antitezler"},"content":{"rendered":"<p>Edebi ile akademik alanlar\u0131n gelgitli bir ili\u015fkisi oldu\u011fu s\u00f6ylenir. Yazarlar ve akademisyenler birbirlerinin antitezi olarak d\u00fc\u015f\u00fcn\u00fcl\u00fcr. Peki, bu iki d\u00fcnya aras\u0131nda ger\u00e7ekten de a\u015f\u0131lamaz bir duvar m\u0131 \u00f6r\u00fcl\u00fcd\u00fcr, bir k\u00f6pr\u00fc olu\u015fturman\u0131n hi\u00e7 mi imk\u00e2n\u0131 yoktur? Antitezler, edebi ve akademik yaz\u0131lar\u0131n \u201cyazar tezi\u201d gibi \u00e7ok \u00f6zel bir malzeme arac\u0131l\u0131\u011f\u0131yla nas\u0131l kar\u015f\u0131la\u015ft\u0131\u011f\u0131n\u0131, yollar\u0131n\u0131n nas\u0131l kesi\u015fti\u011fini g\u00f6zler \u00f6n\u00fcne seriyor. Yazar tezleri s\u00f6z konusu oldu\u011funda, akademik \u00e7al\u0131\u015fma edebi bir yat\u0131r\u0131m olamaz m\u0131 ya da edebi eser akademik ara\u015ft\u0131rmadan ne derece etkilenebilir? Mallarm\u00e9 varolu\u015fsal krizinden kurtulmak amac\u0131yla dilbilimle ilgili bir teze ba\u015flam\u0131\u015ft\u0131; P\u00e9guy\u2019nin tezi Sorbonne\u2019a kar\u015f\u0131 uzun bir hakaretten ibaretti; Paulhan\u2019\u0131nki otuz be\u015f y\u0131l\u0131 a\u015fan bir s\u00fcreye yay\u0131lm\u0131\u015f say\u0131s\u0131z m\u00fcsvedde i\u00e7inde kaybolmu\u015ftu; C\u00e9line, Macar bir doktora d\u00fczd\u00fc\u011f\u00fc methiye arkas\u0131na belli belirsiz gizlenmi\u015f otoportresini sunmu\u015ftu doktora j\u00fcrisine ve Barthes, tezin \u201cerotik bir beden\u201d olmas\u0131 gerekti\u011fini ileri s\u00fcrm\u00fc\u015ft\u00fc. \u00dcniversite ile edebiyat aras\u0131nda, yaz\u0131lmay\u0131 bekleyen bir tarihe -yazarlar\u0131n \u00fcniversiteyle ili\u015fkilerinin tarihine- Fransa deneyimini merkeze alarak katk\u0131 yapmay\u0131 ama\u00e7layan Antitezler, edebi ve akademik d\u00fcnyalar\u0131n kar\u015f\u0131la\u015ft\u0131\u011f\u0131 ve birbirine meydan okudu\u011fu tarihsel bir soru\u015fturma sunuyor bize. Ayn\u0131 zamanda tez yaz\u0131m\u0131na dair, yazarlar\u0131n akademik normlar\u0131 ve bi\u00e7imleri sorgulad\u0131\u011f\u0131 ve yazma hakk\u0131ndaki tavsiyelerini dam\u0131tt\u0131klar\u0131 bir anti-k\u0131lavuz bu. Kar\u015f\u0131la\u015ft\u0131rmal\u0131 Edebiyat doktoras\u0131na sahip olan Charles Coustille, \u00f6zellikle Frans\u0131z \u015fair ve deneme yazar\u0131 Charles P\u00e9guy hakk\u0131ndaki \u00e7al\u0131\u015fmalar\u0131yla tan\u0131n\u0131yor.<\/p>\n","protected":false},"excerpt":{"rendered":"<p>Edebi ile akademik alanlar\u0131n gelgitli bir ili\u015fkisi oldu\u011fu s\u00f6ylenir. Yazarlar ve akademisyenler birbirlerinin antitezi olarak d\u00fc\u015f\u00fcn\u00fcl\u00fcr. Peki, bu iki d\u00fcnya aras\u0131nda ger\u00e7ekten de a\u015f\u0131lamaz bir duvar<span class=\"excerpt-hellip\"> [\u2026]<\/span><\/p>\n","protected":false},"featured_media":0,"template":"","meta":{"_monsterinsights_skip_tracking":false,"_monsterinsights_sitenote_active":false,"_monsterinsights_sitenote_note":"","_monsterinsights_sitenote_category":0},"product_brand":[],"product_cat":[12291,12610],"product_tag":[],"class_list":{"0":"post-728761","1":"product","2":"type-product","3":"status-publish","5":"product_cat-edebiyat","6":"product_cat-elestiri-inceleme-kuram","7":"pa_cilt-ciltsiz","8":"pa_tur-kitap","9":"pa_yayinevi-koc-universitesi-yayinlari","10":"pa_yazar-charles-coustille","12":"first","13":"instock","14":"sale","15":"shipping-taxable","16":"purchasable","17":"product-type-simple"},"_links":{"self":[{"href":"https:\/\/roveyayinevi.com.tr\/index.php\/wp-json\/wp\/v2\/product\/728761","targetHints":{"allow":["GET"]}}],"collection":[{"href":"https:\/\/roveyayinevi.com.tr\/index.php\/wp-json\/wp\/v2\/product"}],"about":[{"href":"https:\/\/roveyayinevi.com.tr\/index.php\/wp-json\/wp\/v2\/types\/product"}],"wp:attachment":[{"href":"https:\/\/roveyayinevi.com.tr\/index.php\/wp-json\/wp\/v2\/media?parent=728761"}],"wp:term":[{"taxonomy":"product_brand","embeddable":true,"href":"https:\/\/roveyayinevi.com.tr\/index.php\/wp-json\/wp\/v2\/product_brand?post=728761"},{"taxonomy":"product_cat","embeddable":true,"href":"https:\/\/roveyayinevi.com.tr\/index.php\/wp-json\/wp\/v2\/product_cat?post=728761"},{"taxonomy":"product_tag","embeddable":true,"href":"https:\/\/roveyayinevi.com.tr\/index.php\/wp-json\/wp\/v2\/product_tag?post=728761"}],"curies":[{"name":"wp","href":"https:\/\/api.w.org\/{rel}","templated":true}]}}