{"id":728759,"date":"2025-08-27T20:44:36","date_gmt":"2025-08-27T17:44:36","guid":{"rendered":"https:\/\/roveyayinevi.com.tr\/index.php\/urun\/karanlikta-zikzak\/"},"modified":"2026-04-16T02:36:37","modified_gmt":"2026-04-15T23:36:37","slug":"karanlikta-zikzak","status":"publish","type":"product","link":"https:\/\/roveyayinevi.com.tr\/index.php\/urun\/karanlikta-zikzak\/","title":{"rendered":"Karanl\u0131kta Zikzak"},"content":{"rendered":"<p>Metnin ve ill\u00fcstrasyonlar\u0131n yarat\u0131c\u0131 \u015fekilde bir araya geldi\u011fi Karanl\u0131kta Zikzak, d\u00fc\u015f\u00fcncelere dalman\u0131n ve ayr\u0131nt\u0131lar\u0131nda kaybolman\u0131n kitab\u0131.Y\u00fcce Y\u00f6ney ve Turgut Y\u00fcksel\u2019den g\u00f6lgeler, fikirler, anahtarlar \u00fczerine d\u00fc\u015f\u00fcnd\u00fcr\u00fcc\u00fc ve s\u0131rad\u0131\u015f\u0131 bir \u00f6yk\u00fc.Zikzak, kendini r\u00fcyalar\u0131n kuca\u011f\u0131na b\u0131rakmaya ba\u015flarken duydu\u011fu belli belirsiz sesle g\u00f6zlerini a\u00e7t\u0131. Kimseyi g\u00f6remedi. Bu bir ses miydi, de\u011fil miydi? Bu sorunun cevab\u0131 i\u00e7in \u0131\u015f\u0131\u011f\u0131 a\u00e7\u0131p kitab\u0131 okuman\u0131z\u0131 \u00f6neriyoruz. \u00c7\u00fcnk\u00fc o, sadece \u0131\u015f\u0131kla var oluyor.<\/p>\n","protected":false},"excerpt":{"rendered":"<p>Metnin ve ill\u00fcstrasyonlar\u0131n yarat\u0131c\u0131 \u015fekilde bir araya geldi\u011fi Karanl\u0131kta Zikzak, d\u00fc\u015f\u00fcncelere dalman\u0131n ve ayr\u0131nt\u0131lar\u0131nda kaybolman\u0131n kitab\u0131.Y\u00fcce Y\u00f6ney ve Turgut Y\u00fcksel\u2019den g\u00f6lgeler, fikirler, anahtarlar \u00fczerine d\u00fc\u015f\u00fcnd\u00fcr\u00fcc\u00fc ve<span class=\"excerpt-hellip\"> [\u2026]<\/span><\/p>\n","protected":false},"featured_media":0,"template":"","meta":{"_monsterinsights_skip_tracking":false,"_monsterinsights_sitenote_active":false,"_monsterinsights_sitenote_note":"","_monsterinsights_sitenote_category":0},"product_brand":[],"product_cat":[12291,12711],"product_tag":[],"class_list":{"0":"post-728759","1":"product","2":"type-product","3":"status-publish","5":"product_cat-edebiyat","6":"product_cat-roman-oyku","7":"pa_cilt-ciltsiz","8":"pa_tur-kitap","9":"pa_yayinevi-cinar-yayinlari","10":"pa_yazar-yuce-yoney","12":"first","13":"instock","14":"sale","15":"shipping-taxable","16":"purchasable","17":"product-type-simple"},"_links":{"self":[{"href":"https:\/\/roveyayinevi.com.tr\/index.php\/wp-json\/wp\/v2\/product\/728759","targetHints":{"allow":["GET"]}}],"collection":[{"href":"https:\/\/roveyayinevi.com.tr\/index.php\/wp-json\/wp\/v2\/product"}],"about":[{"href":"https:\/\/roveyayinevi.com.tr\/index.php\/wp-json\/wp\/v2\/types\/product"}],"wp:attachment":[{"href":"https:\/\/roveyayinevi.com.tr\/index.php\/wp-json\/wp\/v2\/media?parent=728759"}],"wp:term":[{"taxonomy":"product_brand","embeddable":true,"href":"https:\/\/roveyayinevi.com.tr\/index.php\/wp-json\/wp\/v2\/product_brand?post=728759"},{"taxonomy":"product_cat","embeddable":true,"href":"https:\/\/roveyayinevi.com.tr\/index.php\/wp-json\/wp\/v2\/product_cat?post=728759"},{"taxonomy":"product_tag","embeddable":true,"href":"https:\/\/roveyayinevi.com.tr\/index.php\/wp-json\/wp\/v2\/product_tag?post=728759"}],"curies":[{"name":"wp","href":"https:\/\/api.w.org\/{rel}","templated":true}]}}