{"id":728758,"date":"2025-08-27T20:44:35","date_gmt":"2025-08-27T17:44:35","guid":{"rendered":"https:\/\/roveyayinevi.com.tr\/index.php\/urun\/bizans-kackinlari\/"},"modified":"2026-04-03T02:44:04","modified_gmt":"2026-04-02T23:44:04","slug":"bizans-kackinlari","status":"publish","type":"product","link":"https:\/\/roveyayinevi.com.tr\/index.php\/urun\/bizans-kackinlari\/","title":{"rendered":"Bizans Ka\u00e7k\u0131nlar\u0131"},"content":{"rendered":"<p>Bug\u00fcnden Bizans D\u00f6nemi\u2019ne heyecanl\u0131 bir yolculuk\u2026   \u0130rem\u2019in evi ba\u015f\u0131n\u0131 nereye \u00e7evirsen bir harabe, bir t\u00fcnel, bir dehliz g\u00f6r\u00fclen Sultanahmet\u2019tedir. K\u00f6pe\u011fi F\u0131rf\u0131r bir g\u00fcn a\u011fz\u0131nda bir kitapla \u00e7\u0131kagelir. Bu tuhaf kitab\u0131n kapa\u011f\u0131nda \u201cArt\u0131r\u0131lm\u0131\u015f Ger\u00e7eklik Art\u0131 ile desteklenmi\u015f Bizans Tarihi\u201d yazmaktad\u0131r. Gelecekten gelen bu kitap \u0130rem, Ali ve Ece\u2019nin hayat\u0131nda acaba ne gibi bir de\u011fi\u015fikli\u011fe neden olacakt\u0131r?   Muzaffer \u00d6zg\u00fcle\u015f\u2019in hem y\u00fczlerce y\u0131l \u00f6nceye Bizans D\u00f6nemi\u2019ne hem gelece\u011fe uzanan bu heyecanl\u0131 zamanda yolculuk maceras\u0131na Ay\u015f\u0131n Deliba\u015f Ero\u011flu resimleriyle e\u015flik ediyor. Tarihte yolculu\u011fa merakl\u0131lara, yazar\u0131n bir \u00f6nceki kitab\u0131 Mimar Sinan Maceras\u0131\u2019n\u0131 da hat\u0131rlatal\u0131m\u2026 <\/p>\n","protected":false},"excerpt":{"rendered":"<p>Bug\u00fcnden Bizans D\u00f6nemi\u2019ne heyecanl\u0131 bir yolculuk\u2026 \u0130rem\u2019in evi ba\u015f\u0131n\u0131 nereye \u00e7evirsen bir harabe, bir t\u00fcnel, bir dehliz g\u00f6r\u00fclen Sultanahmet\u2019tedir. K\u00f6pe\u011fi F\u0131rf\u0131r bir g\u00fcn a\u011fz\u0131nda bir kitapla<span class=\"excerpt-hellip\"> [\u2026]<\/span><\/p>\n","protected":false},"featured_media":0,"template":"","meta":{"_monsterinsights_skip_tracking":false,"_monsterinsights_sitenote_active":false,"_monsterinsights_sitenote_note":"","_monsterinsights_sitenote_category":0},"product_brand":[],"product_cat":[12275,12274],"product_tag":[],"class_list":{"0":"post-728758","1":"product","2":"type-product","3":"status-publish","5":"product_cat-6-12-yas-kitaplari","6":"product_cat-cocuk-ve-genclik-kitaplari","7":"pa_cilt-ciltsiz","8":"pa_tur-kitap","9":"pa_yayinevi-yapi-kredi-yayinlari","10":"pa_yazar-muzaffer-ozgules","12":"first","13":"instock","14":"sale","15":"shipping-taxable","16":"purchasable","17":"product-type-simple"},"_links":{"self":[{"href":"https:\/\/roveyayinevi.com.tr\/index.php\/wp-json\/wp\/v2\/product\/728758","targetHints":{"allow":["GET"]}}],"collection":[{"href":"https:\/\/roveyayinevi.com.tr\/index.php\/wp-json\/wp\/v2\/product"}],"about":[{"href":"https:\/\/roveyayinevi.com.tr\/index.php\/wp-json\/wp\/v2\/types\/product"}],"wp:attachment":[{"href":"https:\/\/roveyayinevi.com.tr\/index.php\/wp-json\/wp\/v2\/media?parent=728758"}],"wp:term":[{"taxonomy":"product_brand","embeddable":true,"href":"https:\/\/roveyayinevi.com.tr\/index.php\/wp-json\/wp\/v2\/product_brand?post=728758"},{"taxonomy":"product_cat","embeddable":true,"href":"https:\/\/roveyayinevi.com.tr\/index.php\/wp-json\/wp\/v2\/product_cat?post=728758"},{"taxonomy":"product_tag","embeddable":true,"href":"https:\/\/roveyayinevi.com.tr\/index.php\/wp-json\/wp\/v2\/product_tag?post=728758"}],"curies":[{"name":"wp","href":"https:\/\/api.w.org\/{rel}","templated":true}]}}