{"id":728757,"date":"2025-08-27T20:44:34","date_gmt":"2025-08-27T17:44:34","guid":{"rendered":"https:\/\/roveyayinevi.com.tr\/index.php\/urun\/firtinali-denizler\/"},"modified":"2026-04-16T02:36:37","modified_gmt":"2026-04-15T23:36:37","slug":"firtinali-denizler","status":"publish","type":"product","link":"https:\/\/roveyayinevi.com.tr\/index.php\/urun\/firtinali-denizler\/","title":{"rendered":"F\u0131rt\u0131nal\u0131 Denizler"},"content":{"rendered":"<p>\u201c\u0130nsanlar Denize Atlamak istiyor.\u0130ki saat Y\u00fczebilirlerse k\u0131y\u0131ya ula\u015fabilirler.Geri d\u00f6nmektense Bo\u011fulmay\u0131 tercih ediyorlar.Geri d\u00f6nmek \u00d6l\u00fcm Ferman\u0131 demek.Ben Hayatta Kalmak istiyorum.\u201d\u0130kinci D\u00fcnya Sava\u015f\u0131&#8217;n\u0131n \u00f6ncesinden bug\u00fcn\u00fcn Kuzey Afrika&#8217;s\u0131na, \u00fclkelerinden ka\u00e7an ve ba\u015fka bir yere s\u0131\u011f\u0131nabilmek i\u00e7in a\u00e7\u0131k denizlerde hayatlar\u0131n\u0131 tehlikeye atan be\u015f gencin \u00fcrk\u00fct\u00fcc\u00fc yolculuklar\u0131n\u0131n hik\u00e2yesi. Her biri, huzur ve g\u00fcvenlik bulmak i\u00e7in bildikleri her \u015feyi nas\u0131l geride b\u0131rakmak zorunda kald\u0131klar\u0131n\u0131 y\u00fcrek yakan ayr\u0131nt\u0131larla anlat\u0131yor.Be\u015f \u00e7ocu\u011fun, muazzam bir cesaret ve ola\u011fan\u00fcst\u00fc bir diren\u00e7le, korkun\u00e7 engelleri nas\u0131l a\u015ft\u0131klar\u0131n\u0131n ve umut bulduklar\u0131n\u0131n hikayesi.<\/p>\n","protected":false},"excerpt":{"rendered":"<p>\u201c\u0130nsanlar Denize Atlamak istiyor.\u0130ki saat Y\u00fczebilirlerse k\u0131y\u0131ya ula\u015fabilirler.Geri d\u00f6nmektense Bo\u011fulmay\u0131 tercih ediyorlar.Geri d\u00f6nmek \u00d6l\u00fcm Ferman\u0131 demek.Ben Hayatta Kalmak istiyorum.\u201d\u0130kinci D\u00fcnya Sava\u015f\u0131&#8217;n\u0131n \u00f6ncesinden bug\u00fcn\u00fcn Kuzey Afrika&#8217;s\u0131na, \u00fclkelerinden<span class=\"excerpt-hellip\"> [\u2026]<\/span><\/p>\n","protected":false},"featured_media":0,"template":"","meta":{"_monsterinsights_skip_tracking":false,"_monsterinsights_sitenote_active":false,"_monsterinsights_sitenote_note":"","_monsterinsights_sitenote_category":0},"product_brand":[],"product_cat":[12291,12711],"product_tag":[],"class_list":{"0":"post-728757","1":"product","2":"type-product","3":"status-publish","5":"product_cat-edebiyat","6":"product_cat-roman-oyku","7":"pa_cilt-ciltsiz","8":"pa_tur-kitap","9":"pa_yayinevi-cinar-yayinlari","10":"pa_yazar-mary-beth-leatherdale","12":"first","13":"instock","14":"sale","15":"shipping-taxable","16":"purchasable","17":"product-type-simple"},"_links":{"self":[{"href":"https:\/\/roveyayinevi.com.tr\/index.php\/wp-json\/wp\/v2\/product\/728757","targetHints":{"allow":["GET"]}}],"collection":[{"href":"https:\/\/roveyayinevi.com.tr\/index.php\/wp-json\/wp\/v2\/product"}],"about":[{"href":"https:\/\/roveyayinevi.com.tr\/index.php\/wp-json\/wp\/v2\/types\/product"}],"wp:attachment":[{"href":"https:\/\/roveyayinevi.com.tr\/index.php\/wp-json\/wp\/v2\/media?parent=728757"}],"wp:term":[{"taxonomy":"product_brand","embeddable":true,"href":"https:\/\/roveyayinevi.com.tr\/index.php\/wp-json\/wp\/v2\/product_brand?post=728757"},{"taxonomy":"product_cat","embeddable":true,"href":"https:\/\/roveyayinevi.com.tr\/index.php\/wp-json\/wp\/v2\/product_cat?post=728757"},{"taxonomy":"product_tag","embeddable":true,"href":"https:\/\/roveyayinevi.com.tr\/index.php\/wp-json\/wp\/v2\/product_tag?post=728757"}],"curies":[{"name":"wp","href":"https:\/\/api.w.org\/{rel}","templated":true}]}}