{"id":728756,"date":"2025-08-27T20:44:34","date_gmt":"2025-08-27T17:44:34","guid":{"rendered":"https:\/\/roveyayinevi.com.tr\/index.php\/urun\/sayisal-esitsizlikler-ve-gazeteciligin-gelecegi\/"},"modified":"2026-04-16T02:36:37","modified_gmt":"2026-04-15T23:36:37","slug":"sayisal-esitsizlikler-ve-gazeteciligin-gelecegi","status":"publish","type":"product","link":"https:\/\/roveyayinevi.com.tr\/index.php\/urun\/sayisal-esitsizlikler-ve-gazeteciligin-gelecegi\/","title":{"rendered":"Say\u0131sal E\u015fitsizlikler ve Gazetecili\u011fin Gelece\u011fi"},"content":{"rendered":"<p>Bas\u0131n sanayi, y\u00fcz y\u0131ld\u0131r b\u00fcy\u00fck bir de\u011fi\u015fim i\u00e7inde. Kalem, yerini daktiloya b\u0131rakm\u0131\u015f, telefonun yerini teleks alm\u0131\u015f, bask\u0131 makinalar\u0131n\u0131n yerini ise ofset tesisleri al\u0131yor. Bilgisayarlar daktilolar\u0131n, telekslerin ve bask\u0131 makinalar\u0131n\u0131n pabu\u00e7lar\u0131n\u0131 \u00e7oktan dama atm\u0131\u015f. Uzaktan kumandal\u0131 bilgisayarlarla donanm\u0131\u015f ofset tesisleri yine de kalemin yerini tutamaz.U\u011fur MumcuHer devrin ileti\u015fim teknolojisi, yaz\u0131, hakikat ve gazetecilik mesle\u011finin pratiklerini d\u00f6n\u00fc\u015ft\u00fcr\u00fcyor. U\u011fur Mumcu, bu d\u00f6n\u00fc\u015f\u00fcme 1980\u2019lerde \u00e7arp\u0131c\u0131 \u015fekilde i\u015faret ediyordu. G\u00fcn\u00fcm\u00fczde de yeni ileti\u015fim teknolojilerinin geli\u015fmesi ve gazetecilikteki dijital d\u00f6n\u00fc\u015f\u00fcm, bir yandan gazetecilik i\u00e7in yeni olanaklar sunarken, yeni yeni e\u015fitsizliklerin \u00fcretilmesi ile gazetecilerin sad\u0131k kalmas\u0131 gereken ger\u00e7eklerin itibars\u0131zla\u015fmas\u0131na da yol a\u00e7\u0131yor. Yeni ileti\u015fim teknolojileriyle bir yandan bilgi h\u0131zla yay\u0131labilirken, di\u011fer yandan da yalan \u00e7abucak kitlelerin zihinlerini ele ge\u00e7irebiliyor. \u0130\u00e7inde bulundu\u011fumuz tarihsel d\u00f6nem, tam da bu nedenle yalan\u0131n belki de en itibar g\u00f6rd\u00fc\u011f\u00fc d\u00f6nem olarak de\u011ferlendirilebilir. Yine bu nedenle ger\u00e7ekleri halka iletebilecek bir gazetecili\u011fe her zamankinden daha \u00e7ok ihtiya\u00e7 var.Gazetecilik mesle\u011findeki d\u00f6n\u00fc\u015f\u00fcm\u00fcn yol a\u00e7t\u0131\u011f\u0131 sorunlar\u0131n yan\u0131 s\u0131ra, T\u00fcrkiye\u2019deki mevcut siyasi iklim ve ekonomik zorluklar nedeniyle giderek i\u015flevsiz hale gelen geleneksel ana ak\u0131m gazetecili\u011fe alternatif olan yeni gazetecilik pratikleri aray\u0131\u015f\u0131 da s\u00fcr\u00fcyor. Bu durum, gazetecilik mesle\u011finde yeni sorunlara ve krizlere yol a\u00e7arken, var olan etik tart\u0131\u015fmalara yenileri ekleniyor.Bu kitap, \u00e7ok boyutlu bir yakla\u015f\u0131mla say\u0131sal e\u015fitsizlikleri ele al\u0131rken, gazetecili\u011fin gelece\u011fini etik de\u011ferler, e\u011fitimin niteli\u011fi, yeni gazetecilik modelleri ve yalan haberle m\u00fccadele temalar\u0131 etraf\u0131nda tart\u0131\u015f\u0131yor. Elbette bu tart\u0131\u015f\u0131lan sorun alanlar\u0131na \u00f6rneklerden yola \u00e7\u0131karak etkili \u00e7\u00f6z\u00fcm \u00f6nerileri de getiriyor.<\/p>\n","protected":false},"excerpt":{"rendered":"<p>Bas\u0131n sanayi, y\u00fcz y\u0131ld\u0131r b\u00fcy\u00fck bir de\u011fi\u015fim i\u00e7inde. Kalem, yerini daktiloya b\u0131rakm\u0131\u015f, telefonun yerini teleks alm\u0131\u015f, bask\u0131 makinalar\u0131n\u0131n yerini ise ofset tesisleri al\u0131yor. Bilgisayarlar daktilolar\u0131n, telekslerin<span class=\"excerpt-hellip\"> [\u2026]<\/span><\/p>\n","protected":false},"featured_media":0,"template":"","meta":{"_monsterinsights_skip_tracking":false,"_monsterinsights_sitenote_active":false,"_monsterinsights_sitenote_note":"","_monsterinsights_sitenote_category":0},"product_brand":[],"product_cat":[15983,13488],"product_tag":[],"class_list":{"0":"post-728756","1":"product","2":"type-product","3":"status-publish","5":"product_cat-iletisim-ve-medya","6":"product_cat-toplum-ve-insan","7":"pa_cilt-ciltsiz","8":"pa_tur-kitap","9":"pa_yayinevi-umag-yayinevi","10":"pa_yazar-umag-yayinlari-kolektif","12":"first","13":"instock","14":"sale","15":"shipping-taxable","16":"purchasable","17":"product-type-simple"},"_links":{"self":[{"href":"https:\/\/roveyayinevi.com.tr\/index.php\/wp-json\/wp\/v2\/product\/728756","targetHints":{"allow":["GET"]}}],"collection":[{"href":"https:\/\/roveyayinevi.com.tr\/index.php\/wp-json\/wp\/v2\/product"}],"about":[{"href":"https:\/\/roveyayinevi.com.tr\/index.php\/wp-json\/wp\/v2\/types\/product"}],"wp:attachment":[{"href":"https:\/\/roveyayinevi.com.tr\/index.php\/wp-json\/wp\/v2\/media?parent=728756"}],"wp:term":[{"taxonomy":"product_brand","embeddable":true,"href":"https:\/\/roveyayinevi.com.tr\/index.php\/wp-json\/wp\/v2\/product_brand?post=728756"},{"taxonomy":"product_cat","embeddable":true,"href":"https:\/\/roveyayinevi.com.tr\/index.php\/wp-json\/wp\/v2\/product_cat?post=728756"},{"taxonomy":"product_tag","embeddable":true,"href":"https:\/\/roveyayinevi.com.tr\/index.php\/wp-json\/wp\/v2\/product_tag?post=728756"}],"curies":[{"name":"wp","href":"https:\/\/api.w.org\/{rel}","templated":true}]}}