{"id":728753,"date":"2025-08-27T20:44:31","date_gmt":"2025-08-27T17:44:31","guid":{"rendered":"https:\/\/roveyayinevi.com.tr\/index.php\/urun\/halide-edib\/"},"modified":"2026-04-16T02:36:37","modified_gmt":"2026-04-15T23:36:37","slug":"halide-edib","status":"publish","type":"product","link":"https:\/\/roveyayinevi.com.tr\/index.php\/urun\/halide-edib\/","title":{"rendered":"Halide Edib"},"content":{"rendered":"<p>\u201cElden b\u0131rakmadan okunan bu parlak kitap, ba\u011f\u0131ms\u0131z, \u00f6zg\u00fcrl\u00fck\u00e7\u00fc ve entelekt\u00fcel bir kad\u0131n\u0131n T\u00fcrkiye\u2019de en zor ko\u015fullarda bile nas\u0131l var oldu\u011funu g\u00f6steriyor.\u201d &#8211; Orhan Pamuk   Halide Edib &#8211; Biyografisine S\u0131\u011fmayan Kad\u0131n, \u0130pek \u00c7al\u0131\u015flar\u2019\u0131n \u0130mparatorluk\u2019tan Cumhuriyet\u2019e ge\u00e7i\u015f y\u0131llar\u0131n\u0131 belgelere ve tan\u0131kl\u0131klara dayanarak anlatt\u0131\u011f\u0131 \u00fc\u00e7lemesinin son kitab\u0131. G\u00f6zden ge\u00e7irilmi\u015f yeni bask\u0131s\u0131yla, Mustafa Kemal Atat\u00fcrk ve Latife Han\u0131m biyografilerini sevenler i\u00e7in benzersiz bir hayat \u00f6yk\u00fcs\u00fc.   Halide Edib, kad\u0131nlar\u0131n bo\u015fanma hakk\u0131ndan mahrum oldu\u011fu y\u0131llarda \u00fczerine evlenmek isteyen e\u015fine boyun e\u011fmedi, gelene\u011fi \u00e7i\u011fneyerek \u00fcnl\u00fc matematik\u00e7i Salih Zeki\u2019yi bo\u015fad\u0131. Cumhuriyet\u2019ten \u00f6nceki d\u00f6nemde romanlar\u0131ndaki cesur kad\u0131nlarla e\u015fitlik m\u00fccadelesi ba\u015flatt\u0131: Handan\u2019da bir kad\u0131n\u0131n cinsel arzular\u0131n\u0131 yazd\u0131, Yeni Turan\u2019da oy hakk\u0131 kavgas\u0131na giri\u015fti, Mev\u2019ud H\u00fck\u00fcm\u2019deyse kocas\u0131ndan cinsel hastal\u0131k kapan kad\u0131n\u0131n dram\u0131n\u0131 anlatt\u0131.   Mill\u00ee M\u00fccadele y\u0131llar\u0131nda Mustafa Kemal\u2019in kararg\u00e2h\u0131nda \u00f6zel istihbarat ajan\u0131, cephede nefer olarak g\u00f6rev alan Halide Edib\u2019e haks\u0131z yere \u201cMandac\u0131\u201d yaftas\u0131 yap\u0131\u015ft\u0131r\u0131ld\u0131. Romanc\u0131l\u0131\u011f\u0131n\u0131n yan\u0131 s\u0131ra \u0130ngilizce yay\u0131mlad\u0131\u011f\u0131 kitaplarla \u00fcn\u00fc s\u0131n\u0131rlar\u0131 a\u015ft\u0131. 1950\u2019de T\u00fcrk PEN Kul\u00fcb\u00fc onun \u00f6nc\u00fcl\u00fc\u011f\u00fcnde kuruldu, uluslararas\u0131 alanda \u00fclkemiz kad\u0131n\u0131n\u0131 ba\u015far\u0131yla temsil etti. <\/p>\n","protected":false},"excerpt":{"rendered":"<p>\u201cElden b\u0131rakmadan okunan bu parlak kitap, ba\u011f\u0131ms\u0131z, \u00f6zg\u00fcrl\u00fck\u00e7\u00fc ve entelekt\u00fcel bir kad\u0131n\u0131n T\u00fcrkiye\u2019de en zor ko\u015fullarda bile nas\u0131l var oldu\u011funu g\u00f6steriyor.\u201d &#8211; Orhan Pamuk Halide Edib<span class=\"excerpt-hellip\"> [\u2026]<\/span><\/p>\n","protected":false},"featured_media":0,"template":"","meta":{"_monsterinsights_skip_tracking":false,"_monsterinsights_sitenote_active":false,"_monsterinsights_sitenote_note":"","_monsterinsights_sitenote_category":0},"product_brand":[],"product_cat":[13946,12304],"product_tag":[],"class_list":{"0":"post-728753","1":"product","2":"type-product","3":"status-publish","5":"product_cat-biyografi-otobiyografi","6":"product_cat-tarih","7":"pa_cilt-ciltsiz","8":"pa_tur-kitap","9":"pa_yayinevi-yapi-kredi-yayinlari","10":"pa_yazar-ipek-calislar","12":"first","13":"instock","14":"sale","15":"shipping-taxable","16":"purchasable","17":"product-type-simple"},"_links":{"self":[{"href":"https:\/\/roveyayinevi.com.tr\/index.php\/wp-json\/wp\/v2\/product\/728753","targetHints":{"allow":["GET"]}}],"collection":[{"href":"https:\/\/roveyayinevi.com.tr\/index.php\/wp-json\/wp\/v2\/product"}],"about":[{"href":"https:\/\/roveyayinevi.com.tr\/index.php\/wp-json\/wp\/v2\/types\/product"}],"wp:attachment":[{"href":"https:\/\/roveyayinevi.com.tr\/index.php\/wp-json\/wp\/v2\/media?parent=728753"}],"wp:term":[{"taxonomy":"product_brand","embeddable":true,"href":"https:\/\/roveyayinevi.com.tr\/index.php\/wp-json\/wp\/v2\/product_brand?post=728753"},{"taxonomy":"product_cat","embeddable":true,"href":"https:\/\/roveyayinevi.com.tr\/index.php\/wp-json\/wp\/v2\/product_cat?post=728753"},{"taxonomy":"product_tag","embeddable":true,"href":"https:\/\/roveyayinevi.com.tr\/index.php\/wp-json\/wp\/v2\/product_tag?post=728753"}],"curies":[{"name":"wp","href":"https:\/\/api.w.org\/{rel}","templated":true}]}}