{"id":728752,"date":"2025-08-27T20:44:30","date_gmt":"2025-08-27T17:44:30","guid":{"rendered":"https:\/\/roveyayinevi.com.tr\/index.php\/urun\/findi-ile-fisti\/"},"modified":"2026-04-16T02:36:37","modified_gmt":"2026-04-15T23:36:37","slug":"findi-ile-fisti","status":"publish","type":"product","link":"https:\/\/roveyayinevi.com.tr\/index.php\/urun\/findi-ile-fisti\/","title":{"rendered":"Findi \u0130le Fisti"},"content":{"rendered":"<p>Psikolog &#8211; Yazar Eda Nergis \u015eahin, 1988 Bursa do\u011fumludur. Hayattaki en b\u00fcy\u00fck motivasyonu ve \u015fans\u0131, biricik annesi ve ikiz karde\u015fidir. Mutlu bir evlili\u011fi vard\u0131r. \u00c7ocuklu\u011fu genellikle Bursa\u2019da, yaz aylar\u0131 ise \u0130zmir\u2019de ge\u00e7mi\u015ftir. \u00dcniversite e\u011fitimi dolay\u0131s\u0131 ile \u0130stanbul\u2019a ta\u015f\u0131nm\u0131\u015f, hala da \u0130stanbul\u2019da ya\u015famaya devam etmektedir. \u00dcniversitede \u00c7ift Anadal yaparak hem Psikoloji hem de Uluslararas\u0131 Ticaret b\u00f6l\u00fcmlerinden burslu olarak mezun olmu\u015ftur. \u00dcniversite e\u011fitimi s\u0131ras\u0131nda Erasmus program\u0131 (\u00f6\u011frenci de\u011fi\u015fimi program\u0131) ile Almanya\u2019da Brandenburg Teknik \u00dcniversitesi\u2019nde \u0130\u015fletme Y\u00f6netimi e\u011fitimi alm\u0131\u015f ve d\u00f6n\u00fcnce Y\u0131ld\u0131z Teknik \u00dcniversitesi\u2019nde Pedagojik Formasyon e\u011fitimini tamamlam\u0131\u015ft\u0131r.\u00dcretmeyi, s\u00fcrekli yeni \u015feyler \u00f6\u011frenmeyi seven yap\u0131s\u0131 ile \u00f6\u011frenciyken bir\u00e7ok kurumsal \u015firkette \u00e7al\u0131\u015farak farkl\u0131 sekt\u00f6rleri deneyimlemi\u015ftir. Mezuniyetinden sonra Psikolog olarak \u00e7al\u0131\u015fmaya ba\u015flam\u0131\u015f ve Marmara \u00dcniversitesi\u2019nde \u00c7ift ve Aile Dan\u0131\u015fmanl\u0131\u011f\u0131 e\u011fitimini tamamlam\u0131\u015ft\u0131r. Farkl\u0131 terapi ekollerini deneyimleyerek \u201cterapist\u201d olarak \u00e7al\u0131\u015fm\u0131\u015ft\u0131r. Ald\u0131\u011f\u0131 multidisipliner e\u011fitimler ile Uluslararas\u0131 Ticaret ve \u0130nsan Kaynaklar\u0131 alanlar\u0131nda da \u00e7al\u0131\u015fm\u0131\u015ft\u0131r. Hayat\u0131n her an\u0131nda sanat\u0131n oldu\u011funu d\u00fc\u015f\u00fcnen yazar\u0131n en b\u00fcy\u00fck tutkusu tiyatrodur. 8 y\u0131l bale e\u011fitimi alan yazar ayn\u0131 zamanda klasik gitar da \u00e7almaktad\u0131r.<\/p>\n","protected":false},"excerpt":{"rendered":"<p>Psikolog &#8211; Yazar Eda Nergis \u015eahin, 1988 Bursa do\u011fumludur. Hayattaki en b\u00fcy\u00fck motivasyonu ve \u015fans\u0131, biricik annesi ve ikiz karde\u015fidir. Mutlu bir evlili\u011fi vard\u0131r. \u00c7ocuklu\u011fu genellikle<span class=\"excerpt-hellip\"> [\u2026]<\/span><\/p>\n","protected":false},"featured_media":0,"template":"","meta":{"_monsterinsights_skip_tracking":false,"_monsterinsights_sitenote_active":false,"_monsterinsights_sitenote_note":"","_monsterinsights_sitenote_category":0},"product_brand":[],"product_cat":[12274,12284],"product_tag":[],"class_list":{"0":"post-728752","1":"product","2":"type-product","3":"status-publish","5":"product_cat-cocuk-ve-genclik-kitaplari","6":"product_cat-hikayeler","7":"pa_cilt-ciltsiz","8":"pa_tur-kitap","9":"pa_yayinevi-luna-cocuk-yayinlari","10":"pa_yazar-eda-nergis-sahin","12":"first","13":"instock","14":"sale","15":"shipping-taxable","16":"purchasable","17":"product-type-simple"},"_links":{"self":[{"href":"https:\/\/roveyayinevi.com.tr\/index.php\/wp-json\/wp\/v2\/product\/728752","targetHints":{"allow":["GET"]}}],"collection":[{"href":"https:\/\/roveyayinevi.com.tr\/index.php\/wp-json\/wp\/v2\/product"}],"about":[{"href":"https:\/\/roveyayinevi.com.tr\/index.php\/wp-json\/wp\/v2\/types\/product"}],"wp:attachment":[{"href":"https:\/\/roveyayinevi.com.tr\/index.php\/wp-json\/wp\/v2\/media?parent=728752"}],"wp:term":[{"taxonomy":"product_brand","embeddable":true,"href":"https:\/\/roveyayinevi.com.tr\/index.php\/wp-json\/wp\/v2\/product_brand?post=728752"},{"taxonomy":"product_cat","embeddable":true,"href":"https:\/\/roveyayinevi.com.tr\/index.php\/wp-json\/wp\/v2\/product_cat?post=728752"},{"taxonomy":"product_tag","embeddable":true,"href":"https:\/\/roveyayinevi.com.tr\/index.php\/wp-json\/wp\/v2\/product_tag?post=728752"}],"curies":[{"name":"wp","href":"https:\/\/api.w.org\/{rel}","templated":true}]}}