{"id":728750,"date":"2025-08-27T20:44:28","date_gmt":"2025-08-27T17:44:28","guid":{"rendered":"https:\/\/roveyayinevi.com.tr\/index.php\/urun\/denge-uzmani\/"},"modified":"2026-04-08T02:45:39","modified_gmt":"2026-04-07T23:45:39","slug":"denge-uzmani","status":"publish","type":"product","link":"https:\/\/roveyayinevi.com.tr\/index.php\/urun\/denge-uzmani\/","title":{"rendered":"Denge Uzman\u0131"},"content":{"rendered":"<p>Orhan Duru\u2019nun ikinci \u00f6yk\u00fc kitab\u0131 Denge Uzman\u0131 (1962) yeni bir edit\u00f6rl\u00fckle Yap\u0131 Kredi Yay\u0131nlar\u0131\u2019ndan yay\u0131mland\u0131.   Denge Uzman\u0131, klasik \u00f6yk\u00fcn\u00fcn kal\u0131plar\u0131n\u0131 bozarak yeni bir anlat\u0131 dili geli\u015ftiren 1950 Ku\u015fa\u011f\u0131\u2019n\u0131n ele avuca s\u0131\u011fmaz yazar\u0131 Orhan Duru\u2019nun ikinci kitab\u0131. Bi\u00e7emiyle, kurgusuyla ne \u00f6l\u00e7\u00fcde yenilik\u00e7i, se\u00e7kin, \u00f6nc\u00fc bir kitap oldu\u011fu bug\u00fcn de apa\u00e7\u0131k ortada. Orhan Duru s\u00f6z\u00fc k\u0131rk par\u00e7aya b\u00f6lerek d\u00fc\u015f\u00fcn ger\u00e7e\u011fini, sa\u00e7man\u0131n anlam\u0131n\u0131, umutsuzlu\u011fun ne\u015fesini yarat\u0131yor.   \u201cEn sonunda ben de bakt\u0131m foto\u011fraf\u0131ma. Deh\u015fet i\u00e7inde kald\u0131m. Korktum. Acayip bir adam oturuyordu bir tahta sandalyede. Arkas\u0131nda kara bir perde. Perdenin \u00fczerinde ku\u015f resimleri.\u201d <\/p>\n","protected":false},"excerpt":{"rendered":"<p>Orhan Duru\u2019nun ikinci \u00f6yk\u00fc kitab\u0131 Denge Uzman\u0131 (1962) yeni bir edit\u00f6rl\u00fckle Yap\u0131 Kredi Yay\u0131nlar\u0131\u2019ndan yay\u0131mland\u0131. Denge Uzman\u0131, klasik \u00f6yk\u00fcn\u00fcn kal\u0131plar\u0131n\u0131 bozarak yeni bir anlat\u0131 dili geli\u015ftiren<span class=\"excerpt-hellip\"> [\u2026]<\/span><\/p>\n","protected":false},"featured_media":0,"template":"","meta":{"_monsterinsights_skip_tracking":false,"_monsterinsights_sitenote_active":false,"_monsterinsights_sitenote_note":"","_monsterinsights_sitenote_category":0},"product_brand":[],"product_cat":[12291,12711],"product_tag":[],"class_list":{"0":"post-728750","1":"product","2":"type-product","3":"status-publish","5":"product_cat-edebiyat","6":"product_cat-roman-oyku","7":"pa_cilt-ciltsiz","8":"pa_tur-kitap","9":"pa_yayinevi-yapi-kredi-yayinlari","10":"pa_yazar-orhan-duru","12":"first","13":"instock","14":"sale","15":"shipping-taxable","16":"purchasable","17":"product-type-simple"},"_links":{"self":[{"href":"https:\/\/roveyayinevi.com.tr\/index.php\/wp-json\/wp\/v2\/product\/728750","targetHints":{"allow":["GET"]}}],"collection":[{"href":"https:\/\/roveyayinevi.com.tr\/index.php\/wp-json\/wp\/v2\/product"}],"about":[{"href":"https:\/\/roveyayinevi.com.tr\/index.php\/wp-json\/wp\/v2\/types\/product"}],"wp:attachment":[{"href":"https:\/\/roveyayinevi.com.tr\/index.php\/wp-json\/wp\/v2\/media?parent=728750"}],"wp:term":[{"taxonomy":"product_brand","embeddable":true,"href":"https:\/\/roveyayinevi.com.tr\/index.php\/wp-json\/wp\/v2\/product_brand?post=728750"},{"taxonomy":"product_cat","embeddable":true,"href":"https:\/\/roveyayinevi.com.tr\/index.php\/wp-json\/wp\/v2\/product_cat?post=728750"},{"taxonomy":"product_tag","embeddable":true,"href":"https:\/\/roveyayinevi.com.tr\/index.php\/wp-json\/wp\/v2\/product_tag?post=728750"}],"curies":[{"name":"wp","href":"https:\/\/api.w.org\/{rel}","templated":true}]}}