{"id":728749,"date":"2025-08-27T20:44:27","date_gmt":"2025-08-27T17:44:27","guid":{"rendered":"https:\/\/roveyayinevi.com.tr\/index.php\/urun\/tek-yalniz-ben-degilim\/"},"modified":"2026-04-16T02:36:36","modified_gmt":"2026-04-15T23:36:36","slug":"tek-yalniz-ben-degilim","status":"publish","type":"product","link":"https:\/\/roveyayinevi.com.tr\/index.php\/urun\/tek-yalniz-ben-degilim\/","title":{"rendered":"Tek Yaln\u0131z Ben De\u011filim"},"content":{"rendered":"<p>Tek Yaln\u0131z Ben De\u011filim Jean-Louis Fournier\u2019nin en melankolik, en h\u00fcz\u00fcnl\u00fc ve belki de en vurucu anlat\u0131lar\u0131ndan biri.   \u201cYaln\u0131z olmaktan b\u0131kt\u0131m art\u0131k, b\u0131kt\u0131m her ge\u00e7en g\u00fcn daha yaln\u0131z, daha ya\u015fl\u0131, daha \u00e7irkin olmaktan. Bunlar\u0131n ba\u015f\u0131ma gelece\u011fini bilseydim hi\u00e7 ya\u015flanmazd\u0131m. Yaz\u0131n en s\u0131cak g\u00fcnleri, bo\u011fuluyorum s\u0131caktan, h\u00fck\u00fcmetin yapt\u0131\u011f\u0131 sert uyar\u0131lara ra\u011fmen yak\u0131nlar\u0131m \u2013art\u0131k yak\u0131n\u0131m de\u011fil de uzaktan tan\u0131d\u0131klar\u0131m oldular\u2013 aray\u0131p yeterli miktarda su i\u00e7ip i\u00e7medi\u011fimi sormuyorlar. Herkes beni terk etti, on y\u0131l \u00f6nce kar\u0131m Sylvie, k\u0131sa bir s\u00fcre \u00f6nce de k\u00fc\u00e7\u00fck kedim Salom\u00e9, bir ba\u015fka deyi\u015fle hayat\u0131m\u0131 s\u00fcrd\u00fcrmeme yard\u0131mc\u0131 olan herkes beni terk etti. Evim art\u0131k benim i\u00e7in fazla b\u00fcy\u00fck ve kar\u015f\u0131 kom\u015fular\u0131m\u0131n panjurlar\u0131 da s\u00fcrekli kapal\u0131.\u201d Fournier, kara mizah\u0131 kaleminden eksik etmeden, ma\u011fazada unutulup annesini bekleyen bir \u00e7ocu\u011fun huzursuz masumiyetiyle anlat\u0131yor yaln\u0131zl\u0131\u011f\u0131n\u0131.<\/p>\n","protected":false},"excerpt":{"rendered":"<p>Tek Yaln\u0131z Ben De\u011filim Jean-Louis Fournier\u2019nin en melankolik, en h\u00fcz\u00fcnl\u00fc ve belki de en vurucu anlat\u0131lar\u0131ndan biri. \u201cYaln\u0131z olmaktan b\u0131kt\u0131m art\u0131k, b\u0131kt\u0131m her ge\u00e7en g\u00fcn daha<span class=\"excerpt-hellip\"> [\u2026]<\/span><\/p>\n","protected":false},"featured_media":0,"template":"","meta":{"_monsterinsights_skip_tracking":false,"_monsterinsights_sitenote_active":false,"_monsterinsights_sitenote_note":"","_monsterinsights_sitenote_category":0},"product_brand":[],"product_cat":[18545,12291],"product_tag":[],"class_list":{"0":"post-728749","1":"product","2":"type-product","3":"status-publish","5":"product_cat-anlati","6":"product_cat-edebiyat","7":"pa_cilt-ciltsiz","8":"pa_tur-kitap","9":"pa_yayinevi-yapi-kredi-yayinlari","10":"pa_yazar-jean-louis-fournier","12":"first","13":"instock","14":"sale","15":"shipping-taxable","16":"purchasable","17":"product-type-simple"},"_links":{"self":[{"href":"https:\/\/roveyayinevi.com.tr\/index.php\/wp-json\/wp\/v2\/product\/728749","targetHints":{"allow":["GET"]}}],"collection":[{"href":"https:\/\/roveyayinevi.com.tr\/index.php\/wp-json\/wp\/v2\/product"}],"about":[{"href":"https:\/\/roveyayinevi.com.tr\/index.php\/wp-json\/wp\/v2\/types\/product"}],"wp:attachment":[{"href":"https:\/\/roveyayinevi.com.tr\/index.php\/wp-json\/wp\/v2\/media?parent=728749"}],"wp:term":[{"taxonomy":"product_brand","embeddable":true,"href":"https:\/\/roveyayinevi.com.tr\/index.php\/wp-json\/wp\/v2\/product_brand?post=728749"},{"taxonomy":"product_cat","embeddable":true,"href":"https:\/\/roveyayinevi.com.tr\/index.php\/wp-json\/wp\/v2\/product_cat?post=728749"},{"taxonomy":"product_tag","embeddable":true,"href":"https:\/\/roveyayinevi.com.tr\/index.php\/wp-json\/wp\/v2\/product_tag?post=728749"}],"curies":[{"name":"wp","href":"https:\/\/api.w.org\/{rel}","templated":true}]}}