{"id":728747,"date":"2025-08-27T20:44:25","date_gmt":"2025-08-27T17:44:25","guid":{"rendered":"https:\/\/roveyayinevi.com.tr\/index.php\/urun\/cocuklar-icin-kontrollu-kalma-rehberi\/"},"modified":"2026-04-16T02:36:36","modified_gmt":"2026-04-15T23:36:36","slug":"cocuklar-icin-kontrollu-kalma-rehberi","status":"publish","type":"product","link":"https:\/\/roveyayinevi.com.tr\/index.php\/urun\/cocuklar-icin-kontrollu-kalma-rehberi\/","title":{"rendered":"\u00c7ocuklar \u0130\u00e7in Kontroll\u00fc Kalma Rehberi"},"content":{"rendered":"<p>&#8220;H\u0131zl\u0131ca uygulayabilece\u011finiz kontroll\u00fc kalma stratejileri, \u00e7ocuklarla birlikte kullan\u0131labilecek kontrol listeleri, aktiviteler ve harika g\u00f6rselle\u015ftirme&#8221;   Duygu ve duyular\u0131n denetimine y\u00f6nelik basit fikirlerle dolu bu kitap, \u00e7ocuklar\u0131n onlar\u0131 zorlayan duygular\u0131yla ba\u015fa \u00e7\u0131kmalar\u0131na ve kontrolde olduklar\u0131n\u0131 hissetmelerine yard\u0131mc\u0131 olacak.   Kitap, e\u011fitimciler ve ebeveynler rehberli\u011finde bir \u00f6\u011fretim arac\u0131 olarak kullan\u0131labilece\u011fi gibi \u00e7ocuklar\u0131n kendi ba\u015flar\u0131na okuyup anlayabilmeleri i\u00e7in; ill\u00fcstrasyonlar, listeler i\u00e7ermektedir.  \u00c7ocuk dostu bir dille kaleme al\u0131nm\u0131\u015ft\u0131r.   Nefes alma egzersizlerinden sak\u0131z ve kulakl\u0131k gibi ara\u00e7lar\u0131n kullan\u0131lmas\u0131na kadar bir\u00e7ok e\u011flenceli aktiviteyle \u00e7ocuklar; duygular\u0131n\u0131 etiketlemeyi, duygular\u0131yla ba\u015fa \u00e7\u0131karken uygulayabilecekleri stratejileri ve ara\u00e7lar\u0131 \u00f6\u011freniyorlar.   \u00c7ocuklar \u0130\u00e7in Kontroll\u00fc Kalma Rehberi, duygu ve duyular\u0131n\u0131 alg\u0131lamakta sorun ya\u015fayan \u00e7ocuklar\u0131n, do\u011fru stratejilerle daha kontroll\u00fc hissedebilmeleri i\u00e7in harika bir kaynakt\u0131r. <\/p>\n","protected":false},"excerpt":{"rendered":"<p>&#8220;H\u0131zl\u0131ca uygulayabilece\u011finiz kontroll\u00fc kalma stratejileri, \u00e7ocuklarla birlikte kullan\u0131labilecek kontrol listeleri, aktiviteler ve harika g\u00f6rselle\u015ftirme&#8221; Duygu ve duyular\u0131n denetimine y\u00f6nelik basit fikirlerle dolu bu kitap, \u00e7ocuklar\u0131n onlar\u0131<span class=\"excerpt-hellip\"> [\u2026]<\/span><\/p>\n","protected":false},"featured_media":0,"template":"","meta":{"_monsterinsights_skip_tracking":false,"_monsterinsights_sitenote_active":false,"_monsterinsights_sitenote_note":"","_monsterinsights_sitenote_category":0},"product_brand":[],"product_cat":[12274,12631],"product_tag":[],"class_list":{"0":"post-728747","1":"product","2":"type-product","3":"status-publish","5":"product_cat-cocuk-ve-genclik-kitaplari","6":"product_cat-diger-cocuk-ve-genclik-kitaplari","7":"pa_cilt-ciltsiz","8":"pa_tur-kitap","9":"pa_yayinevi-sola-unitas","10":"pa_yazar-lauren-brukner","12":"first","13":"instock","14":"sale","15":"shipping-taxable","16":"purchasable","17":"product-type-simple"},"_links":{"self":[{"href":"https:\/\/roveyayinevi.com.tr\/index.php\/wp-json\/wp\/v2\/product\/728747","targetHints":{"allow":["GET"]}}],"collection":[{"href":"https:\/\/roveyayinevi.com.tr\/index.php\/wp-json\/wp\/v2\/product"}],"about":[{"href":"https:\/\/roveyayinevi.com.tr\/index.php\/wp-json\/wp\/v2\/types\/product"}],"wp:attachment":[{"href":"https:\/\/roveyayinevi.com.tr\/index.php\/wp-json\/wp\/v2\/media?parent=728747"}],"wp:term":[{"taxonomy":"product_brand","embeddable":true,"href":"https:\/\/roveyayinevi.com.tr\/index.php\/wp-json\/wp\/v2\/product_brand?post=728747"},{"taxonomy":"product_cat","embeddable":true,"href":"https:\/\/roveyayinevi.com.tr\/index.php\/wp-json\/wp\/v2\/product_cat?post=728747"},{"taxonomy":"product_tag","embeddable":true,"href":"https:\/\/roveyayinevi.com.tr\/index.php\/wp-json\/wp\/v2\/product_tag?post=728747"}],"curies":[{"name":"wp","href":"https:\/\/api.w.org\/{rel}","templated":true}]}}