{"id":728743,"date":"2025-08-27T20:44:22","date_gmt":"2025-08-27T17:44:22","guid":{"rendered":"https:\/\/roveyayinevi.com.tr\/index.php\/urun\/beyaz-yakalinin-dijital-yakaliya-donusumu\/"},"modified":"2026-04-16T02:36:36","modified_gmt":"2026-04-15T23:36:36","slug":"beyaz-yakalinin-dijital-yakaliya-donusumu","status":"publish","type":"product","link":"https:\/\/roveyayinevi.com.tr\/index.php\/urun\/beyaz-yakalinin-dijital-yakaliya-donusumu\/","title":{"rendered":"Beyaz Yakal\u0131&#8217;n\u0131n Dijital Yakal\u0131&#8217;ya D\u00f6n\u00fc\u015f\u00fcm\u00fc"},"content":{"rendered":"<p>Dijital d\u00f6n\u00fc\u015f\u00fcm, \u015fahidi ve par\u00e7as\u0131 oldu\u011fumuz bu de\u011fi\u015fime verilen ad ve uzun bir s\u00fcredir konu\u015fulan, tart\u0131\u015f\u0131lan bir konu. Bir o kadar az konu\u015fulan ve eksik kalan ise \u00e7al\u0131\u015fanlar\u0131n bu d\u00f6n\u00fc\u015f\u00fcmdeki rol\u00fcn\u00fcn ne olaca\u011f\u0131 konusu. Bireyler, \u201c\u00c7al\u0131\u015fan\u201d olarak ne yapmal\u0131?  Kendini d\u00f6n\u00fc\u015f\u00fcme nas\u0131l haz\u0131rlamal\u0131?  Kendisine \u201changi\u201d yetkinlikleri, \u201cnas\u0131l\u201d ve \u201cne yaparak\u201d katmal\u0131? Beyaz Yakal\u0131\u2019n\u0131n Dijital Yakal\u0131\u2019ya D\u00f6n\u00fc\u015f\u00fcm\u00fc, eksik kald\u0131\u011f\u0131n\u0131 d\u00fc\u015f\u00fcnd\u00fc\u011f\u00fcm\u00fcz \u201c\u00e7al\u0131\u015fan\u201d boyutu i\u00e7in \u00e7\u00f6z\u00fcmler sunmay\u0131 hedefliyor. Bu ama\u00e7la okuyucuya, kendisine bir yol haritas\u0131 olu\u015fturabilmesi i\u00e7in, somut ve pratik bilgiler aktar\u0131yor.Elma Yay\u0131nevi yepyeni bir eserle sizlerle\u2026<\/p>\n","protected":false},"excerpt":{"rendered":"<p>Dijital d\u00f6n\u00fc\u015f\u00fcm, \u015fahidi ve par\u00e7as\u0131 oldu\u011fumuz bu de\u011fi\u015fime verilen ad ve uzun bir s\u00fcredir konu\u015fulan, tart\u0131\u015f\u0131lan bir konu. Bir o kadar az konu\u015fulan ve eksik kalan<span class=\"excerpt-hellip\"> [\u2026]<\/span><\/p>\n","protected":false},"featured_media":0,"template":"","meta":{"_monsterinsights_skip_tracking":false,"_monsterinsights_sitenote_active":false,"_monsterinsights_sitenote_note":"","_monsterinsights_sitenote_category":0},"product_brand":[],"product_cat":[13043,19008],"product_tag":[],"class_list":{"0":"post-728743","1":"product","2":"type-product","3":"status-publish","5":"product_cat-ekonomi","6":"product_cat-yonetim","7":"pa_cilt-ciltsiz","8":"pa_tur-kitap","9":"pa_yayinevi-elma-yayinevi","10":"pa_yazar-inan-acilioglu","12":"first","13":"instock","14":"sale","15":"shipping-taxable","16":"purchasable","17":"product-type-simple"},"_links":{"self":[{"href":"https:\/\/roveyayinevi.com.tr\/index.php\/wp-json\/wp\/v2\/product\/728743","targetHints":{"allow":["GET"]}}],"collection":[{"href":"https:\/\/roveyayinevi.com.tr\/index.php\/wp-json\/wp\/v2\/product"}],"about":[{"href":"https:\/\/roveyayinevi.com.tr\/index.php\/wp-json\/wp\/v2\/types\/product"}],"wp:attachment":[{"href":"https:\/\/roveyayinevi.com.tr\/index.php\/wp-json\/wp\/v2\/media?parent=728743"}],"wp:term":[{"taxonomy":"product_brand","embeddable":true,"href":"https:\/\/roveyayinevi.com.tr\/index.php\/wp-json\/wp\/v2\/product_brand?post=728743"},{"taxonomy":"product_cat","embeddable":true,"href":"https:\/\/roveyayinevi.com.tr\/index.php\/wp-json\/wp\/v2\/product_cat?post=728743"},{"taxonomy":"product_tag","embeddable":true,"href":"https:\/\/roveyayinevi.com.tr\/index.php\/wp-json\/wp\/v2\/product_tag?post=728743"}],"curies":[{"name":"wp","href":"https:\/\/api.w.org\/{rel}","templated":true}]}}