{"id":728741,"date":"2025-08-27T20:44:20","date_gmt":"2025-08-27T17:44:20","guid":{"rendered":"https:\/\/roveyayinevi.com.tr\/index.php\/urun\/martin-eden-11\/"},"modified":"2026-04-16T02:36:36","modified_gmt":"2026-04-15T23:36:36","slug":"martin-eden-11","status":"publish","type":"product","link":"https:\/\/roveyayinevi.com.tr\/index.php\/urun\/martin-eden-11\/","title":{"rendered":"Martin Eden"},"content":{"rendered":"<p>Martin Eden, San Francisco\u2019da ya\u015fayan fakir bir denizcidir. Tutkulu bir \u015fekilde \u00e2\u015f\u0131k oldu\u011fu Ruth Morse\u2019a yak\u0131n olabilmek ve \u00fcst s\u0131n\u0131ftan insanlar\u0131n kendisini kabul etmesini sa\u011flayabilmek i\u00e7in tak\u0131nt\u0131l\u0131 bir bi\u00e7imde \u00e7al\u0131\u015fmaya ba\u015flar. G\u00fcn\u00fcn birinde ba\u015far\u0131l\u0131 bir yazar olmay\u0131 d\u00fc\u015flemekte ve bu amaca ula\u015fmak i\u00e7in var g\u00fcc\u00fcyle \u00e7al\u0131\u015fmaktad\u0131r. Ancak kemikle\u015fmi\u015f toplumsal bak\u0131\u015f a\u00e7\u0131lar\u0131n\u0131 k\u0131rmak kolay olmayacakt\u0131r. Yar\u0131 otobiyografik Martin Eden karakteri, JackLondon\u2019\u0131n yaratt\u0131\u011f\u0131 t\u00fcm karakterler aras\u0131nda en can al\u0131c\u0131 ve en orijinal karakterlerden bir tanesidir. Klasikler aras\u0131nda yerini \u00e7oktan alan Martin Eden, beyaz perdeye de uyarlanm\u0131\u015ft\u0131r. <\/p>\n","protected":false},"excerpt":{"rendered":"<p>Martin Eden, San Francisco\u2019da ya\u015fayan fakir bir denizcidir. Tutkulu bir \u015fekilde \u00e2\u015f\u0131k oldu\u011fu Ruth Morse\u2019a yak\u0131n olabilmek ve \u00fcst s\u0131n\u0131ftan insanlar\u0131n kendisini kabul etmesini sa\u011flayabilmek i\u00e7in<span class=\"excerpt-hellip\"> [\u2026]<\/span><\/p>\n","protected":false},"featured_media":0,"template":"","meta":{"_monsterinsights_skip_tracking":false,"_monsterinsights_sitenote_active":false,"_monsterinsights_sitenote_note":"","_monsterinsights_sitenote_category":0},"product_brand":[],"product_cat":[12291,12711],"product_tag":[],"class_list":{"0":"post-728741","1":"product","2":"type-product","3":"status-publish","5":"product_cat-edebiyat","6":"product_cat-roman-oyku","7":"pa_cilt-ciltsiz","8":"pa_tur-kitap","9":"pa_yayinevi-arkadas-yayinlari","10":"pa_yazar-jack-london","12":"first","13":"instock","14":"sale","15":"shipping-taxable","16":"purchasable","17":"product-type-simple"},"_links":{"self":[{"href":"https:\/\/roveyayinevi.com.tr\/index.php\/wp-json\/wp\/v2\/product\/728741","targetHints":{"allow":["GET"]}}],"collection":[{"href":"https:\/\/roveyayinevi.com.tr\/index.php\/wp-json\/wp\/v2\/product"}],"about":[{"href":"https:\/\/roveyayinevi.com.tr\/index.php\/wp-json\/wp\/v2\/types\/product"}],"wp:attachment":[{"href":"https:\/\/roveyayinevi.com.tr\/index.php\/wp-json\/wp\/v2\/media?parent=728741"}],"wp:term":[{"taxonomy":"product_brand","embeddable":true,"href":"https:\/\/roveyayinevi.com.tr\/index.php\/wp-json\/wp\/v2\/product_brand?post=728741"},{"taxonomy":"product_cat","embeddable":true,"href":"https:\/\/roveyayinevi.com.tr\/index.php\/wp-json\/wp\/v2\/product_cat?post=728741"},{"taxonomy":"product_tag","embeddable":true,"href":"https:\/\/roveyayinevi.com.tr\/index.php\/wp-json\/wp\/v2\/product_tag?post=728741"}],"curies":[{"name":"wp","href":"https:\/\/api.w.org\/{rel}","templated":true}]}}