{"id":728740,"date":"2025-08-27T20:44:19","date_gmt":"2025-08-27T17:44:19","guid":{"rendered":"https:\/\/roveyayinevi.com.tr\/index.php\/urun\/kumsalin-cizgili-dunyasi\/"},"modified":"2026-04-16T02:36:36","modified_gmt":"2026-04-15T23:36:36","slug":"kumsalin-cizgili-dunyasi","status":"publish","type":"product","link":"https:\/\/roveyayinevi.com.tr\/index.php\/urun\/kumsalin-cizgili-dunyasi\/","title":{"rendered":"Kumsal&#8217;\u0131n \u00c7izgili D\u00fcnyas\u0131"},"content":{"rendered":"<p>Bu kitab\u0131 sekiz kez okumak isteyebilirsiniz. Hayat\u0131n getirdiklerine mizahla kar\u015f\u0131l\u0131k veren \u00f6d\u00fcll\u00fc yazar Hanzade Servi&#8217;nin kaleme ald\u0131\u011f\u0131 Kumsal&#8217;\u0131n \u00c7izgili D\u00fcnyas\u0131, tak\u0131nt\u0131lar\u0131ndan kurtulmaya \u00e7al\u0131\u015fan on \u00fc\u00e7 ya\u015f\u0131ndaki bir \u00e7ocu\u011fun bazen g\u00fcl\u00fcn\u00e7, kimi zaman h\u00fcz\u00fcnl\u00fc ama en \u00e7ok da cesur m\u00fccadelesini sayfalar\u0131na ta\u015f\u0131yor.Tak\u0131nt\u0131l\u0131 d\u00fc\u015f\u00fcnce ve d\u00fcrt\u00fcleri zihinden uzakla\u015ft\u0131rmak i\u00e7in ba\u015fvurulan yineleyici eylemlerin ve davran\u0131\u015flar\u0131n g\u00fcnl\u00fck ya\u015fam\u0131 ne denli s\u0131n\u0131rland\u0131rabilece\u011fini g\u00f6steren roman, Obsesif-Kompulsif Bozukluk (OKB) hakk\u0131nda fark\u0131ndal\u0131k yarat\u0131yor; kendimizin ve etraf\u0131m\u0131zdakilerin tak\u0131nt\u0131lar\u0131 \u00fczerine d\u00fc\u015f\u00fcnme f\u0131rsat\u0131 sunuyor.  Sevgi, dayan\u0131\u015fma ve yard\u0131mla\u015fma yoluyla hayat\u0131n farkl\u0131 anlamlar kazanabilece\u011fini, inan\u00e7la ve azimle her sorunun \u00fcstesinden gelinebilece\u011fini hat\u0131rlatan yazar; kitab\u0131n\u0131 tak\u0131nt\u0131l\u0131 bir \u00e7ocu\u011fun a\u011fz\u0131ndan anlatarak okurun empati duygusunu harekete ge\u00e7iriyor.  Kumsal&#8217;\u0131n d\u00fcnyas\u0131nda zaman h\u0131zl\u0131 akm\u0131yor. Yerdeki \u00e7izgilere basmamas\u0131, tabelalardaki harfleri saymas\u0131, ellerini her defas\u0131nda sekiz kez y\u0131kamas\u0131, ta\u015f koleksiyonunu tertemiz yapmas\u0131, t\u00fcm e\u015fyalar\u0131n\u0131 d\u00fczenli bir \u015fekilde s\u0131ralamas\u0131 gerekiyor. Aksi h\u00e2lde, onu bekleyen bir s\u00fcr\u00fc &#8216;lanetbozar rutiniyle&#8217; y\u00fczle\u015fmek zorunda kalabilir! Tak\u0131nt\u0131lar\u0131 y\u00fcz\u00fcnden hayat\u0131 her ge\u00e7en g\u00fcn daha da zorla\u015fan Kumsal&#8217;a birileri yard\u0131m eli uzatmal\u0131. Acaba i\u00e7ine \u00e7ekildi\u011fi girdaptan kim onu kurtarabilir? Umursamaz tav\u0131rlar\u0131yla k\u00fc\u00e7\u00fck bir filozofu and\u0131ran biricik arkada\u015f\u0131 Esila m\u0131, eski psikolog yeni tar\u0131mc\u0131 Beybora m\u0131, a\u015f\u0131r\u0131 da\u011f\u0131n\u0131k eviyle Ye\u015fil\u00e7am&#8217;\u0131n &#8221;s\u00f6n\u00fck&#8221; y\u0131ld\u0131zlar\u0131ndan M\u00fczeyyen Pir\u00fcpak m\u0131, yoksa y\u0131llar \u00f6nce yaz\u0131lm\u0131\u015f umut dolu bir kitap m\u0131? Polyannac\u0131l\u0131k oynamaktan s\u0131k\u0131lan Kumsal&#8217;\u0131n eksikli\u011fini duydu\u011fu \u015fey, belki de az\u0131c\u0131k cesarettir&#8230;Hanzade Servi bu ger\u00e7ek\u00e7i roman\u0131yla, ya\u015fam\u0131n, tak\u0131nt\u0131larla vakit kaybedemeyecek kadar k\u0131sa ve de\u011ferli oldu\u011funa; olumsuz d\u00fc\u015f\u00fcnceleri zihnimizden savu\u015fturmak i\u00e7inse dostlara ve keyifli u\u011fra\u015flara s\u0131\u011f\u0131nmam\u0131z gerekti\u011fine dikkat \u00e7ekiyor.   Her biri farkl\u0131 zorluklara g\u00f6\u011f\u00fcs germeye \u00e7al\u0131\u015fan bireyleri umut dolu bir ser\u00fcvende bulu\u015fturan Kumsal&#8217;\u0131n \u00c7izgili D\u00fcnyas\u0131, farkl\u0131l\u0131klar\u0131n kesi\u015ftirdi\u011fi ya\u015famlara ayna tutuyor, \u00f6zsayg\u0131 kavram\u0131na reng\u00e2renk bir bak\u0131\u015f sunuyor.Sahi, \u00e7izgilere bassak ne olur ki?..<\/p>\n","protected":false},"excerpt":{"rendered":"<p>Bu kitab\u0131 sekiz kez okumak isteyebilirsiniz. Hayat\u0131n getirdiklerine mizahla kar\u015f\u0131l\u0131k veren \u00f6d\u00fcll\u00fc yazar Hanzade Servi&#8217;nin kaleme ald\u0131\u011f\u0131 Kumsal&#8217;\u0131n \u00c7izgili D\u00fcnyas\u0131, tak\u0131nt\u0131lar\u0131ndan kurtulmaya \u00e7al\u0131\u015fan on \u00fc\u00e7 ya\u015f\u0131ndaki<span class=\"excerpt-hellip\"> [\u2026]<\/span><\/p>\n","protected":false},"featured_media":0,"template":"","meta":{"_monsterinsights_skip_tracking":false,"_monsterinsights_sitenote_active":false,"_monsterinsights_sitenote_note":"","_monsterinsights_sitenote_category":0},"product_brand":[],"product_cat":[12275,12274],"product_tag":[],"class_list":{"0":"post-728740","1":"product","2":"type-product","3":"status-publish","5":"product_cat-6-12-yas-kitaplari","6":"product_cat-cocuk-ve-genclik-kitaplari","7":"pa_cilt-ciltsiz","8":"pa_tur-kitap","9":"pa_yayinevi-tudem-yayinlari","10":"pa_yazar-hanzade-servi","12":"first","13":"instock","14":"sale","15":"shipping-taxable","16":"purchasable","17":"product-type-simple"},"_links":{"self":[{"href":"https:\/\/roveyayinevi.com.tr\/index.php\/wp-json\/wp\/v2\/product\/728740","targetHints":{"allow":["GET"]}}],"collection":[{"href":"https:\/\/roveyayinevi.com.tr\/index.php\/wp-json\/wp\/v2\/product"}],"about":[{"href":"https:\/\/roveyayinevi.com.tr\/index.php\/wp-json\/wp\/v2\/types\/product"}],"wp:attachment":[{"href":"https:\/\/roveyayinevi.com.tr\/index.php\/wp-json\/wp\/v2\/media?parent=728740"}],"wp:term":[{"taxonomy":"product_brand","embeddable":true,"href":"https:\/\/roveyayinevi.com.tr\/index.php\/wp-json\/wp\/v2\/product_brand?post=728740"},{"taxonomy":"product_cat","embeddable":true,"href":"https:\/\/roveyayinevi.com.tr\/index.php\/wp-json\/wp\/v2\/product_cat?post=728740"},{"taxonomy":"product_tag","embeddable":true,"href":"https:\/\/roveyayinevi.com.tr\/index.php\/wp-json\/wp\/v2\/product_tag?post=728740"}],"curies":[{"name":"wp","href":"https:\/\/api.w.org\/{rel}","templated":true}]}}