{"id":728739,"date":"2025-08-27T20:44:18","date_gmt":"2025-08-27T17:44:18","guid":{"rendered":"https:\/\/roveyayinevi.com.tr\/index.php\/urun\/dusunen-makineler\/"},"modified":"2026-04-16T02:36:36","modified_gmt":"2026-04-15T23:36:36","slug":"dusunen-makineler","status":"publish","type":"product","link":"https:\/\/roveyayinevi.com.tr\/index.php\/urun\/dusunen-makineler\/","title":{"rendered":"D\u00fc\u015f\u00fcnen Makineler"},"content":{"rendered":"<p>Yapay zek\u00e2 ve robotlar hakk\u0131nda neler biliyoruz?   1997\u2019de IBM\u2019in Deep Blue bilgisayar\u0131, 1985\u2019ten beri nama\u011flup du\u0308nya \u015fampiyonu Garry Kasparov\u2019u satran\u00e7ta yenince, yapay zek\u00e2 halk\u0131n g\u00f6zu\u0308nde bamba\u015fka bir g\u00f6ru\u0308ntu\u0308ye bu\u0308ru\u0308ndu\u0308. Acaba Isaac Asimov\u2019un y\u0131llar \u00f6nce belirledi\u011fi u\u0308\u00e7 robot yasas\u0131 tersine d\u00f6nebilir miydi? Evet, bu yenilgi insanl\u0131k i\u00e7in bu\u0308yu\u0308k bir olayd\u0131 ama acaba Alan Turing bilgisayarlar\u0131n bir gu\u0308n insanlar gibi du\u0308\u015fu\u0308nebileceklerini s\u00f6ylerken ne kastediyordu? Yapay zek\u00e2l\u0131 robotlar\u0131n istilas\u0131na o kadar yak\u0131n m\u0131yd\u0131k ger\u00e7ekten?   Asl\u0131na bak\u0131l\u0131rsa hay\u0131r. Ama Kasparov\u2019un yenilgisinden bu yana komplo teorilerinin ard\u0131 arkas\u0131 kesilmedi: Katil robotlar ve yapay zek\u00e2 k\u0131yameti ger\u00e7ek olacak m\u0131? Yapay zek\u00e2l\u0131 otonom silah sistemleri sava\u015flarda sivillerle sava\u015fanlar\u0131 ay\u0131rt edebilir mi? Bir de i\u015fin insani boyutu vard\u0131: Yapay zek\u00e2 bilin\u00e7lenebilir, hatta ac\u0131 \u00e7ekebilir mi?   New Scientist bu kitapta bu\u0308tu\u0308n bu sorular\u0131n cevaplar\u0131n\u0131, yapay zek\u00e2n\u0131n \u00f6yku\u0308su\u0308nu\u0308n tu\u0308m ayr\u0131nt\u0131lar\u0131yla veriyor. \u00dcnlu\u0308 bilim insanlar\u0131n\u0131n alana katk\u0131lar\u0131ndan modern \u00e7a\u011fda yapay zek\u00e2n\u0131n yerine, bilmeniz gereken her \u015fey Du\u0308\u015fu\u0308nen Makineler\u2019de sizi bekliyor. <\/p>\n","protected":false},"excerpt":{"rendered":"<p>Yapay zek\u00e2 ve robotlar hakk\u0131nda neler biliyoruz? 1997\u2019de IBM\u2019in Deep Blue bilgisayar\u0131, 1985\u2019ten beri nama\u011flup du\u0308nya \u015fampiyonu Garry Kasparov\u2019u satran\u00e7ta yenince, yapay zek\u00e2 halk\u0131n g\u00f6zu\u0308nde bamba\u015fka<span class=\"excerpt-hellip\"> [\u2026]<\/span><\/p>\n","protected":false},"featured_media":0,"template":"","meta":{"_monsterinsights_skip_tracking":false,"_monsterinsights_sitenote_active":false,"_monsterinsights_sitenote_note":"","_monsterinsights_sitenote_category":0},"product_brand":[],"product_cat":[13005,13006],"product_tag":[],"class_list":{"0":"post-728739","1":"product","2":"type-product","3":"status-publish","5":"product_cat-bilim-muhendislik","6":"product_cat-populer-bilim","7":"pa_cilt-ciltsiz","8":"pa_tur-kitap","9":"pa_yayinevi-say-yayinlari","10":"pa_yazar-new-scientist","12":"first","13":"instock","14":"sale","15":"shipping-taxable","16":"purchasable","17":"product-type-simple"},"_links":{"self":[{"href":"https:\/\/roveyayinevi.com.tr\/index.php\/wp-json\/wp\/v2\/product\/728739","targetHints":{"allow":["GET"]}}],"collection":[{"href":"https:\/\/roveyayinevi.com.tr\/index.php\/wp-json\/wp\/v2\/product"}],"about":[{"href":"https:\/\/roveyayinevi.com.tr\/index.php\/wp-json\/wp\/v2\/types\/product"}],"wp:attachment":[{"href":"https:\/\/roveyayinevi.com.tr\/index.php\/wp-json\/wp\/v2\/media?parent=728739"}],"wp:term":[{"taxonomy":"product_brand","embeddable":true,"href":"https:\/\/roveyayinevi.com.tr\/index.php\/wp-json\/wp\/v2\/product_brand?post=728739"},{"taxonomy":"product_cat","embeddable":true,"href":"https:\/\/roveyayinevi.com.tr\/index.php\/wp-json\/wp\/v2\/product_cat?post=728739"},{"taxonomy":"product_tag","embeddable":true,"href":"https:\/\/roveyayinevi.com.tr\/index.php\/wp-json\/wp\/v2\/product_tag?post=728739"}],"curies":[{"name":"wp","href":"https:\/\/api.w.org\/{rel}","templated":true}]}}