{"id":728738,"date":"2025-08-27T20:44:18","date_gmt":"2025-08-27T17:44:18","guid":{"rendered":"https:\/\/roveyayinevi.com.tr\/index.php\/urun\/4-yas-icin-oykuler\/"},"modified":"2026-04-16T02:36:36","modified_gmt":"2026-04-15T23:36:36","slug":"4-yas-icin-oykuler","status":"publish","type":"product","link":"https:\/\/roveyayinevi.com.tr\/index.php\/urun\/4-yas-icin-oykuler\/","title":{"rendered":"4 Ya\u015f \u0130\u00e7in \u00d6yk\u00fcler"},"content":{"rendered":"<p>4 ya\u015fa \u00f6zel haz\u0131rlanan ne\u015feli anlat\u0131ml\u0131 ve sevimli resimlerle dolu \u00f6yk\u00fcler!Bu kitapta arkada\u015f\u0131n\u0131 kurtaran z\u00fcrafayla, g\u00fcne\u015fi bekleyen kanguruyla, merakl\u0131 bir k\u00f6pek yavrusuyla ve di\u011fer \u00f6yk\u00fclerle tan\u0131\u015facaks\u0131n\u0131z.<\/p>\n","protected":false},"excerpt":{"rendered":"<p>4 ya\u015fa \u00f6zel haz\u0131rlanan ne\u015feli anlat\u0131ml\u0131 ve sevimli resimlerle dolu \u00f6yk\u00fcler!Bu kitapta arkada\u015f\u0131n\u0131 kurtaran z\u00fcrafayla, g\u00fcne\u015fi bekleyen kanguruyla, merakl\u0131 bir k\u00f6pek yavrusuyla ve di\u011fer \u00f6yk\u00fclerle tan\u0131\u015facaks\u0131n\u0131z.<\/p>\n","protected":false},"featured_media":0,"template":"","meta":{"_monsterinsights_skip_tracking":false,"_monsterinsights_sitenote_active":false,"_monsterinsights_sitenote_note":"","_monsterinsights_sitenote_category":0},"product_brand":[],"product_cat":[12274,12523],"product_tag":[],"class_list":{"0":"post-728738","1":"product","2":"type-product","3":"status-publish","5":"product_cat-cocuk-ve-genclik-kitaplari","6":"product_cat-masallar","7":"pa_cilt-ciltsiz","8":"pa_tur-kitap","9":"pa_yayinevi-is-bankasi-kultur-yayinlari","10":"pa_yazar-melanie-joyce","12":"first","13":"instock","14":"sale","15":"shipping-taxable","16":"purchasable","17":"product-type-simple"},"_links":{"self":[{"href":"https:\/\/roveyayinevi.com.tr\/index.php\/wp-json\/wp\/v2\/product\/728738","targetHints":{"allow":["GET"]}}],"collection":[{"href":"https:\/\/roveyayinevi.com.tr\/index.php\/wp-json\/wp\/v2\/product"}],"about":[{"href":"https:\/\/roveyayinevi.com.tr\/index.php\/wp-json\/wp\/v2\/types\/product"}],"wp:attachment":[{"href":"https:\/\/roveyayinevi.com.tr\/index.php\/wp-json\/wp\/v2\/media?parent=728738"}],"wp:term":[{"taxonomy":"product_brand","embeddable":true,"href":"https:\/\/roveyayinevi.com.tr\/index.php\/wp-json\/wp\/v2\/product_brand?post=728738"},{"taxonomy":"product_cat","embeddable":true,"href":"https:\/\/roveyayinevi.com.tr\/index.php\/wp-json\/wp\/v2\/product_cat?post=728738"},{"taxonomy":"product_tag","embeddable":true,"href":"https:\/\/roveyayinevi.com.tr\/index.php\/wp-json\/wp\/v2\/product_tag?post=728738"}],"curies":[{"name":"wp","href":"https:\/\/api.w.org\/{rel}","templated":true}]}}