{"id":728734,"date":"2025-08-27T20:44:14","date_gmt":"2025-08-27T17:44:14","guid":{"rendered":"https:\/\/roveyayinevi.com.tr\/index.php\/urun\/lokumun-balonu\/"},"modified":"2026-04-16T02:36:36","modified_gmt":"2026-04-15T23:36:36","slug":"lokumun-balonu","status":"publish","type":"product","link":"https:\/\/roveyayinevi.com.tr\/index.php\/urun\/lokumun-balonu\/","title":{"rendered":"Lokum\u2019un Balonu"},"content":{"rendered":"<p>K\u00fc\u00e7\u00fck ay\u0131c\u0131k, y\u0131ld\u0131z balonuyla oynamay\u0131 \u00e7ok seviyordu. G\u00fcnlerden bir g\u00fcn r\u00fczgar h\u0131zla esti\u011finde balon da g\u00f6ky\u00fcz\u00fcne do\u011fru u\u00e7uverdi. K\u00fc\u00e7\u00fck ay\u0131c\u0131k balonunun arkas\u0131ndan t\u00fcm h\u0131z\u0131yla ko\u015ftu. Acaba onu yakalayabilecek mi?<\/p>\n","protected":false},"excerpt":{"rendered":"<p>K\u00fc\u00e7\u00fck ay\u0131c\u0131k, y\u0131ld\u0131z balonuyla oynamay\u0131 \u00e7ok seviyordu. G\u00fcnlerden bir g\u00fcn r\u00fczgar h\u0131zla esti\u011finde balon da g\u00f6ky\u00fcz\u00fcne do\u011fru u\u00e7uverdi. K\u00fc\u00e7\u00fck ay\u0131c\u0131k balonunun arkas\u0131ndan t\u00fcm h\u0131z\u0131yla ko\u015ftu. Acaba<span class=\"excerpt-hellip\"> [\u2026]<\/span><\/p>\n","protected":false},"featured_media":0,"template":"","meta":{"_monsterinsights_skip_tracking":false,"_monsterinsights_sitenote_active":false,"_monsterinsights_sitenote_note":"","_monsterinsights_sitenote_category":0},"product_brand":[],"product_cat":[12274,12518],"product_tag":[],"class_list":{"0":"post-728734","1":"product","2":"type-product","3":"status-publish","5":"product_cat-cocuk-ve-genclik-kitaplari","6":"product_cat-okul-oncesi-kitaplar","7":"pa_cilt-ciltsiz","8":"pa_tur-kitap","9":"pa_yayinevi-is-bankasi-kultur-yayinlari","10":"pa_yazar-alex-michaels","12":"first","13":"instock","14":"sale","15":"shipping-taxable","16":"purchasable","17":"product-type-simple"},"_links":{"self":[{"href":"https:\/\/roveyayinevi.com.tr\/index.php\/wp-json\/wp\/v2\/product\/728734","targetHints":{"allow":["GET"]}}],"collection":[{"href":"https:\/\/roveyayinevi.com.tr\/index.php\/wp-json\/wp\/v2\/product"}],"about":[{"href":"https:\/\/roveyayinevi.com.tr\/index.php\/wp-json\/wp\/v2\/types\/product"}],"wp:attachment":[{"href":"https:\/\/roveyayinevi.com.tr\/index.php\/wp-json\/wp\/v2\/media?parent=728734"}],"wp:term":[{"taxonomy":"product_brand","embeddable":true,"href":"https:\/\/roveyayinevi.com.tr\/index.php\/wp-json\/wp\/v2\/product_brand?post=728734"},{"taxonomy":"product_cat","embeddable":true,"href":"https:\/\/roveyayinevi.com.tr\/index.php\/wp-json\/wp\/v2\/product_cat?post=728734"},{"taxonomy":"product_tag","embeddable":true,"href":"https:\/\/roveyayinevi.com.tr\/index.php\/wp-json\/wp\/v2\/product_tag?post=728734"}],"curies":[{"name":"wp","href":"https:\/\/api.w.org\/{rel}","templated":true}]}}