{"id":728729,"date":"2025-08-27T20:44:10","date_gmt":"2025-08-27T17:44:10","guid":{"rendered":"https:\/\/roveyayinevi.com.tr\/index.php\/urun\/saskin-lili-ve-doktor-ziyareti\/"},"modified":"2026-04-16T02:36:36","modified_gmt":"2026-04-15T23:36:36","slug":"saskin-lili-ve-doktor-ziyareti","status":"publish","type":"product","link":"https:\/\/roveyayinevi.com.tr\/index.php\/urun\/saskin-lili-ve-doktor-ziyareti\/","title":{"rendered":"\u015ea\u015fk\u0131n Lili ve Doktor Ziyareti"},"content":{"rendered":"<p>Lili \u015fefkat dolu, d\u00fczenli ve hi\u00e7bir \u015feyden korkmuyor!Lili ve babas\u0131 doktora gidecekler. Oyun oynarken doktor olmay\u0131 ve ay\u0131c\u0131\u011f\u0131n\u0131 muayene etmeyi \u00e7ok seven Lili, ger\u00e7ek bir doktorun neler yapt\u0131\u011f\u0131n\u0131 g\u00f6rece\u011fi i\u00e7in \u00e7ok heyecanl\u0131! Gelin g\u00f6r\u00fcn ki Lili doktorun i\u015fini yapmas\u0131na izin vermiyor. Neyse ki Lili ak\u0131ll\u0131 bir \u00e7ocuk. Bazen yaramazl\u0131k yapsa da, sonunda her zaman do\u011fru olan\u0131 yap\u0131yor!<\/p>\n","protected":false},"excerpt":{"rendered":"<p>Lili \u015fefkat dolu, d\u00fczenli ve hi\u00e7bir \u015feyden korkmuyor!Lili ve babas\u0131 doktora gidecekler. Oyun oynarken doktor olmay\u0131 ve ay\u0131c\u0131\u011f\u0131n\u0131 muayene etmeyi \u00e7ok seven Lili, ger\u00e7ek bir doktorun<span class=\"excerpt-hellip\"> [\u2026]<\/span><\/p>\n","protected":false},"featured_media":0,"template":"","meta":{"_monsterinsights_skip_tracking":false,"_monsterinsights_sitenote_active":false,"_monsterinsights_sitenote_note":"","_monsterinsights_sitenote_category":0},"product_brand":[],"product_cat":[12274,12518],"product_tag":[],"class_list":{"0":"post-728729","1":"product","2":"type-product","3":"status-publish","5":"product_cat-cocuk-ve-genclik-kitaplari","6":"product_cat-okul-oncesi-kitaplar","7":"pa_cilt-ciltsiz","8":"pa_tur-kitap","9":"pa_yayinevi-is-bankasi-kultur-yayinlari","10":"pa_yazar-jedda-robaard","12":"first","13":"instock","14":"sale","15":"shipping-taxable","16":"purchasable","17":"product-type-simple"},"_links":{"self":[{"href":"https:\/\/roveyayinevi.com.tr\/index.php\/wp-json\/wp\/v2\/product\/728729","targetHints":{"allow":["GET"]}}],"collection":[{"href":"https:\/\/roveyayinevi.com.tr\/index.php\/wp-json\/wp\/v2\/product"}],"about":[{"href":"https:\/\/roveyayinevi.com.tr\/index.php\/wp-json\/wp\/v2\/types\/product"}],"wp:attachment":[{"href":"https:\/\/roveyayinevi.com.tr\/index.php\/wp-json\/wp\/v2\/media?parent=728729"}],"wp:term":[{"taxonomy":"product_brand","embeddable":true,"href":"https:\/\/roveyayinevi.com.tr\/index.php\/wp-json\/wp\/v2\/product_brand?post=728729"},{"taxonomy":"product_cat","embeddable":true,"href":"https:\/\/roveyayinevi.com.tr\/index.php\/wp-json\/wp\/v2\/product_cat?post=728729"},{"taxonomy":"product_tag","embeddable":true,"href":"https:\/\/roveyayinevi.com.tr\/index.php\/wp-json\/wp\/v2\/product_tag?post=728729"}],"curies":[{"name":"wp","href":"https:\/\/api.w.org\/{rel}","templated":true}]}}