{"id":728727,"date":"2025-08-27T20:44:07","date_gmt":"2025-08-27T17:44:07","guid":{"rendered":"https:\/\/roveyayinevi.com.tr\/index.php\/urun\/alinin-muthis-deneyleri-firlatma\/"},"modified":"2026-04-16T02:36:36","modified_gmt":"2026-04-15T23:36:36","slug":"alinin-muthis-deneyleri-firlatma","status":"publish","type":"product","link":"https:\/\/roveyayinevi.com.tr\/index.php\/urun\/alinin-muthis-deneyleri-firlatma\/","title":{"rendered":"Ali\u2019nin M\u00fcthi\u015f Deneyleri &#8211; F\u0131rlatma!"},"content":{"rendered":"<p>Harika bir grupB\u00fcy\u00fck bir fikirBol miktarda balon, \u015fekerleme, pireli bir k\u00f6pek, manc\u0131n\u0131k ve bir \u015fi\u015fe roketi ekle. \u015eimdi F\u0131rlat! F\u0131rlatma!(Etraf biraz da\u011f\u0131labilir!<\/p>\n","protected":false},"excerpt":{"rendered":"<p>Harika bir grupB\u00fcy\u00fck bir fikirBol miktarda balon, \u015fekerleme, pireli bir k\u00f6pek, manc\u0131n\u0131k ve bir \u015fi\u015fe roketi ekle. \u015eimdi F\u0131rlat! F\u0131rlatma!(Etraf biraz da\u011f\u0131labilir!<\/p>\n","protected":false},"featured_media":0,"template":"","meta":{"_monsterinsights_skip_tracking":false,"_monsterinsights_sitenote_active":false,"_monsterinsights_sitenote_note":"","_monsterinsights_sitenote_category":0},"product_brand":[],"product_cat":[12274,12284],"product_tag":[],"class_list":{"0":"post-728727","1":"product","2":"type-product","3":"status-publish","5":"product_cat-cocuk-ve-genclik-kitaplari","6":"product_cat-hikayeler","7":"pa_cilt-ciltsiz","8":"pa_tur-kitap","9":"pa_yayinevi-is-bankasi-kultur-yayinlari","10":"pa_yazar-jane-clarke","12":"first","13":"instock","14":"sale","15":"shipping-taxable","16":"purchasable","17":"product-type-simple"},"_links":{"self":[{"href":"https:\/\/roveyayinevi.com.tr\/index.php\/wp-json\/wp\/v2\/product\/728727","targetHints":{"allow":["GET"]}}],"collection":[{"href":"https:\/\/roveyayinevi.com.tr\/index.php\/wp-json\/wp\/v2\/product"}],"about":[{"href":"https:\/\/roveyayinevi.com.tr\/index.php\/wp-json\/wp\/v2\/types\/product"}],"wp:attachment":[{"href":"https:\/\/roveyayinevi.com.tr\/index.php\/wp-json\/wp\/v2\/media?parent=728727"}],"wp:term":[{"taxonomy":"product_brand","embeddable":true,"href":"https:\/\/roveyayinevi.com.tr\/index.php\/wp-json\/wp\/v2\/product_brand?post=728727"},{"taxonomy":"product_cat","embeddable":true,"href":"https:\/\/roveyayinevi.com.tr\/index.php\/wp-json\/wp\/v2\/product_cat?post=728727"},{"taxonomy":"product_tag","embeddable":true,"href":"https:\/\/roveyayinevi.com.tr\/index.php\/wp-json\/wp\/v2\/product_tag?post=728727"}],"curies":[{"name":"wp","href":"https:\/\/api.w.org\/{rel}","templated":true}]}}