{"id":728725,"date":"2025-08-27T20:44:06","date_gmt":"2025-08-27T17:44:06","guid":{"rendered":"https:\/\/roveyayinevi.com.tr\/index.php\/urun\/imparatorluklar-arasi-turkler-1856-1914\/"},"modified":"2026-04-16T02:36:36","modified_gmt":"2026-04-15T23:36:36","slug":"imparatorluklar-arasi-turkler-1856-1914","status":"publish","type":"product","link":"https:\/\/roveyayinevi.com.tr\/index.php\/urun\/imparatorluklar-arasi-turkler-1856-1914\/","title":{"rendered":"\u0130mparatorluklar Aras\u0131 T\u00fcrkler (1856-1914)"},"content":{"rendered":"<p>\u201c\u0130mparatorluklar Aras\u0131 T\u00fcrkler, Rus\u00e7a, Osmanl\u0131ca, Tatarca ve Azerice ar\u015fivlerden, s\u00fcreli yay\u0131nlardan, an\u0131lardan ve di\u011fer belgelerden derlenmi\u015f \u00e7ok zengin bir bilgi k\u00fclliyat\u0131 sunuyor\u2026Bunun sonucu olarak, Meyer\u2019in anlat\u0131s\u0131 bir\u00e7ok bo\u015flu\u011fu doldurdu\u011fu gibi, Osmanl\u0131 sonu\/Romanovlar sonu d\u00f6nemi hakk\u0131ndaki, bu \u00e7a\u011fda hem kendi kimliklerini hem de daha geni\u015f T\u00fcrki kimlikleri \u015fekillendiren T\u00fcrkler hakk\u0131ndaki giderek geni\u015fleyen literat\u00fcre \u00e7ok g\u00fczel bir katk\u0131 yap\u0131yor.\u201dMiddle East StudiesOsmanl\u0131 \u0130mparatorlu\u011fu\u2019nun son d\u00f6neminde, 19. y\u00fczy\u0131l sonu ile 20. y\u00fczy\u0131l ba\u015f\u0131nda, \u00f6zellikle de \u0130ttihat ve Terakki \u0130stanbul\u2019unda siyasi ve k\u00fclt\u00fcrel ya\u015fam\u0131n \u00f6nemli \u00e7ekim merkezlerinden biri Pan-T\u00fcrk\u00e7\u00fcler ve T\u00fcrk Yurdu dergisi \u00e7evresiydi. \u0130mparatorluklar Aras\u0131 T\u00fcrkler. Osmanl\u0131-Rus S\u0131n\u0131r Boylar\u0131nda M\u00fcsl\u00fcman Kimli\u011fi Pazarlama Stratejisi (1856-1914) bu \u00e7evrenin hik\u00e2yesini, imparatorluklar aras\u0131 daha geni\u015f bir ba\u011flama oturtarak anlat\u0131yor. James H. Meyer, T\u00fcrk milliyet\u00e7ili\u011finin de kurucular\u0131 aras\u0131nda say\u0131lan Yusuf Ak\u00e7ura, \u0130smail Gasprinskiy ve Ahmet A\u011fao\u011flu\u2019nun \u00c7arl\u0131k Rusyas\u0131 ve Osmanl\u0131 \u0130mparatorlu\u011fu\u2019ndaki d\u00fcnyalar\u0131n\u0131 mercek alt\u0131na al\u0131rken, e\u015fmerkezli \u00fc\u00e7 \u00e7evreye odaklan\u0131yor: En i\u00e7erideki \u00e7emberde T\u00fcrk Yurdu var; bir sonraki daha geni\u015f \u00e7emberde, Rusya ta\u015fras\u0131nda e\u011fitim reformu i\u00e7in idareyle oldu\u011fu kadar kendi cemaatleri i\u00e7inde de m\u00fccadele veren \u201cusul-i cedid\u201d taraftarlar\u0131 yer al\u0131yor; en geni\u015f \u00fc\u00e7\u00fcnc\u00fc \u00e7ember ise, \u201cimparatorluklar aras\u0131 M\u00fcsl\u00fcmanlar\u201ddan, yani imparatorluklar aras\u0131nda gidip gelen, k\u00e2h birinde k\u00e2h di\u011ferinde ya\u015fayan t\u00fcccarlar, hac\u0131lar, m\u00fclteciler ve say\u0131s\u0131z M\u00fcsl\u00fcmandan olu\u015fuyor.James H. Meyer, Ak\u00e7ura ve arkada\u015flar\u0131n\u0131n  bu imparatorluklar aras\u0131 cemaatin de ayr\u0131lmaz bir par\u00e7as\u0131 olduklar\u0131n\u0131 savunurken, ar\u015fivlerden ki\u015fisel mektuplara kadar geni\u015f bir belge yelpazesinden yararlan\u0131yor.<\/p>\n","protected":false},"excerpt":{"rendered":"<p>\u201c\u0130mparatorluklar Aras\u0131 T\u00fcrkler, Rus\u00e7a, Osmanl\u0131ca, Tatarca ve Azerice ar\u015fivlerden, s\u00fcreli yay\u0131nlardan, an\u0131lardan ve di\u011fer belgelerden derlenmi\u015f \u00e7ok zengin bir bilgi k\u00fclliyat\u0131 sunuyor\u2026Bunun sonucu olarak, Meyer\u2019in anlat\u0131s\u0131<span class=\"excerpt-hellip\"> [\u2026]<\/span><\/p>\n","protected":false},"featured_media":0,"template":"","meta":{"_monsterinsights_skip_tracking":false,"_monsterinsights_sitenote_active":false,"_monsterinsights_sitenote_note":"","_monsterinsights_sitenote_category":0},"product_brand":[],"product_cat":[12312,12304],"product_tag":[],"class_list":{"0":"post-728725","1":"product","2":"type-product","3":"status-publish","5":"product_cat-diger","6":"product_cat-tarih","7":"pa_cilt-ciltsiz","8":"pa_tur-kitap","9":"pa_yayinevi-is-bankasi-kultur-yayinlari","10":"pa_yazar-james-h-meyer","12":"first","13":"instock","14":"sale","15":"shipping-taxable","16":"purchasable","17":"product-type-simple"},"_links":{"self":[{"href":"https:\/\/roveyayinevi.com.tr\/index.php\/wp-json\/wp\/v2\/product\/728725","targetHints":{"allow":["GET"]}}],"collection":[{"href":"https:\/\/roveyayinevi.com.tr\/index.php\/wp-json\/wp\/v2\/product"}],"about":[{"href":"https:\/\/roveyayinevi.com.tr\/index.php\/wp-json\/wp\/v2\/types\/product"}],"wp:attachment":[{"href":"https:\/\/roveyayinevi.com.tr\/index.php\/wp-json\/wp\/v2\/media?parent=728725"}],"wp:term":[{"taxonomy":"product_brand","embeddable":true,"href":"https:\/\/roveyayinevi.com.tr\/index.php\/wp-json\/wp\/v2\/product_brand?post=728725"},{"taxonomy":"product_cat","embeddable":true,"href":"https:\/\/roveyayinevi.com.tr\/index.php\/wp-json\/wp\/v2\/product_cat?post=728725"},{"taxonomy":"product_tag","embeddable":true,"href":"https:\/\/roveyayinevi.com.tr\/index.php\/wp-json\/wp\/v2\/product_tag?post=728725"}],"curies":[{"name":"wp","href":"https:\/\/api.w.org\/{rel}","templated":true}]}}