{"id":728719,"date":"2025-08-27T20:44:00","date_gmt":"2025-08-27T17:44:00","guid":{"rendered":"https:\/\/roveyayinevi.com.tr\/index.php\/urun\/eglencelerin-sirri\/"},"modified":"2026-04-16T02:36:36","modified_gmt":"2026-04-15T23:36:36","slug":"eglencelerin-sirri","status":"publish","type":"product","link":"https:\/\/roveyayinevi.com.tr\/index.php\/urun\/eglencelerin-sirri\/","title":{"rendered":"E\u011flencelerin S\u0131rr\u0131"},"content":{"rendered":"<p>\u201cBu da pek cesurca say\u0131lmaz. Tabanlar\u0131 ya\u011flamak&#8230; Do\u011frusunu istersen, tahmin ediyorsundur zaten, ben de hi\u00e7 cesaret edemedim. F\u0131rt\u0131nalar! Konga! Sen san\u0131yor musun ki o adam&#8230; En iyi ihtimali se\u00e7iyorum&#8230; Babam\u0131 hi\u00e7bir zaman tan\u0131yamayaca\u011f\u0131m, sen de beni tan\u0131yamayacaks\u0131n, bu hep b\u00f6yle gidecek, pe\u015f pe\u015fe, s\u0131rayla. Kendimi su\u00e7lamaya devam m\u0131 etmeliyim? Asl\u0131nda her \u015fey i\u00e7meye devam etmek i\u00e7in, \u00e2leme devam etmek i\u00e7in, b\u00f6yle ya\u015famaya devam etmek i\u00e7in mazeret oldu diye kendimi su\u00e7lamam m\u0131 gerekiyor?\u201dFrancisco Casavella\u2019n\u0131n T\u00fcrk\u00e7edeki ilk roman\u0131 E\u011flencelerin S\u0131rr\u0131, yakla\u015f\u0131k k\u0131rk y\u0131l s\u00fcren Franco diktat\u00f6rl\u00fc\u011f\u00fcn\u00fcn ard\u0131ndan gelen ge\u00e7i\u015f d\u00f6neminde, 1980\u2019ler \u0130spanyas\u0131\u2019nda ge\u00e7iyor. Siyasi hesapla\u015fmas\u0131n\u0131 yapmak yerine ge\u00e7mi\u015fini unutmaya \u00e7al\u0131\u015fan, h\u0131zla \u201cmodern d\u00fcnya\u201dya yeti\u015fmek isteyen toplumun savrulu\u015flar\u0131na on be\u015f ya\u015f\u0131ndaki bir gencin g\u00f6z\u00fcnden tan\u0131k oluyoruz: Ta\u015frada ba\u015flay\u0131p Barcelona\u2019da h\u0131z\u0131n\u0131 alan romanda ku\u015fak \u00e7at\u0131\u015fmalar\u0131, hayat\u0131n anlam\u0131, evden ka\u00e7\u0131\u015flar, ilk a\u015fklar, hayal k\u0131r\u0131kl\u0131klar\u0131, tilt makinalar\u0131, t\u00fcrl\u00fc acayiplikler, hahadamlar-hahkad\u0131nlar, yalanlar, ger\u00e7ekler var&#8230; tekmili birden 20 b\u00f6l\u00fcmde.<\/p>\n","protected":false},"excerpt":{"rendered":"<p>\u201cBu da pek cesurca say\u0131lmaz. Tabanlar\u0131 ya\u011flamak&#8230; Do\u011frusunu istersen, tahmin ediyorsundur zaten, ben de hi\u00e7 cesaret edemedim. F\u0131rt\u0131nalar! Konga! Sen san\u0131yor musun ki o adam&#8230; En<span class=\"excerpt-hellip\"> [\u2026]<\/span><\/p>\n","protected":false},"featured_media":0,"template":"","meta":{"_monsterinsights_skip_tracking":false,"_monsterinsights_sitenote_active":false,"_monsterinsights_sitenote_note":"","_monsterinsights_sitenote_category":0},"product_brand":[],"product_cat":[12291,12711],"product_tag":[],"class_list":{"0":"post-728719","1":"product","2":"type-product","3":"status-publish","5":"product_cat-edebiyat","6":"product_cat-roman-oyku","7":"pa_cilt-ciltsiz","8":"pa_tur-kitap","9":"pa_yayinevi-metis-yayinlari","10":"pa_yazar-francisco-casavella","12":"first","13":"instock","14":"sale","15":"shipping-taxable","16":"purchasable","17":"product-type-simple"},"_links":{"self":[{"href":"https:\/\/roveyayinevi.com.tr\/index.php\/wp-json\/wp\/v2\/product\/728719","targetHints":{"allow":["GET"]}}],"collection":[{"href":"https:\/\/roveyayinevi.com.tr\/index.php\/wp-json\/wp\/v2\/product"}],"about":[{"href":"https:\/\/roveyayinevi.com.tr\/index.php\/wp-json\/wp\/v2\/types\/product"}],"wp:attachment":[{"href":"https:\/\/roveyayinevi.com.tr\/index.php\/wp-json\/wp\/v2\/media?parent=728719"}],"wp:term":[{"taxonomy":"product_brand","embeddable":true,"href":"https:\/\/roveyayinevi.com.tr\/index.php\/wp-json\/wp\/v2\/product_brand?post=728719"},{"taxonomy":"product_cat","embeddable":true,"href":"https:\/\/roveyayinevi.com.tr\/index.php\/wp-json\/wp\/v2\/product_cat?post=728719"},{"taxonomy":"product_tag","embeddable":true,"href":"https:\/\/roveyayinevi.com.tr\/index.php\/wp-json\/wp\/v2\/product_tag?post=728719"}],"curies":[{"name":"wp","href":"https:\/\/api.w.org\/{rel}","templated":true}]}}