{"id":728717,"date":"2025-08-27T20:43:58","date_gmt":"2025-08-27T17:43:58","guid":{"rendered":"https:\/\/roveyayinevi.com.tr\/index.php\/urun\/icten-ice\/"},"modified":"2026-04-16T02:36:36","modified_gmt":"2026-04-15T23:36:36","slug":"icten-ice","status":"publish","type":"product","link":"https:\/\/roveyayinevi.com.tr\/index.php\/urun\/icten-ice\/","title":{"rendered":"&#8216;\u0130\u00e7&#8217;ten &#8216;\u0130\u00e7&#8217;e"},"content":{"rendered":"<p>\u2018\u0130\u00e7ten \u0130\u00e7e\u2019; Mimarl\u0131kta \u2018\u0130\u00e7\u2019 Meselesinin Ekonomi-Politik Ser\u00fcveni, mimarl\u0131kla i\u00e7 mimarl\u0131\u011f\u0131n ayr\u0131\u015fma s\u00fcrecini ele al\u0131rken, bu ayr\u0131\u015fman\u0131n tarihsel k\u00f6kenlerini, nirengi noktalar\u0131n\u0131 ve dayanaklar\u0131n\u0131 ortaya koymak \u00fczere yola \u00e7\u0131k\u0131yor.Murat \u00c7etin, mimarl\u0131k alan\u0131n\u0131n i\u00e7 mimarl\u0131\u011f\u0131 nas\u0131l alg\u0131layageldi\u011fini, bu \u00e7o\u011fu kez k\u00fc\u00e7\u00fcmseyici alg\u0131lay\u0131\u015f\u0131n tarihte yava\u015f\u00e7a nas\u0131l ortaya \u00e7\u0131kt\u0131\u011f\u0131n\u0131, esasen politik bir okuma \u00fczerinden ve farkl\u0131 disiplinlerle ba\u011flant\u0131lar kurarak inceliyor. \u0130nsanl\u0131\u011f\u0131n yery\u00fcz\u00fcnde varolu\u015fu, insanl\u0131\u011f\u0131n biyolojik evrimi, yerle\u015fme tarihi, teknoloji, sanat, ekonomi ve siyaset tarihi gibi alanlarla ili\u015fkilendirilen mimarl\u0131k ve i\u00e7 mimarl\u0131k aras\u0131ndaki ayr\u0131\u015fma s\u00fcreci, kapitalizmin etkisiyle ciddi bir yar\u0131lma evresine ula\u015fm\u0131\u015ft\u0131r.Elinizdeki kitap, bu ayr\u0131\u015fman\u0131n ula\u015ft\u0131\u011f\u0131 boyutu, sava\u015f kuramlar\u0131yla ili\u015fkilendirerek a\u00e7\u0131klamaya \u00e7al\u0131\u015f\u0131rken, medya ve teknolojinin bu kutupla\u015fmada ve bu yar\u0131lman\u0131n kamuoyundaki alg\u0131s\u0131n\u0131n \u015fekillendirilmesinde oynad\u0131\u011f\u0131 rolleri analiz ediyor.Mimarl\u0131k teorisini y\u00f6nlendiren felsefi ak\u0131mlar\u0131n bu k\u00fcresel politik ajandadaki rol\u00fc, bunun mimar ve i\u00e7 mimarlar\u0131n g\u00fcndelik pratiklerine, mesleki \u00f6rg\u00fctlenmelerine, e\u011fitim sistemlerine ve kurumsalla\u015fmas\u0131na nas\u0131l yans\u0131d\u0131\u011f\u0131 kitab\u0131n temel inceleme noktalar\u0131 aras\u0131nda yer al\u0131yor.\u201c\u0130\u00e7 mimar m\u0131s\u0131n, d\u0131\u015f m\u0131?\u201d sorusu \u00fczerinden karikat\u00fcrize edilme e\u011filimine maruz b\u0131rak\u0131lan i\u00e7 mimarl\u0131k alan\u0131n\u0131n ge\u00e7irdi\u011fi bu tarihsel s\u00fcre\u00e7te, vaktiyle bir b\u00fct\u00fcn olan mimarl\u0131k-i\u00e7 mimarl\u0131k \u00e7iftinin d\u0131\u015f etkenlerle y\u0131k\u0131lmaya ve d\u00fc\u015fmanla\u015fmaya do\u011fru s\u00fcr\u00fcklenen kadim birlikteli\u011fi, bir anlamda \u00f6yk\u00fcle\u015ftirilerek ele al\u0131n\u0131yor ve bu ayr\u0131\u015fman\u0131n gelece\u011fine dair \u00f6nerilerde bulunuluyor.<\/p>\n","protected":false},"excerpt":{"rendered":"<p>\u2018\u0130\u00e7ten \u0130\u00e7e\u2019; Mimarl\u0131kta \u2018\u0130\u00e7\u2019 Meselesinin Ekonomi-Politik Ser\u00fcveni, mimarl\u0131kla i\u00e7 mimarl\u0131\u011f\u0131n ayr\u0131\u015fma s\u00fcrecini ele al\u0131rken, bu ayr\u0131\u015fman\u0131n tarihsel k\u00f6kenlerini, nirengi noktalar\u0131n\u0131 ve dayanaklar\u0131n\u0131 ortaya koymak \u00fczere yola<span class=\"excerpt-hellip\"> [\u2026]<\/span><\/p>\n","protected":false},"featured_media":0,"template":"","meta":{"_monsterinsights_skip_tracking":false,"_monsterinsights_sitenote_active":false,"_monsterinsights_sitenote_note":"","_monsterinsights_sitenote_category":0},"product_brand":[],"product_cat":[12337,14706],"product_tag":[],"class_list":{"0":"post-728717","1":"product","2":"type-product","3":"status-publish","5":"product_cat-politika-siyaset","6":"product_cat-siyaset-bilimi","7":"pa_cilt-ciltsiz","8":"pa_tur-kitap","9":"pa_yayinevi-nika-yayinevi","10":"pa_yazar-murat-cetin","12":"first","13":"instock","14":"sale","15":"shipping-taxable","16":"purchasable","17":"product-type-simple"},"_links":{"self":[{"href":"https:\/\/roveyayinevi.com.tr\/index.php\/wp-json\/wp\/v2\/product\/728717","targetHints":{"allow":["GET"]}}],"collection":[{"href":"https:\/\/roveyayinevi.com.tr\/index.php\/wp-json\/wp\/v2\/product"}],"about":[{"href":"https:\/\/roveyayinevi.com.tr\/index.php\/wp-json\/wp\/v2\/types\/product"}],"wp:attachment":[{"href":"https:\/\/roveyayinevi.com.tr\/index.php\/wp-json\/wp\/v2\/media?parent=728717"}],"wp:term":[{"taxonomy":"product_brand","embeddable":true,"href":"https:\/\/roveyayinevi.com.tr\/index.php\/wp-json\/wp\/v2\/product_brand?post=728717"},{"taxonomy":"product_cat","embeddable":true,"href":"https:\/\/roveyayinevi.com.tr\/index.php\/wp-json\/wp\/v2\/product_cat?post=728717"},{"taxonomy":"product_tag","embeddable":true,"href":"https:\/\/roveyayinevi.com.tr\/index.php\/wp-json\/wp\/v2\/product_tag?post=728717"}],"curies":[{"name":"wp","href":"https:\/\/api.w.org\/{rel}","templated":true}]}}